 

{"id":3422,"date":"2006-04-07T11:40:20","date_gmt":"2006-04-07T08:40:20","guid":{"rendered":"https:\/\/kauppa.ursa.fi\/kauppa\/tuote\/tiedetta-kaikille-matematiikka\/"},"modified":"2017-04-25T10:59:49","modified_gmt":"2017-04-25T07:59:49","slug":"tiedetta-kaikille-matematiikka","status":"publish","type":"product","link":"https:\/\/kauppa.ursa.fi\/kauppa\/tuote\/tiedetta-kaikille-matematiikka\/","title":{"rendered":"Tiedett\u00e4 kaikille: Matematiikka"},"content":{"rendered":"<p>Matematiikka on saanut alkunsa k\u00e4yt\u00e4nn\u00f6n ongelmien tutkimisesta, mutta sit\u00e4 on ryhdytty tutkimaan my\u00f6s pelk\u00e4st\u00e4\u00e4n sen itsens\u00e4 vuoksi. Matematiikan tutkimuksen voikin sanoa olevan l\u00e4hinn\u00e4 luovaa ajattelua. Todellisuus ei kahlitse matemaatikkoa, vaan h\u00e4n voi taiteilijan tavoin luoda vapaasti sellaisia maailmoja kuin ikin\u00e4 haluaa.<\/p>\n<p>Kirja ei ole oppikirja, mutta se antaa taustaa koulussa opittavalle matematiikalle. Kirjassa kerrotaan siit\u00e4, millaisille haarautuville ja riste\u00e4ville poluille perusasioiden yleist\u00e4minen voi johtaa, samoin kuvataan my\u00f6s joitakin eksoottisempia matematiikan aloja. Kirja sis\u00e4lt\u00e4\u00e4 kaavoja, mutta niit\u00e4 ei pid\u00e4 pel\u00e4sty\u00e4, sill\u00e4 kirjassa selitet\u00e4\u00e4n, mit\u00e4 ne oikein tarkoittavat. Samalla kaavat toimivat sied\u00e4tyshoitona matematiikka-allergiaa vastaan.<\/p>\n<p><a href=\"\/fileadmin\/ursa2010\/kuvat\/kirjakauppa\/tk_matematiikka.pdf\" target=\"_blank\"><br \/>\n<img decoding=\"async\" src=\"\/fileadmin\/ursa2010\/kuvat\/kirjakauppa\/tk_matematiikka.jpg\" alt=\"\" border=\"0\" \/><\/a><\/p>\n<h4><a href=\"\/fileadmin\/ursa2010\/kuvat\/kirjakauppa\/tk_matematiikka.pdf\" target=\"_blank\">Lue ote kirjasta!<\/a><\/h4>\n<p>Sis\u00e4lt\u00f6:<\/p>\n<p>1 Matemaattinen p\u00e4\u00e4ttely<br \/>\n2 Lukujen matematiikkaa<br \/>\n3 Matematiikan salakieli<br \/>\n4 Joukkojen matematiikkaa<br \/>\n5 \u00c4\u00e4rett\u00f6myys<br \/>\n6 Muotojen matematiikkaa<br \/>\n7 Algebra, laskus\u00e4\u00e4nt\u00f6jen matematiikka<br \/>\n8 Muutoksen matematiikkaa<br \/>\n9 Toden ja ep\u00e4toden matematiikkaa<br \/>\n10 Sattuman matematiikkaa<br \/>\n11 Matematiikan apuv\u00e4lineet<br \/>\n12 Inversio-ongelmat<br \/>\n13 Ajanvietematematiikka<br \/>\n14 Matematiikan perusteiden koulukuntia<\/p>\n<p><a href=\"http:\/\/www.ursa.fi\/kirjat\/korjauksia\/tiedetta_kaikille_matematiikka.html\" target=\"_blank\">Korjauksia kirjaan<\/a><\/p>\n","protected":false},"excerpt":{"rendered":"<p>Matematiikka on saanut alkunsa k\u00e4yt\u00e4nn\u00f6n ongelmien tutkimisesta, mutta sit\u00e4 on ryhdytty tutkimaan my\u00f6s pelk\u00e4st\u00e4\u00e4n sen itsens\u00e4 vuoksi. Matematiikan tutkimuksen voikin sanoa olevan l\u00e4hinn\u00e4 luovaa ajattelua. Todellisuus ei kahlitse matemaatikkoa, vaan [&hellip;]<\/p>\n","protected":false},"featured_media":4652,"comment_status":"open","ping_status":"closed","template":"","meta":[],"product_brand":[],"product_cat":[1574,10],"product_tag":[],"class_list":{"0":"post-3422","1":"product","2":"type-product","3":"status-publish","4":"has-post-thumbnail","6":"product_cat-lapsille","7":"product_cat-muut-tietokirjat","8":"product_shipping_class-kirjakauppa","9":"pa_hintavaihtoehdot-jasenhinta","10":"pa_hintavaihtoehdot-suositushinta","11":"pa_isbn-2018","12":"pa_sidontamalli-nid","13":"pa_sivumaara-593","14":"pa_tekija-hannu-karttunen","16":"first","17":"instock","18":"taxable","19":"shipping-taxable","20":"purchasable","21":"product-type-variable","22":"has-default-attributes"},"exclude_global_add_ons":[],"addons":[],"_links":{"self":[{"href":"https:\/\/kauppa.ursa.fi\/kauppa\/wp-json\/wp\/v2\/product\/3422","targetHints":{"allow":["GET"]}}],"collection":[{"href":"https:\/\/kauppa.ursa.fi\/kauppa\/wp-json\/wp\/v2\/product"}],"about":[{"href":"https:\/\/kauppa.ursa.fi\/kauppa\/wp-json\/wp\/v2\/types\/product"}],"replies":[{"embeddable":true,"href":"https:\/\/kauppa.ursa.fi\/kauppa\/wp-json\/wp\/v2\/comments?post=3422"}],"wp:featuredmedia":[{"embeddable":true,"href":"https:\/\/kauppa.ursa.fi\/kauppa\/wp-json\/wp\/v2\/media\/4652"}],"wp:attachment":[{"href":"https:\/\/kauppa.ursa.fi\/kauppa\/wp-json\/wp\/v2\/media?parent=3422"}],"wp:term":[{"taxonomy":"product_brand","embeddable":true,"href":"https:\/\/kauppa.ursa.fi\/kauppa\/wp-json\/wp\/v2\/product_brand?post=3422"},{"taxonomy":"product_cat","embeddable":true,"href":"https:\/\/kauppa.ursa.fi\/kauppa\/wp-json\/wp\/v2\/product_cat?post=3422"},{"taxonomy":"product_tag","embeddable":true,"href":"https:\/\/kauppa.ursa.fi\/kauppa\/wp-json\/wp\/v2\/product_tag?post=3422"}],"curies":[{"name":"wp","href":"https:\/\/api.w.org\/{rel}","templated":true}]}}