 

{"id":3435,"date":"2006-11-20T11:12:04","date_gmt":"2006-11-20T09:12:04","guid":{"rendered":"https:\/\/kauppa.ursa.fi\/kauppa\/tuote\/avaruussaa\/"},"modified":"2017-04-25T09:41:38","modified_gmt":"2017-04-25T06:41:38","slug":"avaruussaa","status":"publish","type":"product","link":"https:\/\/kauppa.ursa.fi\/kauppa\/tuote\/avaruussaa\/","title":{"rendered":"Avaruuss\u00e4\u00e4"},"content":{"rendered":"<p>Avaruuss\u00e4\u00e4 laajentaa tuttua s\u00e4\u00e4k\u00e4sitett\u00e4. Avaruuss\u00e4\u00e4n ilmi\u00f6t tapahtuvat yli sadan kilometrin korkeudella maapallon ilmakeh\u00e4n ylimmiss\u00e4 kerroksissa, joita s\u00e4\u00e4telev\u00e4t s\u00e4hk\u00f6iset ja magneettiset voimat. Auringosta tulevat hiukkaset ja s\u00e4teilypurkaukset muuttavat avaruuss\u00e4\u00e4t\u00e4. Kun Auringon s\u00e4teilyaktiivisuus kasvaa, avaruuss\u00e4\u00e4h\u00e4n tulee h\u00e4iri\u00f6it\u00e4 ja myrskyj\u00e4. My\u00f6s tutut revontulet syntyv\u00e4t avaruuss\u00e4\u00e4n muutoksista.<\/p>\n<p>Avaruuss\u00e4\u00e4st\u00e4 on haittaakin. Satelliitit voivat jopa tuhoutua \u00e4\u00e4rimm\u00e4isiss\u00e4 avaruuss\u00e4\u00e4myrskyiss\u00e4. My\u00f6s satelliittipaikannusj\u00e4rjestelm\u00e4t, matkapuhelin- ja voimansiirtoverkot oireilevat avaruuss\u00e4\u00e4n ollessa myrskyis\u00e4. Suurin vahinko koettiin Kanadassa 1989, kun arviolta 6 miljoonaa ihmist\u00e4 oli vailla s\u00e4hk\u00f6\u00e4 yli 9 tuntia avaruuss\u00e4\u00e4myrskyn seurauksena.<\/p>\n<p>Avaruuss\u00e4\u00e4 &#8211; Auringosta tuulee on ensimm\u00e4inen suomenkielinen aihetta k\u00e4sittelev\u00e4 teos.<\/p>\n<p>Kirjoittaja Heikki Nevanlinna on Ilmatieteen laitoksen tutkimusp\u00e4\u00e4llikk\u00f6 avaruus- ja yl\u00e4ilmakeh\u00e4n tutkimusohjelmassa.<\/p>\n<h4><a href=\"\/fileadmin\/ursa2010\/kuvat\/kirjakauppa\/avaruussaa.pdf\" target=\"_blank\"> Lue ote kirjasta!<\/a><\/h4>\n<p>Sis\u00e4lt\u00f6:<\/p>\n<p>1 Aurinko &#8211; Avaruuss\u00e4\u00e4ilmi\u00f6iden k\u00e4ynnist\u00e4j\u00e4<br \/>\n2 Avaruuss\u00e4\u00e4ilmi\u00f6it\u00e4 maapallolla<br \/>\n3 Avaruuss\u00e4\u00e4n haittavaikutuksia<br \/>\n4 Avaruuss\u00e4\u00e4n vaikutus maapallon s\u00e4\u00e4ilmi\u00f6ihin<\/p>\n<p><a href=\"https:\/\/www.ursa.fi\/kirjat\/korjauksia\/avaruussaa.html\" target=\"_blank\">Korjauksia kirjaan<\/a><\/p>\n","protected":false},"excerpt":{"rendered":"<p>Avaruuss\u00e4\u00e4 laajentaa tuttua s\u00e4\u00e4k\u00e4sitett\u00e4. Avaruuss\u00e4\u00e4n ilmi\u00f6t tapahtuvat yli sadan kilometrin korkeudella maapallon ilmakeh\u00e4n ylimmiss\u00e4 kerroksissa, joita s\u00e4\u00e4telev\u00e4t s\u00e4hk\u00f6iset ja magneettiset voimat. Auringosta tulevat hiukkaset ja s\u00e4teilypurkaukset muuttavat avaruuss\u00e4\u00e4t\u00e4. Kun Auringon [&hellip;]<\/p>\n","protected":false},"featured_media":4660,"comment_status":"open","ping_status":"closed","template":"","meta":[],"product_brand":[],"product_cat":[8],"product_tag":[],"class_list":{"0":"post-3435","1":"product","2":"type-product","3":"status-publish","4":"has-post-thumbnail","6":"product_cat-tahtitiede","7":"product_shipping_class-kirjakauppa","8":"pa_hintavaihtoehdot-jasenhinta","9":"pa_hintavaihtoehdot-suositushinta","10":"pa_isbn-2002","11":"pa_sivumaara-632","12":"pa_tekija-heikki-nevanlinna","14":"first","15":"instock","16":"taxable","17":"shipping-taxable","18":"purchasable","19":"product-type-variable","20":"has-default-attributes"},"exclude_global_add_ons":[],"addons":[],"_links":{"self":[{"href":"https:\/\/kauppa.ursa.fi\/kauppa\/wp-json\/wp\/v2\/product\/3435","targetHints":{"allow":["GET"]}}],"collection":[{"href":"https:\/\/kauppa.ursa.fi\/kauppa\/wp-json\/wp\/v2\/product"}],"about":[{"href":"https:\/\/kauppa.ursa.fi\/kauppa\/wp-json\/wp\/v2\/types\/product"}],"replies":[{"embeddable":true,"href":"https:\/\/kauppa.ursa.fi\/kauppa\/wp-json\/wp\/v2\/comments?post=3435"}],"wp:featuredmedia":[{"embeddable":true,"href":"https:\/\/kauppa.ursa.fi\/kauppa\/wp-json\/wp\/v2\/media\/4660"}],"wp:attachment":[{"href":"https:\/\/kauppa.ursa.fi\/kauppa\/wp-json\/wp\/v2\/media?parent=3435"}],"wp:term":[{"taxonomy":"product_brand","embeddable":true,"href":"https:\/\/kauppa.ursa.fi\/kauppa\/wp-json\/wp\/v2\/product_brand?post=3435"},{"taxonomy":"product_cat","embeddable":true,"href":"https:\/\/kauppa.ursa.fi\/kauppa\/wp-json\/wp\/v2\/product_cat?post=3435"},{"taxonomy":"product_tag","embeddable":true,"href":"https:\/\/kauppa.ursa.fi\/kauppa\/wp-json\/wp\/v2\/product_tag?post=3435"}],"curies":[{"name":"wp","href":"https:\/\/api.w.org\/{rel}","templated":true}]}}