 

{"id":3456,"date":"2007-08-16T15:24:40","date_gmt":"2007-08-16T12:24:40","guid":{"rendered":"https:\/\/kauppa.ursa.fi\/kauppa\/tuote\/tahtitaivas-paljain-silmin\/"},"modified":"2026-04-23T11:58:13","modified_gmt":"2026-04-23T08:58:13","slug":"tahtitaivas-paljain-silmin","status":"publish","type":"product","link":"https:\/\/kauppa.ursa.fi\/kauppa\/tuote\/tahtitaivas-paljain-silmin\/","title":{"rendered":"T\u00e4htitaivas paljain silmin"},"content":{"rendered":"<p class=\"p1\">T\u00e4htitaivaalta l\u00f6ytyy paljon n\u00e4ht\u00e4v\u00e4\u00e4 paljain silmin. Opi tunnistamaan t\u00e4hdist\u00f6j\u00e4, l\u00f6yd\u00e4 planeetat ja tarkkaile Kuun vaiheita. Kirjassa esitell\u00e4\u00e4n Suomesta paljain silmin n\u00e4kyv\u00e4t y\u00f6taivaan kohteet, my\u00f6s haasteellisia himmeit\u00e4 t\u00e4htijoukkoja ja galakseja.<\/p>\n<p class=\"p1\"><span class=\"s1\">T\u00e4htitaivas paljain silmin sis\u00e4lt\u00e4\u00e4 lukuisia etsint\u00e4karttoja, tietoa sopivista katselukohteista ja selke\u00e4t ohjeet niiden l\u00f6yt\u00e4miseksi. P\u00e4ivitetty opas t\u00e4htitaivaan katseluun ilman kiikaria tai kaukoputkea sopii mainiosti ensimm\u00e4iseksi oppaaksi t\u00e4htitaivaan alle.<\/span><\/p>\n<p class=\"p1\">Kirja perustuu tekij\u00f6iden vet\u00e4miin t\u00e4htitaivaskursseihin ja vuosikymmeni\u00e4 kest\u00e4neeseen t\u00e4htiharrastukseen. He ovat koonneet kokemuksensa ja vinkkins\u00e4 aloittelevalle ja kokeneemmallekin t\u00e4htitaivaan katselijalle.<\/p>\n<p>Sis\u00e4lt\u00f6:<\/p>\n<p>1 Johdannoksi<br \/>\n2 T\u00e4htitaivas eri vuodenaikoina<br \/>\n3 Ensimm\u00e4iset t\u00e4htikuviot<br \/>\n4 Uusia t\u00e4htikuvioita<br \/>\n5 Lis\u00e4\u00e4 t\u00e4htitaivaasta<br \/>\n6 T\u00e4hdet<br \/>\n7 Syv\u00e4 taivas<br \/>\n8 Kuu<br \/>\n9 Aurinko<br \/>\n10 Planeetat<br \/>\n11 Aurinkokunnan pienkappaleet<br \/>\n12 Muita taivaan valoja<br \/>\n13 Havaintov\u00e4lineet ja olosuhteet<\/p>\n","protected":false},"excerpt":{"rendered":"<p>Uusi painos t\u00e4htitaivaan katselijan perusoppaasta<\/p>\n","protected":false},"featured_media":34180,"comment_status":"open","ping_status":"closed","template":"","meta":[],"product_brand":[],"product_cat":[2344,2346,9],"product_tag":[],"class_list":{"0":"post-3456","1":"product","2":"type-product","3":"status-publish","4":"has-post-thumbnail","6":"product_cat-aloittelevalle-tahtiharrastajalle","7":"product_cat-avaruusfanille","8":"product_cat-harrastuskirjat","9":"product_shipping_class-kirjakauppa","10":"pa_hintavaihtoehdot-jasenhinta","11":"pa_hintavaihtoehdot-suositushinta","12":"pa_isbn-2156","13":"pa_sidontamalli-nid","14":"pa_sivumaara-675","15":"pa_tekija-manner-olli-ja-makela-veikko","17":"first","18":"instock","19":"taxable","20":"shipping-taxable","21":"purchasable","22":"product-type-variable","23":"has-default-attributes"},"exclude_global_add_ons":[],"addons":[],"_links":{"self":[{"href":"https:\/\/kauppa.ursa.fi\/kauppa\/wp-json\/wp\/v2\/product\/3456","targetHints":{"allow":["GET"]}}],"collection":[{"href":"https:\/\/kauppa.ursa.fi\/kauppa\/wp-json\/wp\/v2\/product"}],"about":[{"href":"https:\/\/kauppa.ursa.fi\/kauppa\/wp-json\/wp\/v2\/types\/product"}],"replies":[{"embeddable":true,"href":"https:\/\/kauppa.ursa.fi\/kauppa\/wp-json\/wp\/v2\/comments?post=3456"}],"wp:featuredmedia":[{"embeddable":true,"href":"https:\/\/kauppa.ursa.fi\/kauppa\/wp-json\/wp\/v2\/media\/34180"}],"wp:attachment":[{"href":"https:\/\/kauppa.ursa.fi\/kauppa\/wp-json\/wp\/v2\/media?parent=3456"}],"wp:term":[{"taxonomy":"product_brand","embeddable":true,"href":"https:\/\/kauppa.ursa.fi\/kauppa\/wp-json\/wp\/v2\/product_brand?post=3456"},{"taxonomy":"product_cat","embeddable":true,"href":"https:\/\/kauppa.ursa.fi\/kauppa\/wp-json\/wp\/v2\/product_cat?post=3456"},{"taxonomy":"product_tag","embeddable":true,"href":"https:\/\/kauppa.ursa.fi\/kauppa\/wp-json\/wp\/v2\/product_tag?post=3456"}],"curies":[{"name":"wp","href":"https:\/\/api.w.org\/{rel}","templated":true}]}}