 

{"id":3460,"date":"2007-10-11T10:59:53","date_gmt":"2007-10-11T07:59:53","guid":{"rendered":"https:\/\/kauppa.ursa.fi\/kauppa\/tuote\/ihmeita\/"},"modified":"2017-04-25T09:52:58","modified_gmt":"2017-04-25T06:52:58","slug":"ihmeita","status":"publish","type":"product","link":"https:\/\/kauppa.ursa.fi\/kauppa\/tuote\/ihmeita\/","title":{"rendered":"Ihmeit\u00e4"},"content":{"rendered":"<p>Tule mukaan Goalta t\u00e4htiin seuraamaan aineen hidasta kiertokulkua alkur\u00e4j\u00e4hdyksest\u00e4 el\u00e4viin olentoihin. Tutustu Tasmanian rannikon tappavan myrkyllisten kotiloiden monimuotoisuuteen ja rakkauden kemiaan Turun ylioppilaskyl\u00e4ss\u00e4. Matkaopas Esko Valtaoja n\u00e4ytt\u00e4\u00e4 meille my\u00f6s koko maailmankaikkeutta hallitsevien voimien k\u00e4sitt\u00e4m\u00e4tt\u00f6myyden: pime\u00e4 aine ja pime\u00e4 energia, luonnonlait. Tietoisuus ja kielikin saavat omat k\u00e4velyretkens\u00e4. Suurimman ihmeen, todellisuuden, kartoitukseen tiede ei yksin riit\u00e4, avuksi on otettava taide.<\/p>\n<p>Esko Valtaojan jakama tieto avaa silm\u00e4mme ihmeille, ja ihmeet lis\u00e4\u00e4v\u00e4t tiedonn\u00e4lk\u00e4\u00e4mme:<\/p>\n<p><i>&#8221;K\u00e4velyni on tehty. Avaan m\u00f6kin oven ja heivaan vesisangon keitti\u00f6n p\u00f6yd\u00e4lle. Kaikki t\u00e4m\u00e4, vain 1120 askelparia, kaksikymment\u00e4viisi minuuttia, ja silti olen n\u00e4hnyt kylliksi antamaan minulle pohdittavaa loppuel\u00e4m\u00e4kseni, kylliksi kaikkea mahdollista pit\u00e4m\u00e4\u00e4n ajatukseni virein\u00e4 ja tiedonjanoni sammumattomana. En tunne mit\u00e4\u00e4n muuta kuin ihmeit\u00e4.&#8221;<\/i><\/p>\n<p>Katso my\u00f6s pakettitarjous <a href=\"\/kirjakauppa\/index.php?TOIMINTO_1=nayta_tuotteet&amp;TUOTE=214\" target=\"_blank\">Esko Valtaojan trilogiasta<\/a>.<\/p>\n<p>Saatavilla s\u00e4hk\u00f6kirjana <a href=\"https:\/\/kirja.elisa.fi\/ekirja\/ihmeita-kavelyretkia-kaikkeuteen\" target=\"_&quot;blank&quot;\">Elisa Kirjasta<\/a> ja <a href=\"http:\/\/www.ellibs.com\/fi\/book\/9789525329636\/ihmeita-kavelyretkia-kaikkeuteen\" target=\"_&quot;blank&quot;\"> Ellibsist\u00e4<\/a>.<\/p>\n<p>Sis\u00e4lt\u00f6:<\/p>\n<p>Prologi: Nousevan kuun valossa 7<br \/>\n1. Stanleyn ranta 13<br \/>\n2. Usko, toivo ja rakkaus 41<br \/>\n3. Kuka tai mik\u00e4 ajattelee? 69<br \/>\n4. Sana 99<br \/>\n5. K\u00e4vely maailman \u00e4\u00e4reen saakka 127<br \/>\n6. Meri ja t\u00e4hdet 155<br \/>\n7. Kaikesta, mit\u00e4 ei ole 185<br \/>\n8. Hirmuinen symmetria 215<br \/>\n9. Nannan silm\u00e4t 245<br \/>\nEpilogi: Ilo 277<br \/>\nKirjallisuutta 282<br \/>\nLainausten l\u00e4hteit\u00e4 290<br \/>\nHakemisto 291<\/p>\n","protected":false},"excerpt":{"rendered":"<p>Trilogiansa kolmannessa osassa Esko Valtaoja ottaa lukijansa mukaan k\u00e4velyretkille maailmankaikkeuden ihmeisiin.<\/p>\n","protected":false},"featured_media":4668,"comment_status":"open","ping_status":"closed","template":"","meta":[],"product_brand":[],"product_cat":[10],"product_tag":[],"class_list":{"0":"post-3460","1":"product","2":"type-product","3":"status-publish","4":"has-post-thumbnail","6":"product_cat-muut-tietokirjat","7":"product_shipping_class-kirjakauppa","8":"pa_hintavaihtoehdot-jasenhinta","9":"pa_hintavaihtoehdot-suositushinta","10":"pa_isbn-2006","11":"pa_koko-130x199-mm","12":"pa_sidontamalli-nidottu","13":"pa_sivumaara-303-s","14":"pa_tekija-esko-valtaoja","16":"first","17":"instock","18":"taxable","19":"shipping-taxable","20":"purchasable","21":"product-type-variable","22":"has-default-attributes"},"exclude_global_add_ons":[],"addons":[],"_links":{"self":[{"href":"https:\/\/kauppa.ursa.fi\/kauppa\/wp-json\/wp\/v2\/product\/3460","targetHints":{"allow":["GET"]}}],"collection":[{"href":"https:\/\/kauppa.ursa.fi\/kauppa\/wp-json\/wp\/v2\/product"}],"about":[{"href":"https:\/\/kauppa.ursa.fi\/kauppa\/wp-json\/wp\/v2\/types\/product"}],"replies":[{"embeddable":true,"href":"https:\/\/kauppa.ursa.fi\/kauppa\/wp-json\/wp\/v2\/comments?post=3460"}],"wp:featuredmedia":[{"embeddable":true,"href":"https:\/\/kauppa.ursa.fi\/kauppa\/wp-json\/wp\/v2\/media\/4668"}],"wp:attachment":[{"href":"https:\/\/kauppa.ursa.fi\/kauppa\/wp-json\/wp\/v2\/media?parent=3460"}],"wp:term":[{"taxonomy":"product_brand","embeddable":true,"href":"https:\/\/kauppa.ursa.fi\/kauppa\/wp-json\/wp\/v2\/product_brand?post=3460"},{"taxonomy":"product_cat","embeddable":true,"href":"https:\/\/kauppa.ursa.fi\/kauppa\/wp-json\/wp\/v2\/product_cat?post=3460"},{"taxonomy":"product_tag","embeddable":true,"href":"https:\/\/kauppa.ursa.fi\/kauppa\/wp-json\/wp\/v2\/product_tag?post=3460"}],"curies":[{"name":"wp","href":"https:\/\/api.w.org\/{rel}","templated":true}]}}