 

{"id":3461,"date":"2007-10-18T15:38:18","date_gmt":"2007-10-18T12:38:18","guid":{"rendered":"https:\/\/kauppa.ursa.fi\/kauppa\/tuote\/esko-valtaojan-trilogia-kotona-maailmankaikkeudessa-avoin-tie-ja-ihmeita\/"},"modified":"2017-11-30T13:52:58","modified_gmt":"2017-11-30T11:52:58","slug":"esko-valtaojan-trilogia-kotona-maailmankaikkeudessa-avoin-tie-ja-ihmeita","status":"publish","type":"product","link":"https:\/\/kauppa.ursa.fi\/kauppa\/tuote\/esko-valtaojan-trilogia-kotona-maailmankaikkeudessa-avoin-tie-ja-ihmeita\/","title":{"rendered":"Esko Valtaojan trilogia: Kotona maailmankaikkeudessa, Avoin tie ja Ihmeit\u00e4"},"content":{"rendered":"<p><a href=\"\/kirjakauppa\/index.php?TOIMINTO_1=nayta_tuotteet&amp;TUOTE=96\" target=\"_blank\"> Kotona maailmankaikkeudessa <\/a> 2001<br \/>\n<a href=\"\/kirjakauppa\/index.php?TOIMINTO_1=nayta_tuotteet&amp;TUOTE=155\" target=\"_blank\"> Avoin tie <\/a> 2004<br \/>\n<a href=\"\/kirjakauppa\/index.php?TOIMINTO_1=nayta_tuotteet&amp;TUOTE=213\" target=\"_blank\"> Ihmeit\u00e4 <\/a> 2007<\/p>\n","protected":false},"excerpt":{"rendered":"<p>Kotona maailmankaikkeudessa (2001,Tieto-Finlandia -voittaja 2002), Avoin tie: kurkistuksia tulevaisuuteen (2004) ja Ihmeit\u00e4: k\u00e4velyretki\u00e4 kaikkeuteen (2007).<\/p>\n","protected":false},"featured_media":4669,"comment_status":"open","ping_status":"closed","template":"","meta":[],"product_brand":[],"product_cat":[10],"product_tag":[],"class_list":{"0":"post-3461","1":"product","2":"type-product","3":"status-publish","4":"has-post-thumbnail","6":"product_cat-muut-tietokirjat","7":"product_shipping_class-kirjakauppa","8":"pa_hintavaihtoehdot-jasenhinta","9":"pa_hintavaihtoehdot-suositushinta","10":"pa_isbn-9-789525-329155-9-789525-329391-9-789525-329639","11":"pa_tekija-esko-valtaoja","13":"first","14":"instock","15":"taxable","16":"shipping-taxable","17":"purchasable","18":"product-type-variable","19":"has-default-attributes"},"exclude_global_add_ons":[],"addons":[],"_links":{"self":[{"href":"https:\/\/kauppa.ursa.fi\/kauppa\/wp-json\/wp\/v2\/product\/3461","targetHints":{"allow":["GET"]}}],"collection":[{"href":"https:\/\/kauppa.ursa.fi\/kauppa\/wp-json\/wp\/v2\/product"}],"about":[{"href":"https:\/\/kauppa.ursa.fi\/kauppa\/wp-json\/wp\/v2\/types\/product"}],"replies":[{"embeddable":true,"href":"https:\/\/kauppa.ursa.fi\/kauppa\/wp-json\/wp\/v2\/comments?post=3461"}],"wp:featuredmedia":[{"embeddable":true,"href":"https:\/\/kauppa.ursa.fi\/kauppa\/wp-json\/wp\/v2\/media\/4669"}],"wp:attachment":[{"href":"https:\/\/kauppa.ursa.fi\/kauppa\/wp-json\/wp\/v2\/media?parent=3461"}],"wp:term":[{"taxonomy":"product_brand","embeddable":true,"href":"https:\/\/kauppa.ursa.fi\/kauppa\/wp-json\/wp\/v2\/product_brand?post=3461"},{"taxonomy":"product_cat","embeddable":true,"href":"https:\/\/kauppa.ursa.fi\/kauppa\/wp-json\/wp\/v2\/product_cat?post=3461"},{"taxonomy":"product_tag","embeddable":true,"href":"https:\/\/kauppa.ursa.fi\/kauppa\/wp-json\/wp\/v2\/product_tag?post=3461"}],"curies":[{"name":"wp","href":"https:\/\/api.w.org\/{rel}","templated":true}]}}