 

{"id":34685,"date":"2020-05-28T15:33:05","date_gmt":"2020-05-28T12:33:05","guid":{"rendered":"https:\/\/kauppa.ursa.fi\/kauppa\/?post_type=product&#038;p=34685"},"modified":"2026-02-04T11:21:04","modified_gmt":"2026-02-04T09:21:04","slug":"polaris-8laitos","status":"publish","type":"product","link":"https:\/\/kauppa.ursa.fi\/kauppa\/tuote\/polaris-8laitos\/","title":{"rendered":"Polaris"},"content":{"rendered":"<p>Tule mukaan j\u00e4nnitt\u00e4v\u00e4lle retkelle l\u00e4pi t\u00e4htitaivaan maailmojen!<\/p>\n<p>Polariksen avulla opit tuntemaan t\u00e4hdet, galaksit ja planeetat sek\u00e4 kaukaiset mustat aukot ja kvasaarit. Saat samalla perustietoja taivaan havainnoinnista, t\u00e4htien s\u00e4teilyst\u00e4, taivaankappaleiden liikkeest\u00e4 ja suhteellisuusteoriasta. Lukuisat teht\u00e4v\u00e4t helpoista haastaviin auttavat syvent\u00e4m\u00e4\u00e4n tietojasi.<\/p>\n<p>Kirjaa voi k\u00e4ytt\u00e4\u00e4 itseopiskeluun tai oppikirjana erilaisilla t\u00e4htitieteen kursseilla.<\/p>\n<p>Professori Heikki Oja on palkittu tietokirjailija ja opettanut t\u00e4htitiedett\u00e4 pitk\u00e4\u00e4n Helsingin yliopistossa.<\/p>\n","protected":false},"excerpt":{"rendered":"<p>Uusittu laitos!<\/p>\n","protected":false},"featured_media":34689,"comment_status":"open","ping_status":"closed","template":"","meta":[],"product_brand":[],"product_cat":[8],"product_tag":[],"class_list":{"0":"post-34685","1":"product","2":"type-product","3":"status-publish","4":"has-post-thumbnail","6":"product_cat-tahtitiede","7":"product_shipping_class-kirjakauppa","8":"pa_hintavaihtoehdot-jasenhinta","9":"pa_hintavaihtoehdot-suositushinta","10":"pa_isbn-2160","11":"pa_issn-0357-7937","12":"pa_sidontamalli-nidottu","13":"pa_sivumaara-78","14":"pa_tekija-heikki-oja","16":"first","17":"instock","18":"taxable","19":"shipping-taxable","20":"purchasable","21":"product-type-variable","22":"has-default-attributes"},"exclude_global_add_ons":[],"addons":[],"_links":{"self":[{"href":"https:\/\/kauppa.ursa.fi\/kauppa\/wp-json\/wp\/v2\/product\/34685","targetHints":{"allow":["GET"]}}],"collection":[{"href":"https:\/\/kauppa.ursa.fi\/kauppa\/wp-json\/wp\/v2\/product"}],"about":[{"href":"https:\/\/kauppa.ursa.fi\/kauppa\/wp-json\/wp\/v2\/types\/product"}],"replies":[{"embeddable":true,"href":"https:\/\/kauppa.ursa.fi\/kauppa\/wp-json\/wp\/v2\/comments?post=34685"}],"wp:featuredmedia":[{"embeddable":true,"href":"https:\/\/kauppa.ursa.fi\/kauppa\/wp-json\/wp\/v2\/media\/34689"}],"wp:attachment":[{"href":"https:\/\/kauppa.ursa.fi\/kauppa\/wp-json\/wp\/v2\/media?parent=34685"}],"wp:term":[{"taxonomy":"product_brand","embeddable":true,"href":"https:\/\/kauppa.ursa.fi\/kauppa\/wp-json\/wp\/v2\/product_brand?post=34685"},{"taxonomy":"product_cat","embeddable":true,"href":"https:\/\/kauppa.ursa.fi\/kauppa\/wp-json\/wp\/v2\/product_cat?post=34685"},{"taxonomy":"product_tag","embeddable":true,"href":"https:\/\/kauppa.ursa.fi\/kauppa\/wp-json\/wp\/v2\/product_tag?post=34685"}],"curies":[{"name":"wp","href":"https:\/\/api.w.org\/{rel}","templated":true}]}}