 

{"id":3484,"date":"2008-09-11T10:36:54","date_gmt":"2008-09-11T07:36:54","guid":{"rendered":"https:\/\/kauppa.ursa.fi\/kauppa\/tuote\/maapallon-mittaaja\/"},"modified":"2017-04-25T10:44:05","modified_gmt":"2017-04-25T07:44:05","slug":"maapallon-mittaaja","status":"publish","type":"product","link":"https:\/\/kauppa.ursa.fi\/kauppa\/tuote\/maapallon-mittaaja\/","title":{"rendered":"Maapallon mittaaja"},"content":{"rendered":"<p>V.A. Heiskanen nousi fysikaalisen geodesian alalla maailmanmaineeseen jo nuorena tutkijana. Heiskanen kehitti isostaat\u00adtis\u00adta teoriaa ty\u00f6skennelless\u00e4\u00e4n geodesian professorina Teknillisess\u00e4 korkeakoulussa ja Geodeettisen laitoksen johtajana.<\/p>\n<p>Heiskasen p\u00e4\u00e4ty\u00f6n\u00e4 voidaan pit\u00e4\u00e4 h\u00e4nen Ohion valtionyliopiston geodesian professorina toteuttamaansa suurhanketta, ns. Columbuksen geoidia. T\u00e4m\u00e4 gravitaatiomittauksista laskettu maapallon pinnanmuodon malli yhdisti maailman geodeettiset j\u00e4rjestelm\u00e4t ensimm\u00e4ist\u00e4 kertaa yhdeksi globaaliksi kartaksi.<\/p>\n<p>Heiskanen suuntautui aluksi t\u00e4htitieteeseen. H\u00e4n toimi pitk\u00e4\u00e4n Ursan puheenjohtajana ja monet suomalaiset tunsivatkin Heiskasen parhaiten t\u00e4htitieteen popularisoijana, h\u00e4nen laajat T\u00e4htitiede I ja II -kirjansa olivat pitk\u00e4\u00e4n t\u00e4htiharrastajien perusteoksia.<\/p>\n<p>Professori Juhani Kakkurin laatima el\u00e4m\u00e4kerta yhdest\u00e4 kansain\u00adv\u00e4lisesti vaikuttavimmasta suomalaisesta tieteen\u00adteki\u00adj\u00e4st\u00e4 kertoo geodesian kehityksest\u00e4 ja piirt\u00e4\u00e4 el\u00e4v\u00e4n henkil\u00f6kuvan savolaispojan tiest\u00e4 tiedemaailman huipulle.<\/p>\n<p>Sis\u00e4lt\u00f6:<\/p>\n<p>Kiitokset<br \/>\nTaustaksi<br \/>\nLapsuus- ja nuoruusvuodet<br \/>\nT\u00e4htitiede<br \/>\nKartoitusty\u00f6t Suomessa<br \/>\nGeodeettinen laitos 1918\u20131928<br \/>\nTeknillisess\u00e4 korkeakoulussa<br \/>\nGeoidin tutkija<br \/>\nIsostasian tutkija<br \/>\nAmerikan vuodet<br \/>\nTy\u00f6t\u00e4 suomalaisuuden hyv\u00e4ksi<br \/>\nMainetta ja kunniaa<br \/>\nL\u00e4hteet<br \/>\nV. A. Heiskasen julkaisut<br \/>\nHakemisto<\/p>\n","protected":false},"excerpt":{"rendered":"<p>V.A. Heiskanen nousi fysikaalisen geodesian alalla maailmanmaineeseen jo nuorena tutkijana. Heiskanen kehitti isostaat\u00adtis\u00adta teoriaa ty\u00f6skennelless\u00e4\u00e4n geodesian professorina Teknillisess\u00e4 korkeakoulussa ja Geodeettisen laitoksen johtajana. Heiskasen p\u00e4\u00e4ty\u00f6n\u00e4 voidaan pit\u00e4\u00e4 h\u00e4nen Ohion valtionyliopiston [&hellip;]<\/p>\n","protected":false},"featured_media":0,"comment_status":"open","ping_status":"closed","template":"","meta":[],"product_brand":[],"product_cat":[10],"product_tag":[],"class_list":{"0":"post-3484","1":"product","2":"type-product","3":"status-publish","5":"product_cat-muut-tietokirjat","6":"product_shipping_class-kirjakauppa","7":"pa_hintavaihtoehdot-jasenhinta","8":"pa_hintavaihtoehdot-suositushinta","9":"pa_isbn-2013","10":"pa_issn-0357-7937","11":"pa_koko-145x210-mm","12":"pa_sidontamalli-sid","13":"pa_sivumaara-78","14":"pa_tekija-juhani-kaakkuri","16":"first","17":"instock","18":"taxable","19":"shipping-taxable","20":"purchasable","21":"product-type-variable","22":"has-default-attributes"},"exclude_global_add_ons":[],"addons":[],"_links":{"self":[{"href":"https:\/\/kauppa.ursa.fi\/kauppa\/wp-json\/wp\/v2\/product\/3484","targetHints":{"allow":["GET"]}}],"collection":[{"href":"https:\/\/kauppa.ursa.fi\/kauppa\/wp-json\/wp\/v2\/product"}],"about":[{"href":"https:\/\/kauppa.ursa.fi\/kauppa\/wp-json\/wp\/v2\/types\/product"}],"replies":[{"embeddable":true,"href":"https:\/\/kauppa.ursa.fi\/kauppa\/wp-json\/wp\/v2\/comments?post=3484"}],"wp:attachment":[{"href":"https:\/\/kauppa.ursa.fi\/kauppa\/wp-json\/wp\/v2\/media?parent=3484"}],"wp:term":[{"taxonomy":"product_brand","embeddable":true,"href":"https:\/\/kauppa.ursa.fi\/kauppa\/wp-json\/wp\/v2\/product_brand?post=3484"},{"taxonomy":"product_cat","embeddable":true,"href":"https:\/\/kauppa.ursa.fi\/kauppa\/wp-json\/wp\/v2\/product_cat?post=3484"},{"taxonomy":"product_tag","embeddable":true,"href":"https:\/\/kauppa.ursa.fi\/kauppa\/wp-json\/wp\/v2\/product_tag?post=3484"}],"curies":[{"name":"wp","href":"https:\/\/api.w.org\/{rel}","templated":true}]}}