 

{"id":3485,"date":"2008-09-11T10:55:36","date_gmt":"2008-09-11T07:55:36","guid":{"rendered":"https:\/\/kauppa.ursa.fi\/kauppa\/tuote\/universumin-pimea-puoli\/"},"modified":"2020-03-17T09:53:41","modified_gmt":"2020-03-17T07:53:41","slug":"universumin-pimea-puoli","status":"publish","type":"product","link":"https:\/\/kauppa.ursa.fi\/kauppa\/tuote\/universumin-pimea-puoli\/","title":{"rendered":"Universumin pime\u00e4 puoli"},"content":{"rendered":"<p>Kosminen l\u00f6yt\u00f6tavaratoimisto olisi tarpeen, sill\u00e4 95% maailmankaikkeudesta on kateissa!<\/p>\n<p>Katsoessamme galaksien t\u00e4hti\u00e4 ja kaasupilvi\u00e4, huomaamme, ett\u00e4 niiden liikett\u00e4 ei voida selitt\u00e4\u00e4 pelk\u00e4st\u00e4\u00e4n n\u00e4kyv\u00e4ll\u00e4 aineella. Tavallista ainetta onkin maailmankaikkeuden sis\u00e4ll\u00f6st\u00e4 vain 4,7%. Sen lis\u00e4ksi on oltava viisinkertainen m\u00e4\u00e4r\u00e4 meille tuntematonta ja n\u00e4kym\u00e4t\u00f6nt\u00e4, vetovoiman avulla vaikuttavaa ainetta.<\/p>\n<p>Maailmankaikkeuden laajenemisen selitt\u00e4miseksi puolestaan tarvitaan niin paljon jotain mysteerist\u00e4 ty\u00f6nt\u00f6voimaa, ett\u00e4 sen osuus kaikkeudesta on 72%!<\/p>\n<p>Pimeiksi kutsutut aine ja energia ovat universumin suurimmat arvoitukset. Tiedetoimittaja, dosentti Leena T\u00e4htinen ja tutkija Chris Flynn kartoittavat t\u00e4htitieteilij\u00f6iden ja fyysikoiden n\u00e4kemyksi\u00e4 siit\u00e4, mit\u00e4 n\u00e4m\u00e4 universumin pime\u00e4t puolet voisivat olla.<\/p>\n","protected":false},"excerpt":{"rendered":"<p>Pimeiksi kutsutut aine ja energia ovat universumin suurimmat arvoitukset.<\/p>\n","protected":false},"featured_media":33365,"comment_status":"open","ping_status":"closed","template":"","meta":[],"product_brand":[],"product_cat":[8],"product_tag":[],"class_list":{"0":"post-3485","1":"product","2":"type-product","3":"status-publish","4":"has-post-thumbnail","6":"product_cat-tahtitiede","7":"product_shipping_class-kirjakauppa","8":"pa_hintavaihtoehdot-jasenhinta","9":"pa_hintavaihtoehdot-suositushinta","10":"pa_isbn-760","11":"pa_issn-0357-7937","12":"pa_sidontamalli-nid","13":"pa_sivumaara-99","14":"pa_tekija-tahtinen-leena-flynn-chris","16":"first","17":"instock","18":"taxable","19":"shipping-taxable","20":"purchasable","21":"product-type-variable","22":"has-default-attributes"},"exclude_global_add_ons":[],"addons":[],"_links":{"self":[{"href":"https:\/\/kauppa.ursa.fi\/kauppa\/wp-json\/wp\/v2\/product\/3485","targetHints":{"allow":["GET"]}}],"collection":[{"href":"https:\/\/kauppa.ursa.fi\/kauppa\/wp-json\/wp\/v2\/product"}],"about":[{"href":"https:\/\/kauppa.ursa.fi\/kauppa\/wp-json\/wp\/v2\/types\/product"}],"replies":[{"embeddable":true,"href":"https:\/\/kauppa.ursa.fi\/kauppa\/wp-json\/wp\/v2\/comments?post=3485"}],"wp:featuredmedia":[{"embeddable":true,"href":"https:\/\/kauppa.ursa.fi\/kauppa\/wp-json\/wp\/v2\/media\/33365"}],"wp:attachment":[{"href":"https:\/\/kauppa.ursa.fi\/kauppa\/wp-json\/wp\/v2\/media?parent=3485"}],"wp:term":[{"taxonomy":"product_brand","embeddable":true,"href":"https:\/\/kauppa.ursa.fi\/kauppa\/wp-json\/wp\/v2\/product_brand?post=3485"},{"taxonomy":"product_cat","embeddable":true,"href":"https:\/\/kauppa.ursa.fi\/kauppa\/wp-json\/wp\/v2\/product_cat?post=3485"},{"taxonomy":"product_tag","embeddable":true,"href":"https:\/\/kauppa.ursa.fi\/kauppa\/wp-json\/wp\/v2\/product_tag?post=3485"}],"curies":[{"name":"wp","href":"https:\/\/api.w.org\/{rel}","templated":true}]}}