 

{"id":3509,"date":"2009-06-04T11:07:40","date_gmt":"2009-06-04T08:07:40","guid":{"rendered":"https:\/\/kauppa.ursa.fi\/kauppa\/tuote\/galilein-elamat\/"},"modified":"2017-04-25T09:45:47","modified_gmt":"2017-04-25T06:45:47","slug":"galilein-elamat","status":"publish","type":"product","link":"https:\/\/kauppa.ursa.fi\/kauppa\/tuote\/galilein-elamat\/","title":{"rendered":"Galilein el\u00e4m\u00e4t"},"content":{"rendered":"<p>Maailmankuva j\u00e4rkkyy, kun Galileo Galilei ja h\u00e4nen kaksoisolentonsa sekaantuvat historian tapahtumiin t\u00e4htitieteen juhlavuoden sarjakuva-albumissa.<\/p>\n<p>Babylonissa vuonna 568 eaa. kirjoitetaan savitauluihin, ennustetaan t\u00e4hdist\u00e4 ja lampaan maksasta. Aleksandriassa vuonna 197 eaa. Eratosthenes mittaa maapallon koon maahan t\u00f6k\u00e4tyn kepin avulla. Kusumapurassa Gangesin varrella vuonna 499 Aryabhata ei pelk\u00e4\u00e4 kastittoman varjoa ja selitt\u00e4\u00e4 Maan py\u00f6riv\u00e4n.<\/p>\n<p>Padovassa vuonna 1609 Galilei n\u00e4kee rakentamallaan kaukoputkella asioita, joita ei pit\u00e4nyt olla olemassa. Lontoossa vuonna 1664 Halley ja Newton laativat aikatauluja pyrst\u00f6t\u00e4hdille.<\/p>\n<p>Vuonna 2009 huomataan, ett\u00e4 Galilei oli ensimm\u00e4inen joka n\u00e4ki nen\u00e4\u00e4ns\u00e4 pidemm\u00e4lle.<\/p>\n<p>Mallisivuja:<br \/>\n<img decoding=\"async\" src=\"\/fileadmin\/ursa2010\/kuvat\/kirjakauppa\/galilein_elamat_s10.jpg\" alt=\"\" \/><br \/>\n<img decoding=\"async\" src=\"\/fileadmin\/ursa2010\/kuvat\/kirjakauppa\/galilein_elamat_s21.jpg\" alt=\"\" \/><\/p>\n<p><a href=\"http:\/\/info.rsi.ch\/it\/home\/networks\/la1\/telegiornale.html?po=6c0f5869-e5e6-486d-bc42-0d6d33e3dd36&amp;pos=d23e09b8-52bd-4311-ae9d-1d21515f55c3&amp;date=&amp;stream=low#tabEdition\" target=\"_blank\">Katso video<\/a> Fiamin ty\u00f6skentelyst\u00e4 (italiaksi, avautuu uuteen ikkunaan).<\/p>\n","protected":false},"excerpt":{"rendered":"<p>Maailmankuva j\u00e4rkkyy, kun Galileo Galilei ja h\u00e4nen kaksoisolentonsa sekaantuvat historian tapahtumiin t\u00e4htitieteen juhlavuoden sarjakuva-albumissa. Babylonissa vuonna 568 eaa. kirjoitetaan savitauluihin, ennustetaan t\u00e4hdist\u00e4 ja lampaan maksasta. Aleksandriassa vuonna 197 eaa. Eratosthenes [&hellip;]<\/p>\n","protected":false},"featured_media":4691,"comment_status":"open","ping_status":"closed","template":"","meta":[],"product_brand":[],"product_cat":[10],"product_tag":[],"class_list":{"0":"post-3509","1":"product","2":"type-product","3":"status-publish","4":"has-post-thumbnail","6":"product_cat-muut-tietokirjat","7":"product_shipping_class-kirjakauppa","8":"pa_hintavaihtoehdot-jasenhinta","9":"pa_hintavaihtoehdot-suositushinta","10":"pa_isbn-2004","11":"pa_sivumaara-815","12":"pa_tekija-fiami","14":"first","15":"instock","16":"taxable","17":"shipping-taxable","18":"purchasable","19":"product-type-variable","20":"has-default-attributes"},"exclude_global_add_ons":[],"addons":[],"_links":{"self":[{"href":"https:\/\/kauppa.ursa.fi\/kauppa\/wp-json\/wp\/v2\/product\/3509","targetHints":{"allow":["GET"]}}],"collection":[{"href":"https:\/\/kauppa.ursa.fi\/kauppa\/wp-json\/wp\/v2\/product"}],"about":[{"href":"https:\/\/kauppa.ursa.fi\/kauppa\/wp-json\/wp\/v2\/types\/product"}],"replies":[{"embeddable":true,"href":"https:\/\/kauppa.ursa.fi\/kauppa\/wp-json\/wp\/v2\/comments?post=3509"}],"wp:featuredmedia":[{"embeddable":true,"href":"https:\/\/kauppa.ursa.fi\/kauppa\/wp-json\/wp\/v2\/media\/4691"}],"wp:attachment":[{"href":"https:\/\/kauppa.ursa.fi\/kauppa\/wp-json\/wp\/v2\/media?parent=3509"}],"wp:term":[{"taxonomy":"product_brand","embeddable":true,"href":"https:\/\/kauppa.ursa.fi\/kauppa\/wp-json\/wp\/v2\/product_brand?post=3509"},{"taxonomy":"product_cat","embeddable":true,"href":"https:\/\/kauppa.ursa.fi\/kauppa\/wp-json\/wp\/v2\/product_cat?post=3509"},{"taxonomy":"product_tag","embeddable":true,"href":"https:\/\/kauppa.ursa.fi\/kauppa\/wp-json\/wp\/v2\/product_tag?post=3509"}],"curies":[{"name":"wp","href":"https:\/\/api.w.org\/{rel}","templated":true}]}}