 

{"id":35108,"date":"2020-07-11T10:08:55","date_gmt":"2020-07-11T07:08:55","guid":{"rendered":"https:\/\/kauppa.ursa.fi\/kauppa\/?post_type=product&#038;p=35108"},"modified":"2021-09-16T16:42:54","modified_gmt":"2021-09-16T13:42:54","slug":"eksoplaneetat","status":"publish","type":"product","link":"https:\/\/kauppa.ursa.fi\/kauppa\/tuote\/eksoplaneetat\/","title":{"rendered":"Eksoplaneetat"},"content":{"rendered":"<p><strong>Uutuus!<\/strong><\/p>\n<p>Pime\u00e4n\u00e4 y\u00f6n\u00e4 avoimella paikalla t\u00e4htitaivaan alla n\u00e4kee paljain silmin yli tuhat t\u00e4hte\u00e4. L\u00e4hes jokaisen t\u00e4hden ymp\u00e4rill\u00e4 on my\u00f6s oma planeettakunta, jossa voi olla toisia jupitereita, neptunuksia ja maapalloja, mutta my\u00f6s uudentyyppisi\u00e4 planeettoja, joita ei aurinkokunnastamme tunneta.<\/p>\n<p>Ensimm\u00e4inen vierasta t\u00e4hte\u00e4 kiert\u00e4v\u00e4 planeetta havaittiin vasta 1990-luvulla. Nyt n\u00e4ytt\u00e4\u00e4 silt\u00e4, ett\u00e4 planeettoja on galaksissamme enemm\u00e4n kuin t\u00e4hti\u00e4.<\/p>\n<p>Mit\u00e4tt\u00f6m\u00e4n heikot valopisteet kirkkaiden t\u00e4htien vierell\u00e4 ovat pirullisen vaikeita havaintokohteita, mutta eksoplaneetoista tiedet\u00e4\u00e4n jo paljon. Mielenkiintoisimpia ovat tietysti planeetat, jotka kooltaan ovat l\u00e4hell\u00e4 maapalloa. Maapallon kaltaisten planeettojen lis\u00e4ksi avaruudesta l\u00f6ytyy laavaplaneettoja, hiiliplaneettoja, aavikkoplaneettoja, merimaailmoja ja j\u00e4\u00e4planeettoja.<\/p>\n<p>Kirjassa etsit\u00e4\u00e4n my\u00f6s vastausta kaikkein j\u00e4nnitt\u00e4vimp\u00e4\u00e4n aiheeseen: onko vierailla planeetoilla mahdollisesti el\u00e4m\u00e4\u00e4. Sellaista ei ole viel\u00e4 l\u00f6ytynyt, mutta edellytyksi\u00e4 ja merkkej\u00e4 osataan jo etsi\u00e4.<\/p>\n<p>Professori Heikki Oja on palkittu tietokirjailija ja opettanut t\u00e4htitiedett\u00e4 pitk\u00e4\u00e4n Helsingin yliopistossa.<\/p>\n","protected":false},"excerpt":{"rendered":"<p>L\u00e4hes jokaista taivaalla n\u00e4kyv\u00e4\u00e4 t\u00e4hte\u00e4 kiert\u00e4\u00e4 yksi tai useampi planeetta. Mit\u00e4 noista kaukaisista kiertolaisista tiedet\u00e4\u00e4n?<\/p>\n","protected":false},"featured_media":35110,"comment_status":"open","ping_status":"closed","template":"","meta":[],"product_brand":[],"product_cat":[6,8],"product_tag":[],"class_list":{"0":"post-35108","1":"product","2":"type-product","3":"status-publish","4":"has-post-thumbnail","6":"product_cat-kirjakauppa","7":"product_cat-tahtitiede","8":"product_shipping_class-kirjakauppa","9":"pa_hintavaihtoehdot-jasenhinta","10":"pa_hintavaihtoehdot-suositushinta","11":"pa_isbn-2163","12":"pa_tekija-heikki-oja","14":"first","15":"instock","16":"taxable","17":"shipping-taxable","18":"purchasable","19":"product-type-variable","20":"has-default-attributes"},"exclude_global_add_ons":[],"addons":[],"_links":{"self":[{"href":"https:\/\/kauppa.ursa.fi\/kauppa\/wp-json\/wp\/v2\/product\/35108","targetHints":{"allow":["GET"]}}],"collection":[{"href":"https:\/\/kauppa.ursa.fi\/kauppa\/wp-json\/wp\/v2\/product"}],"about":[{"href":"https:\/\/kauppa.ursa.fi\/kauppa\/wp-json\/wp\/v2\/types\/product"}],"replies":[{"embeddable":true,"href":"https:\/\/kauppa.ursa.fi\/kauppa\/wp-json\/wp\/v2\/comments?post=35108"}],"wp:featuredmedia":[{"embeddable":true,"href":"https:\/\/kauppa.ursa.fi\/kauppa\/wp-json\/wp\/v2\/media\/35110"}],"wp:attachment":[{"href":"https:\/\/kauppa.ursa.fi\/kauppa\/wp-json\/wp\/v2\/media?parent=35108"}],"wp:term":[{"taxonomy":"product_brand","embeddable":true,"href":"https:\/\/kauppa.ursa.fi\/kauppa\/wp-json\/wp\/v2\/product_brand?post=35108"},{"taxonomy":"product_cat","embeddable":true,"href":"https:\/\/kauppa.ursa.fi\/kauppa\/wp-json\/wp\/v2\/product_cat?post=35108"},{"taxonomy":"product_tag","embeddable":true,"href":"https:\/\/kauppa.ursa.fi\/kauppa\/wp-json\/wp\/v2\/product_tag?post=35108"}],"curies":[{"name":"wp","href":"https:\/\/api.w.org\/{rel}","templated":true}]}}