 

{"id":3512,"date":"2009-08-06T09:33:31","date_gmt":"2009-08-06T06:33:31","guid":{"rendered":"https:\/\/kauppa.ursa.fi\/kauppa\/tuote\/ukkosta-ilmassa-2\/"},"modified":"2017-04-25T11:38:01","modified_gmt":"2017-04-25T08:38:01","slug":"ukkosta-ilmassa-2","status":"publish","type":"product","link":"https:\/\/kauppa.ursa.fi\/kauppa\/tuote\/ukkosta-ilmassa-2\/","title":{"rendered":"Ukkosta ilmassa"},"content":{"rendered":"<p>Suomessa esiintyv\u00e4t ukkoset rekister\u00f6id\u00e4\u00e4n nyky\u00e4\u00e4n l\u00e4hes salaman tarkkuudella. Salamoiden ominaisuuksia ja ukkospilvien kehittymist\u00e4 pystyt\u00e4\u00e4n seuraamaan tosiaikaisesti ja vertaamaan niiden k\u00e4ytt\u00e4ytymist\u00e4 mallien avulla muodostettuihin k\u00e4sityksiin.<\/p>\n<p>Todenn\u00e4k\u00f6isyys ukkosen esiintymiselle saadaan numeerisista s\u00e4\u00e4ennusteista, ja ukkospilven l\u00e4hihetken kehitys s\u00e4\u00e4tutka- ja salamanpaikannustiedoista. Ukkonen on kuitenkin ajallisesti ja paikallisesti rajattu ilmi\u00f6, jonka satunnainen luonne vaikeuttaa sen ennustamista.<\/p>\n<p>S\u00e4\u00e4n seuraaminen itse ja ukkospilven sek\u00e4 salamoiden k\u00e4ytt\u00e4ytymisen ymm\u00e4rt\u00e4minen on t\u00e4rke\u00e4\u00e4 ukkoseen varauduttaessa ja rajuilman iskiess\u00e4.<\/p>\n<p>Ilmatieteen laitoksen tutkijat Tapio J. Tuomi (tutkimusalana ilmas\u00e4hk\u00f6) ja Antti M\u00e4kel\u00e4 (tutkimusalana vaaralliset s\u00e4\u00e4ilmi\u00f6t) ovat koonneet uusimman ukkostiedon sek\u00e4 k\u00e4yt\u00e4nn\u00f6n ohjeita ukonilman varalle.<\/p>\n<p>Tapio J. Tuomi on aiemmin kirjoittanut aiheesta suomalaisen perusteoksen Ukkonen ja salamat, joka ilmestyi 1993.<\/p>\n<p>Sis\u00e4lt\u00f6:<\/p>\n<p>1 Johdanto<br \/>\n2 Ukkonen ja s\u00e4\u00e4<br \/>\n3 Ukkospilvi<br \/>\n4 Salamat<br \/>\n5 Salamoinnin mittaaminen<br \/>\n6 Salamasuojaus<br \/>\n7 Ilmas\u00e4hk\u00f6<\/p>\n<p><a href=\"https:\/\/www.ursa.fi\/kirjat\/korjauksia\/ukkosta-ilmassa.html\" target=\"_blank\">Korjauksia kirjaan<\/a><\/p>\n","protected":false},"excerpt":{"rendered":"<p>Suomessa esiintyv\u00e4t ukkoset rekister\u00f6id\u00e4\u00e4n nyky\u00e4\u00e4n l\u00e4hes salaman tarkkuudella. Salamoiden ominaisuuksia ja ukkospilvien kehittymist\u00e4 pystyt\u00e4\u00e4n seuraamaan tosiaikaisesti ja vertaamaan niiden k\u00e4ytt\u00e4ytymist\u00e4 mallien avulla muodostettuihin k\u00e4sityksiin. Todenn\u00e4k\u00f6isyys ukkosen esiintymiselle saadaan numeerisista s\u00e4\u00e4ennusteista, [&hellip;]<\/p>\n","protected":false},"featured_media":4694,"comment_status":"open","ping_status":"closed","template":"","meta":[],"product_brand":[],"product_cat":[10],"product_tag":[],"class_list":{"0":"post-3512","1":"product","2":"type-product","3":"status-publish","4":"has-post-thumbnail","6":"product_cat-muut-tietokirjat","7":"product_shipping_class-kirjakauppa","8":"pa_hintavaihtoehdot-jasenhinta","9":"pa_hintavaihtoehdot-suositushinta","10":"pa_isbn-2022","11":"pa_sidontamalli-nid","12":"pa_sivumaara-823","13":"pa_tekija-tapio-j-tuomi-ja-antti-makela","15":"first","16":"instock","17":"taxable","18":"shipping-taxable","19":"purchasable","20":"product-type-variable","21":"has-default-attributes"},"exclude_global_add_ons":[],"addons":[],"_links":{"self":[{"href":"https:\/\/kauppa.ursa.fi\/kauppa\/wp-json\/wp\/v2\/product\/3512","targetHints":{"allow":["GET"]}}],"collection":[{"href":"https:\/\/kauppa.ursa.fi\/kauppa\/wp-json\/wp\/v2\/product"}],"about":[{"href":"https:\/\/kauppa.ursa.fi\/kauppa\/wp-json\/wp\/v2\/types\/product"}],"replies":[{"embeddable":true,"href":"https:\/\/kauppa.ursa.fi\/kauppa\/wp-json\/wp\/v2\/comments?post=3512"}],"wp:featuredmedia":[{"embeddable":true,"href":"https:\/\/kauppa.ursa.fi\/kauppa\/wp-json\/wp\/v2\/media\/4694"}],"wp:attachment":[{"href":"https:\/\/kauppa.ursa.fi\/kauppa\/wp-json\/wp\/v2\/media?parent=3512"}],"wp:term":[{"taxonomy":"product_brand","embeddable":true,"href":"https:\/\/kauppa.ursa.fi\/kauppa\/wp-json\/wp\/v2\/product_brand?post=3512"},{"taxonomy":"product_cat","embeddable":true,"href":"https:\/\/kauppa.ursa.fi\/kauppa\/wp-json\/wp\/v2\/product_cat?post=3512"},{"taxonomy":"product_tag","embeddable":true,"href":"https:\/\/kauppa.ursa.fi\/kauppa\/wp-json\/wp\/v2\/product_tag?post=3512"}],"curies":[{"name":"wp","href":"https:\/\/api.w.org\/{rel}","templated":true}]}}