 

{"id":3519,"date":"2009-11-09T09:39:09","date_gmt":"2009-11-09T07:39:09","guid":{"rendered":"https:\/\/kauppa.ursa.fi\/kauppa\/tuote\/paratiisista-katsoen\/"},"modified":"2016-07-12T14:26:00","modified_gmt":"2016-07-12T11:26:00","slug":"paratiisista-katsoen","status":"publish","type":"product","link":"https:\/\/kauppa.ursa.fi\/kauppa\/tuote\/paratiisista-katsoen\/","title":{"rendered":"Paratiisista katsoen"},"content":{"rendered":"<p>Paratiisista katsoen esittelee t\u00e4htitaivaan kartoituksen historiaa antiikista nykyp\u00e4iv\u00e4\u00e4n tieteen ja kulttuurihistorian n\u00e4k\u00f6kulmasta.<\/p>\n<p>Nykyinen k\u00e4sityksemme maailmankaikkeuden alkuper\u00e4st\u00e4, rakenteesta ja kehityksest\u00e4 on syntynyt tieteen historian monen eri vaiheen kautta. Antiikin karttapalloista on p\u00e4\u00e4dytty nykyajan digitaalisiin tietokantoihin, joiden avulla tutkimuksen tuomaa yksityiskohtaista tietoa voidaan k\u00e4ytt\u00e4\u00e4 mit\u00e4 erilaisimpiin analyyseihin maailmankaikkeuden rakenteesta ja kehityksest\u00e4.<\/p>\n<p>T\u00e4htikarttojen tarkastelu avaa n\u00e4kymi\u00e4 kartan laadinnan teknisten edellytysten lis\u00e4ksi laajoihin kulttuurikytkent\u00f6ihin, sill\u00e4 taivaan kartoittamista ovat aina ohjanneet jokaisen aikakauden taloudelliset, kulttuuriset ja poliittiset tarpeet.<\/p>\n<p>Paratiisista katsoen on my\u00f6s Suomen Kansalliskirjaston saman nimisen<br \/>\nn\u00e4yttelyn n\u00e4yttelykirja. Useimmat esitellyt kartastoaarteet ovat Kansalliskirjaston kansainv\u00e4lisesti katsoen ainutlaatuisesta Nordenski\u00f6ldin kokoelmasta, joka kuuluu Unescon Memory of the World -kohteisiin. N\u00e4yttely oli n\u00e4ht\u00e4vill\u00e4 <a href=\"http:\/\/www.kansalliskirjasto.fi\/kulttuuritoiminta\/nayttelyt\/galleria.html\" target=\"_blank\">Kansalliskirjaston Galleriassa <\/a>12.11.2009 &#8211; 10.4.2010.<\/p>\n<p>N\u00e4yttelyn ruotsinkieliset tekstit voit ladata pdf-tiedostona <a href=\"\/fileadmin\/ursa2010\/kuvat\/kirjakauppa\/SettFranParadiset.pdf\">t\u00e4\u00e4lt\u00e4<\/a>.<br \/>\nUtst\u00e4llningens texter p\u00e5 svenska hittar du <a href=\"\/fileadmin\/ursa2010\/kuvat\/kirjakauppa\/SettFranParadiset.pdf\">h\u00e4r<\/a>.<\/p>\n<p>Sis\u00e4lt\u00f6:<\/p>\n<p>1 Ajanluvun avaimet taivaan lahjana<br \/>\n2 Taivaan varhaiset kuvat<br \/>\n3 Taivaan palvonta<br \/>\n4 Kreikkalainen pallojen maailmankaikkeus<br \/>\n5 My\u00f6h\u00e4isantiikin taivaankartat ja t\u00e4htioppaat<br \/>\n6 Kalifin taivaallinen paratiisi<br \/>\n7 Taivaat keskiajan maailmankuvassa<br \/>\n8 Maan ja taivaiden sopusointu<br \/>\n9 Uuden ajan alun maailmankuvakeskustelu<br \/>\n10 Uuden ajan taivaankansi<br \/>\n11 N\u00e4k\u00f6kulma muuttuu<br \/>\n12 Merenkulkijan pituuspiirin ongelma<br \/>\n13 T\u00e4htitaivas sis\u00e4lt\u00e4p\u00e4in n\u00e4htyn\u00e4<br \/>\n14 Kumarruksia vallan edess\u00e4<br \/>\n15 Pallo hallussa<br \/>\n16 Etel\u00e4n eksotiikkaa, Argon haaksirikko ja Ilmapumppu<br \/>\n17 Varhainen suomalainen kosketus taivaaseen<br \/>\n18 Mik\u00e4 t\u00e4hti tuo on, miss\u00e4 on t\u00e4m\u00e4 t\u00e4hti?<br \/>\n19 Valokuvauksellinen t\u00e4htiluettelo ja taivaankartta \u2013 Carte du ciel<br \/>\n20 Suuret valokuvaukselliset taivaankartat<br \/>\n21 Harrastajan t\u00e4htikarttoja ja taivaanoppaita<br \/>\n22 T\u00e4m\u00e4n p\u00e4iv\u00e4n taivaan kuvat<br \/>\nSett fr\u00e5n paradiset &#8211; Stj\u00e4rnkartornas historia (svensk resum\u00e9)<\/p>\n","protected":false},"excerpt":{"rendered":"<p>Paratiisista katsoen esittelee t\u00e4htitaivaan kartoituksen historiaa antiikista nykyp\u00e4iv\u00e4\u00e4n tieteen ja kulttuurihistorian n\u00e4k\u00f6kulmasta. Nykyinen k\u00e4sityksemme maailmankaikkeuden alkuper\u00e4st\u00e4, rakenteesta ja kehityksest\u00e4 on syntynyt tieteen historian monen eri vaiheen kautta. Antiikin karttapalloista on [&hellip;]<\/p>\n","protected":false},"featured_media":4701,"comment_status":"open","ping_status":"closed","template":"","meta":[],"product_brand":[],"product_cat":[8],"product_tag":[],"class_list":{"0":"post-3519","1":"product","2":"type-product","3":"status-publish","4":"has-post-thumbnail","6":"product_cat-tahtitiede","7":"product_shipping_class-kirjakauppa","8":"pa_hintavaihtoehdot-jasenhinta","9":"pa_hintavaihtoehdot-suositushinta","10":"pa_isbn-1935","11":"pa_koko-250-x-295-mm","12":"pa_sivumaara-149","13":"pa_tekija-tapio-markkanen","15":"first","16":"instock","17":"taxable","18":"shipping-taxable","19":"purchasable","20":"product-type-variable","21":"has-default-attributes"},"exclude_global_add_ons":[],"addons":[],"_links":{"self":[{"href":"https:\/\/kauppa.ursa.fi\/kauppa\/wp-json\/wp\/v2\/product\/3519","targetHints":{"allow":["GET"]}}],"collection":[{"href":"https:\/\/kauppa.ursa.fi\/kauppa\/wp-json\/wp\/v2\/product"}],"about":[{"href":"https:\/\/kauppa.ursa.fi\/kauppa\/wp-json\/wp\/v2\/types\/product"}],"replies":[{"embeddable":true,"href":"https:\/\/kauppa.ursa.fi\/kauppa\/wp-json\/wp\/v2\/comments?post=3519"}],"wp:featuredmedia":[{"embeddable":true,"href":"https:\/\/kauppa.ursa.fi\/kauppa\/wp-json\/wp\/v2\/media\/4701"}],"wp:attachment":[{"href":"https:\/\/kauppa.ursa.fi\/kauppa\/wp-json\/wp\/v2\/media?parent=3519"}],"wp:term":[{"taxonomy":"product_brand","embeddable":true,"href":"https:\/\/kauppa.ursa.fi\/kauppa\/wp-json\/wp\/v2\/product_brand?post=3519"},{"taxonomy":"product_cat","embeddable":true,"href":"https:\/\/kauppa.ursa.fi\/kauppa\/wp-json\/wp\/v2\/product_cat?post=3519"},{"taxonomy":"product_tag","embeddable":true,"href":"https:\/\/kauppa.ursa.fi\/kauppa\/wp-json\/wp\/v2\/product_tag?post=3519"}],"curies":[{"name":"wp","href":"https:\/\/api.w.org\/{rel}","templated":true}]}}