 

{"id":3522,"date":"2009-11-16T14:44:28","date_gmt":"2009-11-16T12:44:28","guid":{"rendered":"https:\/\/kauppa.ursa.fi\/kauppa\/tuote\/universumi-tietokoneessa\/"},"modified":"2016-07-12T14:25:22","modified_gmt":"2016-07-12T11:25:22","slug":"universumi-tietokoneessa","status":"publish","type":"product","link":"https:\/\/kauppa.ursa.fi\/kauppa\/tuote\/universumi-tietokoneessa\/","title":{"rendered":"Universumi tietokoneessa"},"content":{"rendered":"<p>Tietokonesimulaatiot liittyv\u00e4t nykyisin l\u00e4hes kaikkeen t\u00e4htitieteelliseen ty\u00f6h\u00f6n. Niiden avulla tutkitaan muun muassa universumin synty\u00e4, galaksien ja t\u00e4htien kehityst\u00e4, planeettojen muodostumista, jopa el\u00e4m\u00e4n ilmestymist\u00e4 maailmankaikkeuteen. Simulaatioiden avulla voidaan kuvittaa n\u00e4kym\u00e4tt\u00f6mi\u00e4 ilmi\u00f6it\u00e4 kuten pime\u00e4\u00e4 ainetta ja saada kuvia aika- ja mittakaavoista joita kaukoputket eiv\u00e4t tavoita. Matkimalla todellisuutta yritet\u00e4\u00e4n jopa ennustaa maailmankaikkeuden tulevaisuutta.<\/p>\n<p>Simulaatioiden kehitys on ollut riippuvaista tietokoneiden laskentatehon kasvamisesta. Tutkijoiden tuoreet simulaatiotulokset on visualisoitu silm\u00e4\u00e4 hiveleviksi. T\u00e4m\u00e4 kirja onkin samalla kuvakirja, ja kuvien my\u00f6t\u00e4 se tarjoaa lukijalle h\u00e4tk\u00e4hdytt\u00e4v\u00e4n esteettisi\u00e4 kosmosel\u00e4myksi\u00e4.<\/p>\n","protected":false},"excerpt":{"rendered":"<p>Tietokonesimulaatiot liittyv\u00e4t nykyisin l\u00e4hes kaikkeen t\u00e4htitieteelliseen ty\u00f6h\u00f6n. Niiden avulla tutkitaan muun muassa universumin synty\u00e4, galaksien ja t\u00e4htien kehityst\u00e4, planeettojen muodostumista, jopa el\u00e4m\u00e4n ilmestymist\u00e4 maailmankaikkeuteen. Simulaatioiden avulla voidaan kuvittaa n\u00e4kym\u00e4tt\u00f6mi\u00e4 ilmi\u00f6it\u00e4 [&hellip;]<\/p>\n","protected":false},"featured_media":4704,"comment_status":"open","ping_status":"closed","template":"","meta":[],"product_brand":[],"product_cat":[8],"product_tag":[],"class_list":{"0":"post-3522","1":"product","2":"type-product","3":"status-publish","4":"has-post-thumbnail","6":"product_cat-tahtitiede","7":"product_shipping_class-kirjakauppa","8":"pa_hintavaihtoehdot-jasenhinta","9":"pa_hintavaihtoehdot-suositushinta","10":"pa_isbn-1934","11":"pa_sidontamalli-kovakantinen","12":"pa_sivumaara-78","13":"pa_tekija-leena-tahtinen-chris-flynn-ja-esko-valtaoja","15":"first","16":"instock","17":"taxable","18":"shipping-taxable","19":"purchasable","20":"product-type-variable","21":"has-default-attributes"},"exclude_global_add_ons":[],"addons":[],"_links":{"self":[{"href":"https:\/\/kauppa.ursa.fi\/kauppa\/wp-json\/wp\/v2\/product\/3522","targetHints":{"allow":["GET"]}}],"collection":[{"href":"https:\/\/kauppa.ursa.fi\/kauppa\/wp-json\/wp\/v2\/product"}],"about":[{"href":"https:\/\/kauppa.ursa.fi\/kauppa\/wp-json\/wp\/v2\/types\/product"}],"replies":[{"embeddable":true,"href":"https:\/\/kauppa.ursa.fi\/kauppa\/wp-json\/wp\/v2\/comments?post=3522"}],"wp:featuredmedia":[{"embeddable":true,"href":"https:\/\/kauppa.ursa.fi\/kauppa\/wp-json\/wp\/v2\/media\/4704"}],"wp:attachment":[{"href":"https:\/\/kauppa.ursa.fi\/kauppa\/wp-json\/wp\/v2\/media?parent=3522"}],"wp:term":[{"taxonomy":"product_brand","embeddable":true,"href":"https:\/\/kauppa.ursa.fi\/kauppa\/wp-json\/wp\/v2\/product_brand?post=3522"},{"taxonomy":"product_cat","embeddable":true,"href":"https:\/\/kauppa.ursa.fi\/kauppa\/wp-json\/wp\/v2\/product_cat?post=3522"},{"taxonomy":"product_tag","embeddable":true,"href":"https:\/\/kauppa.ursa.fi\/kauppa\/wp-json\/wp\/v2\/product_tag?post=3522"}],"curies":[{"name":"wp","href":"https:\/\/api.w.org\/{rel}","templated":true}]}}