 

{"id":3531,"date":"2010-04-13T13:00:35","date_gmt":"2010-04-13T10:00:35","guid":{"rendered":"https:\/\/kauppa.ursa.fi\/kauppa\/tuote\/saturnus-3\/"},"modified":"2022-11-16T15:10:44","modified_gmt":"2022-11-16T13:10:44","slug":"saturnus-3","status":"publish","type":"product","link":"https:\/\/kauppa.ursa.fi\/kauppa\/tuote\/saturnus-3\/","title":{"rendered":"Saturnus"},"content":{"rendered":"<p>Cassini-luotaimen kuva Saturnuksesta on koostettu 45 laajakulmakameran otoksesta. Kuvan v\u00e4rit vastaavat luonnollisia. Kuvanottohetkell\u00e4 Cassini oli 1,1 miljoonan kilometrin et\u00e4isyydell\u00e4 rengasplaneetasta. Renkaat n\u00e4ytt\u00e4ytyv\u00e4t planeettaan verrattuna tummilta, koska niiden valo on renkaiden l\u00e4pi tullutta ja sironnuta. Saturnus puolestaan heijastaa Auringon valoa. Planeetan pohjoisella pallonpuoliskolla n\u00e4kyy ymp\u00e4rist\u00f6\u00e4 kirkkaampia pilvipy\u00f6rteit\u00e4. Kuvassa on my\u00f6s kolme Saturnuksen kuuta, Janus, Mimas ja Pandora. Niist\u00e4 Janus ja Mimas erottuvat julisteessa selv\u00e4sti <a href=\"http:\/\/www.ursa.fi\/yhteiset\/kuvat\/kirjakauppa\/saturnusjakuut.jpg\" target=\"blank&quot;\" rel=\"noopener\">ks. kuiden paikat<\/a>.<br \/>\nKuva NASA\/JPL\/Space Science Institute.<\/p>\n","protected":false},"excerpt":{"rendered":"<p>Ursan uusi julistesarja!<\/p>\n","protected":false},"featured_media":4716,"comment_status":"open","ping_status":"closed","template":"","meta":[],"product_brand":[],"product_cat":[11],"product_tag":[],"class_list":{"0":"post-3531","1":"product","2":"type-product","3":"status-publish","4":"has-post-thumbnail","6":"product_cat-julisteet","7":"product_shipping_class-julisteet","8":"pa_hintavaihtoehdot-jasenhinta","9":"pa_hintavaihtoehdot-suositushinta","10":"pa_koko-792-x-594-cm","11":"pa_tekija-ursa-ry","13":"first","14":"instock","15":"taxable","16":"shipping-taxable","17":"purchasable","18":"product-type-variable","19":"has-default-attributes"},"exclude_global_add_ons":[],"addons":[],"_links":{"self":[{"href":"https:\/\/kauppa.ursa.fi\/kauppa\/wp-json\/wp\/v2\/product\/3531","targetHints":{"allow":["GET"]}}],"collection":[{"href":"https:\/\/kauppa.ursa.fi\/kauppa\/wp-json\/wp\/v2\/product"}],"about":[{"href":"https:\/\/kauppa.ursa.fi\/kauppa\/wp-json\/wp\/v2\/types\/product"}],"replies":[{"embeddable":true,"href":"https:\/\/kauppa.ursa.fi\/kauppa\/wp-json\/wp\/v2\/comments?post=3531"}],"wp:featuredmedia":[{"embeddable":true,"href":"https:\/\/kauppa.ursa.fi\/kauppa\/wp-json\/wp\/v2\/media\/4716"}],"wp:attachment":[{"href":"https:\/\/kauppa.ursa.fi\/kauppa\/wp-json\/wp\/v2\/media?parent=3531"}],"wp:term":[{"taxonomy":"product_brand","embeddable":true,"href":"https:\/\/kauppa.ursa.fi\/kauppa\/wp-json\/wp\/v2\/product_brand?post=3531"},{"taxonomy":"product_cat","embeddable":true,"href":"https:\/\/kauppa.ursa.fi\/kauppa\/wp-json\/wp\/v2\/product_cat?post=3531"},{"taxonomy":"product_tag","embeddable":true,"href":"https:\/\/kauppa.ursa.fi\/kauppa\/wp-json\/wp\/v2\/product_tag?post=3531"}],"curies":[{"name":"wp","href":"https:\/\/api.w.org\/{rel}","templated":true}]}}