 

{"id":3534,"date":"2010-09-09T10:15:18","date_gmt":"2010-09-09T07:15:18","guid":{"rendered":"https:\/\/kauppa.ursa.fi\/kauppa\/tuote\/tiedetta-kaikille-elama\/"},"modified":"2019-05-24T13:06:52","modified_gmt":"2019-05-24T10:06:52","slug":"tiedetta-kaikille-elama","status":"publish","type":"product","link":"https:\/\/kauppa.ursa.fi\/kauppa\/tuote\/tiedetta-kaikille-elama\/","title":{"rendered":"Tiedett\u00e4 kaikille: El\u00e4m\u00e4"},"content":{"rendered":"<p>Fossiilit osoittavat ett\u00e4 Maassa oli el\u00e4m\u00e4\u00e4 jo<br \/>\n3,4 miljardia vuotta sitten. T\u00e4st\u00e4 yksinkertaisesta alusta on kehittynyt kaikki maapallon nykyinen el\u00e4m\u00e4.<\/p>\n<p>El\u00e4m\u00e4 n\u00e4ytt\u00e4\u00e4 noudattavan tiettyj\u00e4 kaavoja, ymp\u00e4rill\u00e4mme ei k\u00e4yskentele pilvenpiirt\u00e4jien kokoisia j\u00e4ttil\u00e4isel\u00e4imi\u00e4 tai kuusijalkaisia nis\u00e4kk\u00e4it\u00e4. Uusia rakenteitakaan ei putkahda tyhj\u00e4st\u00e4. Ihmiset kuulevat tarkasti ja osaavat puhua, koska 500 miljoonaa vuotta sitten el\u00e4neen parisenttisen pikaian kiduskaaret ovat evoluution my\u00f6t\u00e4 kehittyneet korvan ja kurkun rakenteiksi. Mitk\u00e4 tekij\u00e4t vaikuttavat evoluutioon, mik\u00e4 sit\u00e4 rajoittaa?<\/p>\n<p>Vaatimukset el\u00e4m\u00e4n synnylle ovat ankarat ja ainoa tuntemamme esimerkki el\u00e4m\u00e4st\u00e4 on omalta maapalloltamme. Onko el\u00e4m\u00e4n synty maailmankaikkeudessa ainutkertaista? Millaista el\u00e4m\u00e4 voisi olla muilla planeetoilla ja miten sen voi tunnistaa?<\/p>\n<p>Tiedett\u00e4 kaikille -sarjan uusin teos johdattaa uteliaan lukijan el\u00e4v\u00e4\u00e4n luontoon ja elollisen ytimeen el\u00e4m\u00e4n syntymisen, historian ja nykytilanteen kautta evoluution n\u00e4k\u00f6kulmasta.<\/p>\n<p>Paleontologi, FT Suvi Viranta-Kovanen on tutkinut petoel\u00e4imi\u00e4 Washingtonin Smithsonian-instituutissa ja opettaa anatomiaa Helsingin yliopistossa.<\/p>\n<p>Sis\u00e4lt\u00f6:<\/p>\n<p>1 El\u00e4m\u00e4n olemus<br \/>\n2 El\u00e4m\u00e4n kemiaa<br \/>\n3 El\u00e4m\u00e4n synty<br \/>\n4 El\u00e4m\u00e4 kehittyy<br \/>\n5 El\u00e4m\u00e4n puun haarautuminen<br \/>\n6 Bakteerit<br \/>\n7 Arkit<br \/>\n8 Alkueli\u00f6t<br \/>\n9 Kasvit<br \/>\n10 Sienet<br \/>\n11 El\u00e4imet<br \/>\n12 Evoluution rajoitteet<br \/>\n13 Varhainen nis\u00e4kk\u00e4iden kehitys<br \/>\n14 Ekologiaa<br \/>\n15 El\u00e4m\u00e4\u00e4 maapallon ulkopuolella<\/p>\n<p><a href=\"https:\/\/www.ursa.fi\/kirjat\/korjauksia\/tiedetta-kaikille-elama.html\" target=\"_blank\" rel=\"noopener noreferrer\">Korjauksia kirjaan<\/a><\/p>\n","protected":false},"excerpt":{"rendered":"<p>Tiedett\u00e4 kaikille -sarjan uusin teos johdattaa uteliaan lukijan el\u00e4v\u00e4\u00e4n luontoon evoluution kautta.<\/p>\n","protected":false},"featured_media":4721,"comment_status":"open","ping_status":"closed","template":"","meta":[],"product_brand":[],"product_cat":[10,1574],"product_tag":[],"class_list":{"0":"post-3534","1":"product","2":"type-product","3":"status-publish","4":"has-post-thumbnail","6":"product_cat-muut-tietokirjat","7":"product_cat-lapsille","8":"product_shipping_class-kirjakauppa","9":"pa_hintavaihtoehdot-jasenhinta","10":"pa_hintavaihtoehdot-suositushinta","11":"pa_isbn-1941","12":"pa_sidontamalli-sid","13":"pa_sivumaara-632","14":"pa_tekija-suvi-viranta-kovanen","16":"first","17":"instock","18":"taxable","19":"shipping-taxable","20":"purchasable","21":"product-type-variable","22":"has-default-attributes"},"exclude_global_add_ons":[],"addons":[],"_links":{"self":[{"href":"https:\/\/kauppa.ursa.fi\/kauppa\/wp-json\/wp\/v2\/product\/3534","targetHints":{"allow":["GET"]}}],"collection":[{"href":"https:\/\/kauppa.ursa.fi\/kauppa\/wp-json\/wp\/v2\/product"}],"about":[{"href":"https:\/\/kauppa.ursa.fi\/kauppa\/wp-json\/wp\/v2\/types\/product"}],"replies":[{"embeddable":true,"href":"https:\/\/kauppa.ursa.fi\/kauppa\/wp-json\/wp\/v2\/comments?post=3534"}],"wp:featuredmedia":[{"embeddable":true,"href":"https:\/\/kauppa.ursa.fi\/kauppa\/wp-json\/wp\/v2\/media\/4721"}],"wp:attachment":[{"href":"https:\/\/kauppa.ursa.fi\/kauppa\/wp-json\/wp\/v2\/media?parent=3534"}],"wp:term":[{"taxonomy":"product_brand","embeddable":true,"href":"https:\/\/kauppa.ursa.fi\/kauppa\/wp-json\/wp\/v2\/product_brand?post=3534"},{"taxonomy":"product_cat","embeddable":true,"href":"https:\/\/kauppa.ursa.fi\/kauppa\/wp-json\/wp\/v2\/product_cat?post=3534"},{"taxonomy":"product_tag","embeddable":true,"href":"https:\/\/kauppa.ursa.fi\/kauppa\/wp-json\/wp\/v2\/product_tag?post=3534"}],"curies":[{"name":"wp","href":"https:\/\/api.w.org\/{rel}","templated":true}]}}