 

{"id":3539,"date":"2010-09-14T13:31:47","date_gmt":"2010-09-14T10:31:47","guid":{"rendered":"https:\/\/kauppa.ursa.fi\/kauppa\/tuote\/kosmoksen-siruja\/"},"modified":"2020-03-20T16:02:41","modified_gmt":"2020-03-20T14:02:41","slug":"kosmoksen-siruja","status":"publish","type":"product","link":"https:\/\/kauppa.ursa.fi\/kauppa\/tuote\/kosmoksen-siruja\/","title":{"rendered":"Kosmoksen siruja"},"content":{"rendered":"<p><strong><a href=\"https:\/\/kauppa.ursa.fi\/kauppa\/tuote\/kosmoksen-siruja-sahkokirja-pdf\/\">Saatavilla my\u00f6s maksuttomana pdf-tiedostona<\/a><\/strong>.<\/p>\n<hr \/>\n<p><i>Aloitin kirjoittajan urani l\u00e4hes nelj\u00e4kymment\u00e4viisi vuotta sitten, kun is\u00e4 pentele sujautti kirjoittamani kouluaineen Pohjolan Sanomiin artikkeliksi. Aiheena taisi olla kaukoputken kehitys, joten ei t\u00e4ss\u00e4 paljon ole kehityst\u00e4 tapahtunut.<\/i><\/p>\n<p>T\u00e4h\u00e4n kirjaan on koottu Esko Valtaojan artikkeleita ja muita lyhyit\u00e4 kirjoituksia. Valtaoja kirjoittaa \u201dtiet\u00e4m\u00e4tt\u00f6myytt\u00e4, toivottomuutta ja tylsistymist\u00e4 vastaan\u201d, aiheet kattavat tietenkin maailmankaikkeutemme outouksia: mustat aukot, pime\u00e4 aine ja energia, todellisuus, el\u00e4m\u00e4 ja sen synty, maailmanloppu.<\/p>\n<p>Valtaoja paneutuu luonnontieteilij\u00e4n asenteella my\u00f6s henkisempiin asioihin, kuten tutkijoiden uskonnollisuuteen, harhaoppeihin, tieteenfilosofiaan ja taiteeseen. Kirjan lopussa h\u00e4n spekuloi ihmiskunnan tulevaisuudesta ja avaruusmatkailun mahdollisuuksista.<\/p>\n<p>Valtaojalla on ehtym\u00e4tt\u00f6m\u00e4sti oivaltavia esimerkkej\u00e4 ja vertauksia. H\u00e4nen vahvasti omaan el\u00e4m\u00e4\u00e4n nojaava kerrontansa p\u00e4\u00e4st\u00e4\u00e4<br \/>\nmeid\u00e4t kurkistamaan loputtoman uteliaan tiedemiehen ajatuksiin. Aiemmin julkaistut artikkelit on varustettu tuoreilla j\u00e4lkisanoilla. Osa teksteist\u00e4 on ennen julkaisemattomia ja osa t\u00e4t\u00e4 kirjaa varten kirjoitettuja.<\/p>\n<p>Saatavilla s\u00e4hk\u00f6kirjana <a href=\"https:\/\/kirja.elisa.fi\/ekirja\/kosmoksen-siruja\" target=\"_&quot;blank&quot;\" rel=\"noopener noreferrer\">Elisa Kirjasta<\/a> ja <a href=\"http:\/\/www.ellibs.com\/fi\/book\/9789525329872\/kosmoksen-siruja\" target=\"_&quot;blank&quot;\" rel=\"noopener noreferrer\"> Ellibsist\u00e4<\/a>.<\/p>\n","protected":false},"excerpt":{"rendered":"<p>Esko Valtaojan kirjoituksia koottuna kirjaksi, &#8221;tiet\u00e4m\u00e4tt\u00f6myytt\u00e4, toivottomuutta ja tylsistymist\u00e4 vastaan&#8221;.<\/p>\n","protected":false},"featured_media":4728,"comment_status":"open","ping_status":"closed","template":"","meta":[],"product_brand":[],"product_cat":[10],"product_tag":[],"class_list":{"0":"post-3539","1":"product","2":"type-product","3":"status-publish","4":"has-post-thumbnail","6":"product_cat-muut-tietokirjat","7":"product_shipping_class-kirjakauppa","8":"pa_hintavaihtoehdot-jasenhinta","9":"pa_hintavaihtoehdot-suositushinta","10":"pa_isbn-1940","11":"pa_issn-0357-7937","12":"pa_koko-130-x-199-mm","13":"pa_sidontamalli-nid","14":"pa_sivumaara-191","15":"pa_tekija-esko-valtaoja","17":"first","18":"instock","19":"taxable","20":"shipping-taxable","21":"purchasable","22":"product-type-variable","23":"has-default-attributes"},"exclude_global_add_ons":[],"addons":[],"_links":{"self":[{"href":"https:\/\/kauppa.ursa.fi\/kauppa\/wp-json\/wp\/v2\/product\/3539","targetHints":{"allow":["GET"]}}],"collection":[{"href":"https:\/\/kauppa.ursa.fi\/kauppa\/wp-json\/wp\/v2\/product"}],"about":[{"href":"https:\/\/kauppa.ursa.fi\/kauppa\/wp-json\/wp\/v2\/types\/product"}],"replies":[{"embeddable":true,"href":"https:\/\/kauppa.ursa.fi\/kauppa\/wp-json\/wp\/v2\/comments?post=3539"}],"wp:featuredmedia":[{"embeddable":true,"href":"https:\/\/kauppa.ursa.fi\/kauppa\/wp-json\/wp\/v2\/media\/4728"}],"wp:attachment":[{"href":"https:\/\/kauppa.ursa.fi\/kauppa\/wp-json\/wp\/v2\/media?parent=3539"}],"wp:term":[{"taxonomy":"product_brand","embeddable":true,"href":"https:\/\/kauppa.ursa.fi\/kauppa\/wp-json\/wp\/v2\/product_brand?post=3539"},{"taxonomy":"product_cat","embeddable":true,"href":"https:\/\/kauppa.ursa.fi\/kauppa\/wp-json\/wp\/v2\/product_cat?post=3539"},{"taxonomy":"product_tag","embeddable":true,"href":"https:\/\/kauppa.ursa.fi\/kauppa\/wp-json\/wp\/v2\/product_tag?post=3539"}],"curies":[{"name":"wp","href":"https:\/\/api.w.org\/{rel}","templated":true}]}}