 

{"id":3548,"date":"2011-08-17T14:44:00","date_gmt":"2011-08-17T11:44:00","guid":{"rendered":"https:\/\/kauppa.ursa.fi\/kauppa\/tuote\/johdatus-suhteellisuusteoriaan\/"},"modified":"2024-06-26T10:00:39","modified_gmt":"2024-06-26T07:00:39","slug":"johdatus-suhteellisuusteoriaan","status":"publish","type":"product","link":"https:\/\/kauppa.ursa.fi\/kauppa\/tuote\/johdatus-suhteellisuusteoriaan\/","title":{"rendered":"Johdatus suhteellisuusteoriaan"},"content":{"rendered":"<p>Suhteellisuusteoria on yksi fysiikan ja ehk\u00e4 kaiken luonnontieteen suurimmista intellektuaalisista saavutuksista.<\/p>\n<p>Suhteellisuusteoria on teoria ajasta ja avaruudesta, ja se on monin tavoin arkikokemuksemme vastainen. Sen vuoksi sit\u00e4 pidet\u00e4\u00e4n usein vaikeana. Suhteellisuusteoriaa kohtaan tunnettua kauhunsekaista ihailua korostaa viel\u00e4 se, ett\u00e4 koko suhteellisuusteoria on yhden henkil\u00f6n, Albert Einsteinin, luomus.<\/p>\n<p>Suhteellisuusteorioita on kaksi. Suppea suhteellisuusteoria, joka syntyi vuonna 1905, vastaa kysymykseen, milt\u00e4 kappaleiden liikkeet n\u00e4ytt\u00e4v\u00e4t eri havaitsijoiden n\u00e4k\u00f6kulmista. Teoriasta on per\u00e4isin mm. fysiikan kuuluisin kaava. Yleinen suhteellisuusteoria on suppean suhteellisuusteorian yleistys ja tarkastelee toistensa suhteen kiihtyv\u00e4ss\u00e4 liikkeess\u00e4 olevia havaitsijoita. Yleinen suhteellisuusteoria on n\u00e4in teoria painovoimasta eli gravitaatiosta. Yleisen suhteellisuusteorian sovellusala l\u00f6ytyy yh\u00e4 enenev\u00e4ss\u00e4 m\u00e4\u00e4rin astrofysiikan lis\u00e4ksi kosmologiasta, sill\u00e4 se on my\u00f6s teoria kaiken totaliteetille eli koko maailmankaikkeudelle.<\/p>\n<p>Helsingin yliopiston kosmologian professori ja tietokirjailija Kari Enqvist on tehnyt kirjan yliopistossa pit\u00e4miens\u00e4 Suhteellisuusteorian perusteet ja Modernin fysiikan alkeet -luentojen pohjalta. Kirja ei ole jokamiehen opus, vaan fyysikon kirja suhteellisuusteoriasta ja sis\u00e4lt\u00e4\u00e4 runsaasti lukiotasoista ja edistyneemp\u00e4\u00e4kin matematiikkaa, mik\u00e4 varoituksena mainittakoon.<\/p>\n<p>Saatavissa opiskelijahintaan Rosebud Sivullisesta.<\/p>\n<p>Sis\u00e4lt\u00f6:<\/p>\n<p>1 Johdanto<br \/>\n2 Liikeopin perusteista<br \/>\n3 Maxwellin yht\u00e4l\u00f6t<br \/>\n4 Suhteellisuusteorian perusperiaatteet<br \/>\n5 Lorentzin muunnosten seurauksia<br \/>\n6 Avaruusaika<br \/>\n7 Suppean suhteellisuusteorian dynamiikkaa<br \/>\n8 Yleinen suhteellisuusteoria<br \/>\n9 Mustat aukot<br \/>\n10 Kosmologia<\/p>\n","protected":false},"excerpt":{"rendered":"<p>Suhteellisuusteorian perusteet.<\/p>\n","protected":false},"featured_media":4741,"comment_status":"open","ping_status":"closed","template":"","meta":[],"product_brand":[],"product_cat":[10],"product_tag":[],"class_list":{"0":"post-3548","1":"product","2":"type-product","3":"status-publish","4":"has-post-thumbnail","6":"product_cat-muut-tietokirjat","7":"product_shipping_class-kirjakauppa","8":"pa_hintavaihtoehdot-jasenhinta","9":"pa_hintavaihtoehdot-suositushinta","10":"pa_isbn-1937","11":"pa_sivumaara-435","12":"pa_tekija-kari-enqvist","14":"first","15":"instock","16":"taxable","17":"shipping-taxable","18":"purchasable","19":"product-type-variable","20":"has-default-attributes"},"exclude_global_add_ons":[],"addons":[],"_links":{"self":[{"href":"https:\/\/kauppa.ursa.fi\/kauppa\/wp-json\/wp\/v2\/product\/3548","targetHints":{"allow":["GET"]}}],"collection":[{"href":"https:\/\/kauppa.ursa.fi\/kauppa\/wp-json\/wp\/v2\/product"}],"about":[{"href":"https:\/\/kauppa.ursa.fi\/kauppa\/wp-json\/wp\/v2\/types\/product"}],"replies":[{"embeddable":true,"href":"https:\/\/kauppa.ursa.fi\/kauppa\/wp-json\/wp\/v2\/comments?post=3548"}],"wp:featuredmedia":[{"embeddable":true,"href":"https:\/\/kauppa.ursa.fi\/kauppa\/wp-json\/wp\/v2\/media\/4741"}],"wp:attachment":[{"href":"https:\/\/kauppa.ursa.fi\/kauppa\/wp-json\/wp\/v2\/media?parent=3548"}],"wp:term":[{"taxonomy":"product_brand","embeddable":true,"href":"https:\/\/kauppa.ursa.fi\/kauppa\/wp-json\/wp\/v2\/product_brand?post=3548"},{"taxonomy":"product_cat","embeddable":true,"href":"https:\/\/kauppa.ursa.fi\/kauppa\/wp-json\/wp\/v2\/product_cat?post=3548"},{"taxonomy":"product_tag","embeddable":true,"href":"https:\/\/kauppa.ursa.fi\/kauppa\/wp-json\/wp\/v2\/product_tag?post=3548"}],"curies":[{"name":"wp","href":"https:\/\/api.w.org\/{rel}","templated":true}]}}