 

{"id":3559,"date":"2012-05-14T08:38:49","date_gmt":"2012-05-14T05:38:49","guid":{"rendered":"https:\/\/kauppa.ursa.fi\/kauppa\/tuote\/auringonpimennyslasit-2\/"},"modified":"2026-05-14T18:11:38","modified_gmt":"2026-05-14T15:11:38","slug":"auringonpimennyslasit-2","status":"publish","type":"product","link":"https:\/\/kauppa.ursa.fi\/kauppa\/tuote\/auringonpimennyslasit-2\/","title":{"rendered":"Auringonpimennyslasit"},"content":{"rendered":"<p>Auringonpimennyslaseilla voit katsella Aurinkoa turvallisesti. Aurinkoa ei saa katsoa ilman silmien asianmukaista suojaamista. Laseilla ei saa katsoa Aurinkoa kiikareiden tai kaukoputken l\u00e4vitse<\/p>\n<p>Pimennyslaseissa on pahvikehys. Sallittu yht\u00e4jaksoinen katseluaika korkeintaan 3 min. kerrallaan. Laseja ei saa k\u00e4ytt\u00e4\u00e4 kiikarin, kaukoputken, kameran tms. kanssa. Laseja ei saa k\u00e4ytt\u00e4\u00e4 silm\u00e4leikkauksen tai silm\u00e4tulehduksen aikana tai v\u00e4litt\u00f6m\u00e4sti n\u00e4iden j\u00e4lkeen. K\u00e4ytt\u00f6 ainoastaan aikuisen valvonnassa. Rikkoutuneet lasit tulee h\u00e4vitt\u00e4\u00e4.<\/p>\n<p>Valmistuttaja: Baader Planetarium, Saksa. Optinen tiheys 5. CE-merkitty. L\u00e4p\u00e4isy henkil\u00f6nsuojaindirektiivin standardin EN ISO 12312-2:2015 -mukainen.<\/p>\n<p><span style=\"color: #3366ff;\"><a style=\"color: #3366ff;\" href=\"https:\/\/www.ursa.fi\/havaitse-aurinkoa-turvallisesti\" target=\"_blank\" rel=\"noopener\"><span style=\"color: #0000ff;\">N\u00e4in katselet auringonpimennyst\u00e4 turvallisest<\/span>i<\/a><a style=\"color: #3366ff;\" href=\"https:\/\/www.ursa.fi\/havaitse-aurinkoa-turvallisesti\" target=\"_blank\" rel=\"noopener\">\u00a0<\/a><\/span>(linkki avautuu uuteen ikkunaan)<\/p>\n","protected":false},"excerpt":{"rendered":"<p>Auringonpimennyslasit turvalliseen Auringon tarkkailuun<\/p>\n","protected":false},"featured_media":46889,"comment_status":"open","ping_status":"closed","template":"","meta":[],"product_brand":[],"product_cat":[2063,2046,16],"product_tag":[],"class_list":{"0":"post-3559","1":"product","2":"type-product","3":"status-publish","4":"has-post-thumbnail","6":"product_cat-auringonpimennys","7":"product_cat-vain-sahkoinen-maksutapa","8":"product_cat-lisavarusteet","9":"product_shipping_class-lisavaruste","10":"pa_hintavaihtoehdot-jasenhinta","11":"pa_hintavaihtoehdot-suositushinta","12":"pa_tekija-baader-planetarium","13":"pa_valmistaja-baader-planetarium","15":"first","16":"instock","17":"taxable","18":"shipping-taxable","19":"purchasable","20":"product-type-simple"},"exclude_global_add_ons":[],"addons":[],"_links":{"self":[{"href":"https:\/\/kauppa.ursa.fi\/kauppa\/wp-json\/wp\/v2\/product\/3559","targetHints":{"allow":["GET"]}}],"collection":[{"href":"https:\/\/kauppa.ursa.fi\/kauppa\/wp-json\/wp\/v2\/product"}],"about":[{"href":"https:\/\/kauppa.ursa.fi\/kauppa\/wp-json\/wp\/v2\/types\/product"}],"replies":[{"embeddable":true,"href":"https:\/\/kauppa.ursa.fi\/kauppa\/wp-json\/wp\/v2\/comments?post=3559"}],"wp:featuredmedia":[{"embeddable":true,"href":"https:\/\/kauppa.ursa.fi\/kauppa\/wp-json\/wp\/v2\/media\/46889"}],"wp:attachment":[{"href":"https:\/\/kauppa.ursa.fi\/kauppa\/wp-json\/wp\/v2\/media?parent=3559"}],"wp:term":[{"taxonomy":"product_brand","embeddable":true,"href":"https:\/\/kauppa.ursa.fi\/kauppa\/wp-json\/wp\/v2\/product_brand?post=3559"},{"taxonomy":"product_cat","embeddable":true,"href":"https:\/\/kauppa.ursa.fi\/kauppa\/wp-json\/wp\/v2\/product_cat?post=3559"},{"taxonomy":"product_tag","embeddable":true,"href":"https:\/\/kauppa.ursa.fi\/kauppa\/wp-json\/wp\/v2\/product_tag?post=3559"}],"curies":[{"name":"wp","href":"https:\/\/api.w.org\/{rel}","templated":true}]}}