 

{"id":3562,"date":"2012-09-06T14:44:53","date_gmt":"2012-09-06T11:44:53","guid":{"rendered":"https:\/\/kauppa.ursa.fi\/kauppa\/tuote\/kaiken-kasikirja\/"},"modified":"2019-11-08T15:02:03","modified_gmt":"2019-11-08T13:02:03","slug":"kaiken-kasikirja","status":"publish","type":"product","link":"https:\/\/kauppa.ursa.fi\/kauppa\/tuote\/kaiken-kasikirja\/","title":{"rendered":"Kaiken k\u00e4sikirja"},"content":{"rendered":"<p>Esko Valtaojalle tietokirjallisuuden Lauri J\u00e4ntin palkinto 2013 Kaiken k\u00e4sikirjasta:<br \/>\n<i>Kaiken k\u00e4sikirjassa Esko Valtaoja tiivist\u00e4\u00e4 viihdytt\u00e4v\u00e4sti 222 sivuun kaiken, mist\u00e4 jokaisen ihmisen pit\u00e4isi olla tietoinen. Vaikka ihan kaikkea ei kateta, kirja liikkuu vaivoitta kvanttifysiikan ja evoluution, aineen ja hengen kysymyksiss\u00e4 ja n\u00e4ytt\u00e4\u00e4, kuinka tiedon tulvasta l\u00f6ydet\u00e4\u00e4n olennaisin. Tiede avautuu lukijalle kiehtovana ja ihmeellisen\u00e4. T\u00e4htitieteen professori Valtaojan kirjan nimi on p\u00f6yhke\u00e4. Kun aiheena on kaikki, tyylilajina kepe\u00e4 popularisointi ja mausteena raflaava tarinointi, ollaan ep\u00e4tavallisen tietokirjan \u00e4\u00e4rell\u00e4. Ihmisten \u00e4rsytt\u00e4misest\u00e4 tulee mukavan p\u00f6rr\u00f6inen olo, Valtaoja on todennut. T\u00e4m\u00e4n kirjan lukemisesta tulee mukavan utelias olo.<\/i><\/p>\n<p>Maailma on h\u00e4mm\u00e4stytt\u00e4v\u00e4, monimuotoinen ja pitk\u00e4lti selitt\u00e4m\u00e4t\u00f6n. Esko Valtaoja ei lannistu v\u00e4h\u00e4st\u00e4 vaan heitt\u00e4\u00e4 peliin tieteen. Tuloksena on k\u00e4sikirja kaikesta.<\/p>\n<p>&#8221;Mit\u00e4 teemme kaikella tiedolla? Parempaa maailmaa. Meille ei ole en\u00e4\u00e4 sijaa maailmassa, josta tulimme; tiedon portit ovat avautuneet eik\u00e4 menneisyyteen ole paluuta. Mutta tieto on j\u00e4sennelt\u00e4v\u00e4, siit\u00e4 on koetettava l\u00f6yt\u00e4\u00e4 se olennaisin ydin, jonka varaan voi sitten omien halujensa, kykyjens\u00e4 ja tarpeittensa mukaan rakentaa oman Kaiken k\u00e4sikirjansa, oppaansa maailmaan. T\u00e4m\u00e4 kirja on minun yritykseni tiivist\u00e4\u00e4 kaikki olennainen maailmasta ja ihmisest\u00e4, aineesta ja hengest\u00e4, pariinsataan sivuun.&#8221;<\/p>\n","protected":false},"excerpt":{"rendered":"<p>Esko Valtaoja tiivist\u00e4\u00e4 kaiken olennaisen maailmasta ja ihmisest\u00e4 yksiin kansiin. Lauri J\u00e4ntin palkinto 2013.<\/p>\n","protected":false},"featured_media":4759,"comment_status":"open","ping_status":"closed","template":"","meta":[],"product_brand":[],"product_cat":[10],"product_tag":[],"class_list":{"0":"post-3562","1":"product","2":"type-product","3":"status-publish","4":"has-post-thumbnail","6":"product_cat-muut-tietokirjat","7":"product_shipping_class-kirjakauppa","8":"pa_alkuperainen-julkaisuvuosi-964","9":"pa_hintavaihtoehdot-jasenhinta","10":"pa_hintavaihtoehdot-suositushinta","11":"pa_isbn-968","12":"pa_sidontamalli-sid","13":"pa_sivumaara-962","14":"pa_tekija-esko-valtaoja","16":"first","17":"instock","18":"taxable","19":"shipping-taxable","20":"purchasable","21":"product-type-variable","22":"has-default-attributes"},"exclude_global_add_ons":[],"addons":[],"_links":{"self":[{"href":"https:\/\/kauppa.ursa.fi\/kauppa\/wp-json\/wp\/v2\/product\/3562","targetHints":{"allow":["GET"]}}],"collection":[{"href":"https:\/\/kauppa.ursa.fi\/kauppa\/wp-json\/wp\/v2\/product"}],"about":[{"href":"https:\/\/kauppa.ursa.fi\/kauppa\/wp-json\/wp\/v2\/types\/product"}],"replies":[{"embeddable":true,"href":"https:\/\/kauppa.ursa.fi\/kauppa\/wp-json\/wp\/v2\/comments?post=3562"}],"wp:featuredmedia":[{"embeddable":true,"href":"https:\/\/kauppa.ursa.fi\/kauppa\/wp-json\/wp\/v2\/media\/4759"}],"wp:attachment":[{"href":"https:\/\/kauppa.ursa.fi\/kauppa\/wp-json\/wp\/v2\/media?parent=3562"}],"wp:term":[{"taxonomy":"product_brand","embeddable":true,"href":"https:\/\/kauppa.ursa.fi\/kauppa\/wp-json\/wp\/v2\/product_brand?post=3562"},{"taxonomy":"product_cat","embeddable":true,"href":"https:\/\/kauppa.ursa.fi\/kauppa\/wp-json\/wp\/v2\/product_cat?post=3562"},{"taxonomy":"product_tag","embeddable":true,"href":"https:\/\/kauppa.ursa.fi\/kauppa\/wp-json\/wp\/v2\/product_tag?post=3562"}],"curies":[{"name":"wp","href":"https:\/\/api.w.org\/{rel}","templated":true}]}}