 

{"id":3564,"date":"2012-09-06T15:00:52","date_gmt":"2012-09-06T12:00:52","guid":{"rendered":"https:\/\/kauppa.ursa.fi\/kauppa\/tuote\/avaruusluotainten-abc\/"},"modified":"2019-05-24T12:58:00","modified_gmt":"2019-05-24T09:58:00","slug":"avaruusluotainten-abc","status":"publish","type":"product","link":"https:\/\/kauppa.ursa.fi\/kauppa\/tuote\/avaruusluotainten-abc\/","title":{"rendered":"Avaruusluotainten ABC"},"content":{"rendered":"<p>Miten upeat kuvat toisilta planeetoilta saadaan? Kuinka robottiluotaimet voidaan lenn\u00e4tt\u00e4\u00e4 tarkasti kaukaisillekin taivaankappaleille? Mik\u00e4 on avaruusluotaimen anatomia? Milt\u00e4 tutkijasta tuntuu, kun luotain rys\u00e4ht\u00e4\u00e4 Marsin pintaan tai l\u00e4hett\u00e4\u00e4 vuosikymmenen kest\u00e4neen lennon j\u00e4lkeen ensimm\u00e4iset tiedot kaukaisen kuun pinnalta?<\/p>\n<p>Avaruusluotainten ABC kertoo miten monimutkaiset avaruusluotaimet tehd\u00e4\u00e4n ja kuinka ne pystyt\u00e4\u00e4n ohjaamaan tuntemattomiin uusiin maailmoihin interplanetaaristen et\u00e4isyyksien p\u00e4\u00e4h\u00e4n. Kirjassa ratsastetaan luotaimien mukana Auringon luokse, planeetoille, Kuuhun ja komeetalle sek\u00e4 uskaltaudutaan aurinkokunnan ulkopuolelle kurottamaan kohti l\u00e4himpi\u00e4 t\u00e4hti\u00e4.<\/p>\n<p>Sis\u00e4lt\u00f6:<\/p>\n<p>1 Hasardihommaa<br \/>\n2 Teemme avaruusaluksen<br \/>\n3 Interplanetaarista biljardia<br \/>\n4 Erinomaisen kiinnostava helvetti<br \/>\n5 Hei, Kuu-ukko!<br \/>\n6 Rallia punaisella planeetalla<br \/>\n7 Komeettajahti on alkanut<br \/>\n8 J\u00e4ttil\u00e4isten vakoojat<br \/>\n9 Tapaus Titan<br \/>\n10 H\u00e4m\u00e4r\u00e4n rajoilla<br \/>\n11 T\u00e4htiin!<\/p>\n","protected":false},"excerpt":{"rendered":"<p>Avaruusluotaimet ovat nykyajan tutkimusmatkailijoita.<\/p>\n","protected":false},"featured_media":4763,"comment_status":"open","ping_status":"closed","template":"","meta":[],"product_brand":[],"product_cat":[8],"product_tag":[],"class_list":{"0":"post-3564","1":"product","2":"type-product","3":"status-publish","4":"has-post-thumbnail","6":"product_cat-tahtitiede","7":"product_shipping_class-kirjakauppa","8":"pa_hintavaihtoehdot-jasenhinta","9":"pa_hintavaihtoehdot-suositushinta","10":"pa_isbn-976","11":"pa_sidontamalli-nid","12":"pa_sivumaara-972","13":"pa_tekija-jari-makinen","15":"first","16":"instock","17":"taxable","18":"shipping-taxable","19":"purchasable","20":"product-type-variable","21":"has-default-attributes"},"exclude_global_add_ons":[],"addons":[],"_links":{"self":[{"href":"https:\/\/kauppa.ursa.fi\/kauppa\/wp-json\/wp\/v2\/product\/3564","targetHints":{"allow":["GET"]}}],"collection":[{"href":"https:\/\/kauppa.ursa.fi\/kauppa\/wp-json\/wp\/v2\/product"}],"about":[{"href":"https:\/\/kauppa.ursa.fi\/kauppa\/wp-json\/wp\/v2\/types\/product"}],"replies":[{"embeddable":true,"href":"https:\/\/kauppa.ursa.fi\/kauppa\/wp-json\/wp\/v2\/comments?post=3564"}],"wp:featuredmedia":[{"embeddable":true,"href":"https:\/\/kauppa.ursa.fi\/kauppa\/wp-json\/wp\/v2\/media\/4763"}],"wp:attachment":[{"href":"https:\/\/kauppa.ursa.fi\/kauppa\/wp-json\/wp\/v2\/media?parent=3564"}],"wp:term":[{"taxonomy":"product_brand","embeddable":true,"href":"https:\/\/kauppa.ursa.fi\/kauppa\/wp-json\/wp\/v2\/product_brand?post=3564"},{"taxonomy":"product_cat","embeddable":true,"href":"https:\/\/kauppa.ursa.fi\/kauppa\/wp-json\/wp\/v2\/product_cat?post=3564"},{"taxonomy":"product_tag","embeddable":true,"href":"https:\/\/kauppa.ursa.fi\/kauppa\/wp-json\/wp\/v2\/product_tag?post=3564"}],"curies":[{"name":"wp","href":"https:\/\/api.w.org\/{rel}","templated":true}]}}