 

{"id":3568,"date":"2013-01-31T12:11:23","date_gmt":"2013-01-31T10:11:23","guid":{"rendered":"https:\/\/kauppa.ursa.fi\/kauppa\/tuote\/vesillaliikkujan-saaopas\/"},"modified":"2019-05-24T12:03:01","modified_gmt":"2019-05-24T09:03:01","slug":"vesillaliikkujan-saaopas","status":"publish","type":"product","link":"https:\/\/kauppa.ursa.fi\/kauppa\/tuote\/vesillaliikkujan-saaopas\/","title":{"rendered":"Vesill\u00e4liikkujan s\u00e4\u00e4opas"},"content":{"rendered":"<p>Tulevan s\u00e4\u00e4n ennakoiminen on veneilless\u00e4 elint\u00e4rke\u00e4\u00e4, oli sitten liikkeell\u00e4 kanootilla, moottori- tai purjeveneell\u00e4. Vesill\u00e4liikkujan s\u00e4\u00e4oppaassa kerrotaan, mist\u00e4 l\u00f6yt\u00e4\u00e4 luotettavat ennusteet ja miten ennustetta voi tarkentaa itse vaikkapa pilvi\u00e4 ja haloja tarkkailemalla. Merell\u00e4 ja j\u00e4rvill\u00e4 taivas on hyvin n\u00e4kyviss\u00e4 ja luonnon havainnointi on muutenkin palkitsevaa ajankulua. Kirja on suunnattu veneilij\u00f6ille, mutta tarjoaa k\u00e4ytt\u00f6kelpoista s\u00e4\u00e4tietoa my\u00f6s muille retkeilij\u00f6ille.<\/p>\n<p>S\u00e4\u00e4ll\u00e4, aallokolla ja merivedenkorkeudella on suuri merkitys veneilless\u00e4. Mit\u00e4 paremmin veneilij\u00e4 ymm\u00e4rt\u00e4\u00e4 ja seuraa s\u00e4\u00e4t\u00e4, sit\u00e4 turvallisempaa veneily on.<\/p>\n<p>Ilmatieteen laitoksen asiantuntijat ovat koonneet nopeasti hahmotettavan oppaan s\u00e4\u00e4st\u00e4 ja vesill\u00e4liikkujille tarkoitetuista ennusteista, varoituksista ja muista palveluista. Asiantuntijat opastavat, kuinka s\u00e4\u00e4t\u00e4 kannattaa seurata my\u00f6s itse ja kuinka yhdist\u00e4\u00e4 omat havainnot ajankohtaisiin ennusteisiin.<\/p>\n<p>S\u00e4\u00e4tietoa on koko ajan enemm\u00e4n saatavilla. Luotettavien verkkosivujen ja erilaisten mobiilipalveluiden merkitys kasvaa samalla kun Radio Suomen meris\u00e4\u00e4 varoituksineen s\u00e4ilyy yh\u00e4 edelleen olennaisena osana veneilij\u00f6iden palveluita.<\/p>\n<p>Sis\u00e4lt\u00f6:<\/p>\n<p>Vinkkej\u00e4 veneilij\u00e4lle \u2013 miksi s\u00e4\u00e4t\u00e4 on syyt\u00e4 tarkkailla?.<br \/>\nVaroitukset auttavat ennakoimaan<br \/>\nYleist\u00e4 s\u00e4\u00e4ilmi\u00f6ist\u00e4<br \/>\nPerustietoa tuulesta<br \/>\nN\u00e4kyvyys ja sit\u00e4 heikent\u00e4v\u00e4t ilmi\u00f6t<br \/>\nRajuilma voi yll\u00e4tt\u00e4\u00e4 veneilij\u00e4n<br \/>\nAallokkoa, j\u00e4\u00e4t\u00e4 ja muuta merellist\u00e4 asiaa<br \/>\nHavainnot merell\u00e4 ja rannalla<br \/>\nS\u00e4\u00e4ennuste \u2013 yhdistelm\u00e4 tiedett\u00e4 ja taitoa<br \/>\nS\u00e4\u00e4n ja luonnon tarkkailu<br \/>\nS\u00e4\u00e4ennusteet veneilij\u00f6ille<br \/>\nLiitteet<br \/>\nHakemisto<\/p>\n","protected":false},"excerpt":{"rendered":"<p>K\u00e4yt\u00e4nn\u00f6llinen s\u00e4\u00e4opas.<\/p>\n","protected":false},"featured_media":4771,"comment_status":"open","ping_status":"closed","template":"","meta":[],"product_brand":[],"product_cat":[10],"product_tag":[],"class_list":{"0":"post-3568","1":"product","2":"type-product","3":"status-publish","4":"has-post-thumbnail","6":"product_cat-muut-tietokirjat","7":"product_shipping_class-kirjakauppa","8":"pa_hintavaihtoehdot-jasenhinta","9":"pa_hintavaihtoehdot-suositushinta","10":"pa_isbn-1933","11":"pa_koko-a5","12":"pa_muut-tekijat-toimituskunta-marja-aarnio-frisk-nina-kukkurainen-ja-eija-vallinheimo-kirjoittajat-marja-aarnio-frisk-pekka-alenius-mikael-frisk-sari-hartonenmilla-johansson-janne-kotro-leila-maiche-pla","13":"pa_sidontamalli-wiresidottu","14":"pa_sivumaara-993","15":"pa_tekija-sari-hartonen-toim","17":"first","18":"instock","19":"taxable","20":"shipping-taxable","21":"purchasable","22":"product-type-variable","23":"has-default-attributes"},"exclude_global_add_ons":[],"addons":[],"_links":{"self":[{"href":"https:\/\/kauppa.ursa.fi\/kauppa\/wp-json\/wp\/v2\/product\/3568","targetHints":{"allow":["GET"]}}],"collection":[{"href":"https:\/\/kauppa.ursa.fi\/kauppa\/wp-json\/wp\/v2\/product"}],"about":[{"href":"https:\/\/kauppa.ursa.fi\/kauppa\/wp-json\/wp\/v2\/types\/product"}],"replies":[{"embeddable":true,"href":"https:\/\/kauppa.ursa.fi\/kauppa\/wp-json\/wp\/v2\/comments?post=3568"}],"wp:featuredmedia":[{"embeddable":true,"href":"https:\/\/kauppa.ursa.fi\/kauppa\/wp-json\/wp\/v2\/media\/4771"}],"wp:attachment":[{"href":"https:\/\/kauppa.ursa.fi\/kauppa\/wp-json\/wp\/v2\/media?parent=3568"}],"wp:term":[{"taxonomy":"product_brand","embeddable":true,"href":"https:\/\/kauppa.ursa.fi\/kauppa\/wp-json\/wp\/v2\/product_brand?post=3568"},{"taxonomy":"product_cat","embeddable":true,"href":"https:\/\/kauppa.ursa.fi\/kauppa\/wp-json\/wp\/v2\/product_cat?post=3568"},{"taxonomy":"product_tag","embeddable":true,"href":"https:\/\/kauppa.ursa.fi\/kauppa\/wp-json\/wp\/v2\/product_tag?post=3568"}],"curies":[{"name":"wp","href":"https:\/\/api.w.org\/{rel}","templated":true}]}}