 

{"id":3574,"date":"2013-09-19T11:43:21","date_gmt":"2013-09-19T08:43:21","guid":{"rendered":"https:\/\/kauppa.ursa.fi\/kauppa\/tuote\/tahdenlento-poytalaatikossa\/"},"modified":"2019-05-24T12:22:05","modified_gmt":"2019-05-24T09:22:05","slug":"tahdenlento-poytalaatikossa","status":"publish","type":"product","link":"https:\/\/kauppa.ursa.fi\/kauppa\/tuote\/tahdenlento-poytalaatikossa\/","title":{"rendered":"T\u00e4hdenlento p\u00f6yt\u00e4laatikossa"},"content":{"rendered":"<p>Lisbeth Landefort pakeni nuorena natseja It\u00e4vallasta Suomeen. H\u00e4nest\u00e4 tuli n\u00e4yttelij\u00e4, muusikko ja lopulta oopperaohjaaja.<br \/>\nLandefort tarjoilee el\u00e4m\u00e4st\u00e4\u00e4n v\u00e4l\u00e4hdyksi\u00e4, joissa t\u00e4htitaivas limittyy koettuihin hetkiin. H\u00e4n haluaa tiet\u00e4\u00e4, mist\u00e4 taivaankappaleissa on kyse ja pyyt\u00e4\u00e4 oppaakseen Esko Valtaojan: &#8221;Tehd\u00e4\u00e4n me yhdess\u00e4 kirja! Min\u00e4 ihmettelen ja sin\u00e4 selit\u00e4t!&#8221;<br \/>\nLandefortin kysymykset tiivist\u00e4v\u00e4t, miten ihminen viime k\u00e4dess\u00e4 maailmankaikkeuden kokee. Vain paljon n\u00e4hnyt voi olla n\u00e4in rohkea. Esko Valtaoja vastaa kysymyksiin tyylilleen uskollisena:&#8221;Minne t\u00e4hdenlento p\u00e4\u00e4tyy? Kerronpa sinulle salaisuuden, Lisbeth. Minun p\u00f6yt\u00e4laatikkooni.&#8221;<br \/>\nOman n\u00e4k\u00f6kulmansa tarinoihin tuo kirjan kuvittanut taidegraafikko Tuula Moilanen, joka on asunut pitk\u00e4\u00e4n Japanissa ja hakee innoituksensa sik\u00e4l\u00e4isist\u00e4 puupiirroksista ja mangasta.<\/p>\n<p>Sis\u00e4lt\u00f6:<\/p>\n<p>Maailmankaikkeuden matkaajat 7<br \/>\nTimantti taivaalla 9<br \/>\nMeid\u00e4n kes\u00e4m\u00f6kkimme 11<br \/>\nNapay\u00f6 15<br \/>\nKoivu ja t\u00e4hti 17<br \/>\nOnnekkaiden t\u00e4htien alla 21<br \/>\nTuiki tuiki t\u00e4ht\u00f6nen 23<br \/>\nTieteen vapauden puolustaja 27<br \/>\nMata Kite Rani 29<br \/>\nTaivaallisia tarinoita 33<br \/>\nTulossa vai menossa? 35<br \/>\nKaukainen vieras 39<br \/>\nT\u00e4htitieteellisen suuria lukuja 41<br \/>\nRakkaalla lapsella on monta nime\u00e4 45<br \/>\nPosti kulkee 47<br \/>\nKuu-ukon kepposia 51<\/p>\n","protected":false},"excerpt":{"rendered":"<p>&#8221;Minne t\u00e4hdenlento p\u00e4\u00e4tyy? Kerronpa sinulle salaisuuden, Lisbeth. Minun p\u00f6yt\u00e4laatikkooni.&#8221;<\/p>\n","protected":false},"featured_media":10490,"comment_status":"open","ping_status":"closed","template":"","meta":[],"product_brand":[],"product_cat":[10],"product_tag":[],"class_list":{"0":"post-3574","1":"product","2":"type-product","3":"status-publish","4":"has-post-thumbnail","6":"product_cat-muut-tietokirjat","7":"product_shipping_class-kirjakauppa","8":"pa_hintavaihtoehdot-jasenhinta","9":"pa_hintavaihtoehdot-suositushinta","10":"pa_isbn-1035","11":"pa_koko-185-x-265-mm","12":"pa_sidontamalli-sid","13":"pa_sivumaara-216","14":"pa_tekija-esko-valtaoja-lisbeth-landefort-ja-tuula-moilanen","16":"first","17":"instock","18":"taxable","19":"shipping-taxable","20":"purchasable","21":"product-type-variable","22":"has-default-attributes"},"exclude_global_add_ons":[],"addons":[],"_links":{"self":[{"href":"https:\/\/kauppa.ursa.fi\/kauppa\/wp-json\/wp\/v2\/product\/3574","targetHints":{"allow":["GET"]}}],"collection":[{"href":"https:\/\/kauppa.ursa.fi\/kauppa\/wp-json\/wp\/v2\/product"}],"about":[{"href":"https:\/\/kauppa.ursa.fi\/kauppa\/wp-json\/wp\/v2\/types\/product"}],"replies":[{"embeddable":true,"href":"https:\/\/kauppa.ursa.fi\/kauppa\/wp-json\/wp\/v2\/comments?post=3574"}],"wp:featuredmedia":[{"embeddable":true,"href":"https:\/\/kauppa.ursa.fi\/kauppa\/wp-json\/wp\/v2\/media\/10490"}],"wp:attachment":[{"href":"https:\/\/kauppa.ursa.fi\/kauppa\/wp-json\/wp\/v2\/media?parent=3574"}],"wp:term":[{"taxonomy":"product_brand","embeddable":true,"href":"https:\/\/kauppa.ursa.fi\/kauppa\/wp-json\/wp\/v2\/product_brand?post=3574"},{"taxonomy":"product_cat","embeddable":true,"href":"https:\/\/kauppa.ursa.fi\/kauppa\/wp-json\/wp\/v2\/product_cat?post=3574"},{"taxonomy":"product_tag","embeddable":true,"href":"https:\/\/kauppa.ursa.fi\/kauppa\/wp-json\/wp\/v2\/product_tag?post=3574"}],"curies":[{"name":"wp","href":"https:\/\/api.w.org\/{rel}","templated":true}]}}