 

{"id":3603,"date":"2014-10-14T11:13:19","date_gmt":"2014-10-14T08:13:19","guid":{"rendered":"https:\/\/kauppa.ursa.fi\/kauppa\/tuote\/maailman-kartta\/"},"modified":"2019-05-24T11:45:00","modified_gmt":"2019-05-24T08:45:00","slug":"maailman-kartta","status":"publish","type":"product","link":"https:\/\/kauppa.ursa.fi\/kauppa\/tuote\/maailman-kartta\/","title":{"rendered":"Maailman kartta"},"content":{"rendered":"<p>L\u00e4hes kaikki ihmisen toimet vaativat liikkumista paikasta toiseen ja elinymp\u00e4rist\u00f6n tuntemista. Kartta on t\u00e4llaisen keskeisen tiedon tallentamisen ja v\u00e4litt\u00e4misen v\u00e4line.<\/p>\n<p>Teknologinen kehitys on tuonut perinteisten graafisten karttojen rinnalle satelliittipaikannustekniikan ja mobiiliteknologian. Ne ovat jo l\u00e4hes v\u00e4ltt\u00e4m\u00e4tt\u00f6mi\u00e4 apuv\u00e4lineit\u00e4 kartta-aineistojen k\u00e4yt\u00f6ss\u00e4. T\u00e4m\u00e4 kirja esitt\u00e4\u00e4 keskeisimm\u00e4t karttoihin, kartoitukseen ja paikkatiedon laadintaan liittyv\u00e4t matemaattiset perusteet.<\/p>\n<p>Kartat ovat keskeisi\u00e4 elementtej\u00e4 paikantamispalveluissa, navigoinnissa, yritystoiminnassa ja visualisoinnissa. Karttoihin perustuvat j\u00e4rjestelm\u00e4t yll\u00e4pit\u00e4v\u00e4t yhteiskunnan h\u00e4iri\u00f6t\u00f6nt\u00e4 toimintaa, sill\u00e4 tieto niin valtioiden kuin tonttimaankin rajoista on tarpeen tallentaa tarkasti ja luotettavasti. Paikkatietoa tarvitaan my\u00f6s esimerkiksi s\u00e4\u00e4ennusteita varten.<\/p>\n<p>Karttojen laatiminen on my\u00f6s osa ihmisen pyrkimyst\u00e4 ymm\u00e4rt\u00e4\u00e4 paikkaamme maailmankaikkeudessa. Maapallon kartoitus on kulkenut k\u00e4si k\u00e4dess\u00e4 tieteen kehityksen kanssa kautta historian ja liittyy moniin luonnontieteiden peruskysymyksiin.<\/p>\n<p>Sis\u00e4lt\u00f6:<\/p>\n<p>1 Kartoittamisen lyhyt historia<br \/>\n2 Suositut konformiset karttaprojektiot<br \/>\n3 Kompleksitaso ja konformikuvaukset<br \/>\n4 Kompleksianalyysi<br \/>\n5 Konformikuvauksia<br \/>\n6 Poikittaiset Mercatorin projektiot<br \/>\n7 Pallotrigonometria<br \/>\n8 Py\u00f6r\u00e4hdysellipsoidin geometria<br \/>\n9 Kolmiulotteiset koordinaatit ja muunnokset<br \/>\n10 Vertausj\u00e4rjestelm\u00e4t<br \/>\n11 Maalliset ja taivaalliset koordinaatit<br \/>\n12 Satelliittien rataliike<br \/>\n13 Gaussin pintateoria<br \/>\n14 Riemannin pinnat ja karttakuvaukset<br \/>\n15 Karttaprojektiot pintateorian valossa<\/p>\n<p><a href=\"https:\/\/kauppa.ursa.fi\/kauppa\/wp-content\/uploads\/2015\/10\/maailman_kartta_errata.pdf\" target=\"_blank\" rel=\"noopener noreferrer\">Korjauksia kirjaan (pdf-tiedosto)<\/a><\/p>\n","protected":false},"excerpt":{"rendered":"<p>Kirja sis\u00e4lt\u00e4\u00e4 keskeisimm\u00e4t karttoihin, kartoitukseen ja paikkatiedon laadintaan liittyv\u00e4t matemaattiset perusteet.<\/p>\n","protected":false},"featured_media":4819,"comment_status":"open","ping_status":"closed","template":"","meta":[],"product_brand":[],"product_cat":[10],"product_tag":[],"class_list":{"0":"post-3603","1":"product","2":"type-product","3":"status-publish","4":"has-post-thumbnail","6":"product_cat-muut-tietokirjat","7":"product_shipping_class-kirjakauppa","8":"pa_hintavaihtoehdot-jasenhinta","9":"pa_hintavaihtoehdot-suositushinta","10":"pa_isbn-1104","11":"pa_sidontamalli-nid","12":"pa_sivumaara-1100","13":"pa_tekija-martin-vermeer-ja-antti-rasila","15":"first","16":"instock","17":"taxable","18":"shipping-taxable","19":"purchasable","20":"product-type-variable","21":"has-default-attributes"},"exclude_global_add_ons":[],"addons":[],"_links":{"self":[{"href":"https:\/\/kauppa.ursa.fi\/kauppa\/wp-json\/wp\/v2\/product\/3603","targetHints":{"allow":["GET"]}}],"collection":[{"href":"https:\/\/kauppa.ursa.fi\/kauppa\/wp-json\/wp\/v2\/product"}],"about":[{"href":"https:\/\/kauppa.ursa.fi\/kauppa\/wp-json\/wp\/v2\/types\/product"}],"replies":[{"embeddable":true,"href":"https:\/\/kauppa.ursa.fi\/kauppa\/wp-json\/wp\/v2\/comments?post=3603"}],"wp:featuredmedia":[{"embeddable":true,"href":"https:\/\/kauppa.ursa.fi\/kauppa\/wp-json\/wp\/v2\/media\/4819"}],"wp:attachment":[{"href":"https:\/\/kauppa.ursa.fi\/kauppa\/wp-json\/wp\/v2\/media?parent=3603"}],"wp:term":[{"taxonomy":"product_brand","embeddable":true,"href":"https:\/\/kauppa.ursa.fi\/kauppa\/wp-json\/wp\/v2\/product_brand?post=3603"},{"taxonomy":"product_cat","embeddable":true,"href":"https:\/\/kauppa.ursa.fi\/kauppa\/wp-json\/wp\/v2\/product_cat?post=3603"},{"taxonomy":"product_tag","embeddable":true,"href":"https:\/\/kauppa.ursa.fi\/kauppa\/wp-json\/wp\/v2\/product_tag?post=3603"}],"curies":[{"name":"wp","href":"https:\/\/api.w.org\/{rel}","templated":true}]}}