 

{"id":3606,"date":"2014-10-29T12:29:26","date_gmt":"2014-10-29T10:29:26","guid":{"rendered":"https:\/\/kauppa.ursa.fi\/kauppa\/tuote\/avaruuden-valloitus\/"},"modified":"2019-05-24T11:42:51","modified_gmt":"2019-05-24T08:42:51","slug":"avaruuden-valloitus","status":"publish","type":"product","link":"https:\/\/kauppa.ursa.fi\/kauppa\/tuote\/avaruuden-valloitus\/","title":{"rendered":"Avaruuden valloitus"},"content":{"rendered":"<p>Ensimm\u00e4inen ihmisen tekem\u00e4 laite nousi Maan kiertoradalle vain vajaa 60 vuotta sitten. Nyt lentolippuja turistimatkalle avaruuteen voi jo varata.<\/p>\n<p>Avaruustutkimus on edennyt vuosikymmenten aikana huimasti pitk\u00e4lti avaruusteleskooppien ja luotainten avulla tehtyjen havaintojen ansiosta. Tietomme maailmankaikkeuden i\u00e4st\u00e4, rakenteesta ja koostumuksesta perustuvat avaruuskaukoputkien tuloksiin. Parhaan k\u00e4sityksen oman aurinkokuntamme planeetoista olemme saaneet niille l\u00e4hetetyill\u00e4 luotaimilla. Maapallon ja ilmakeh\u00e4n tutkimuksessa satelliitit ovat avanneet kokonaan uusia mahdollisuuksia ja arkiel\u00e4m\u00e4kin on helpottunut s\u00e4\u00e4-, tietoliikenne-, ja paikannussatelliittien takia.<\/p>\n<p>Kirjassa tarkastellaan avaruustutkimuksen historiaa, sovelluksia, tekniikkaa ja sattumia. Menestysten rinnalla suunnittelijoille sattuu erehdyksi\u00e4 ja astronautit yritt\u00e4v\u00e4t selvit\u00e4 ongelmista painottomina avaruuden tyhjyydess\u00e4. Kaikki tarinat eiv\u00e4t ole p\u00e4\u00e4ttyneet onnellisesti, mutta pitk\u00e4n tauon j\u00e4lkeen avaruusmatkailu on taas piristym\u00e4ss\u00e4.<\/p>\n<p>Kirja on uudistettu ja laajennettu laitos Hannu Karttusen vuonna 2009 julkaistusta Matkalla avaruuteen -teoksesta (Kustannusosakeyhti\u00f6 Otava).<\/p>\n","protected":false},"excerpt":{"rendered":"<p>Avaruustutkimuksen ja -lentojen historiaa ja tekniikkaa.<\/p>\n","protected":false},"featured_media":4823,"comment_status":"open","ping_status":"closed","template":"","meta":[],"product_brand":[],"product_cat":[8],"product_tag":[],"class_list":{"0":"post-3606","1":"product","2":"type-product","3":"status-publish","4":"has-post-thumbnail","6":"product_cat-tahtitiede","7":"product_shipping_class-kirjakauppa","8":"pa_hintavaihtoehdot-jasenhinta","9":"pa_hintavaihtoehdot-suositushinta","10":"pa_isbn-1113","11":"pa_sidontamalli-nid","12":"pa_sivumaara-1111","13":"pa_tekija-hannu-karttunen","15":"first","16":"instock","17":"taxable","18":"shipping-taxable","19":"purchasable","20":"product-type-variable","21":"has-default-attributes"},"exclude_global_add_ons":[],"addons":[],"_links":{"self":[{"href":"https:\/\/kauppa.ursa.fi\/kauppa\/wp-json\/wp\/v2\/product\/3606","targetHints":{"allow":["GET"]}}],"collection":[{"href":"https:\/\/kauppa.ursa.fi\/kauppa\/wp-json\/wp\/v2\/product"}],"about":[{"href":"https:\/\/kauppa.ursa.fi\/kauppa\/wp-json\/wp\/v2\/types\/product"}],"replies":[{"embeddable":true,"href":"https:\/\/kauppa.ursa.fi\/kauppa\/wp-json\/wp\/v2\/comments?post=3606"}],"wp:featuredmedia":[{"embeddable":true,"href":"https:\/\/kauppa.ursa.fi\/kauppa\/wp-json\/wp\/v2\/media\/4823"}],"wp:attachment":[{"href":"https:\/\/kauppa.ursa.fi\/kauppa\/wp-json\/wp\/v2\/media?parent=3606"}],"wp:term":[{"taxonomy":"product_brand","embeddable":true,"href":"https:\/\/kauppa.ursa.fi\/kauppa\/wp-json\/wp\/v2\/product_brand?post=3606"},{"taxonomy":"product_cat","embeddable":true,"href":"https:\/\/kauppa.ursa.fi\/kauppa\/wp-json\/wp\/v2\/product_cat?post=3606"},{"taxonomy":"product_tag","embeddable":true,"href":"https:\/\/kauppa.ursa.fi\/kauppa\/wp-json\/wp\/v2\/product_tag?post=3606"}],"curies":[{"name":"wp","href":"https:\/\/api.w.org\/{rel}","templated":true}]}}