 

{"id":3611,"date":"2015-01-21T10:15:57","date_gmt":"2015-01-21T08:15:57","guid":{"rendered":"https:\/\/kauppa.ursa.fi\/kauppa\/tuote\/suomen-tahtitieteen-historia\/"},"modified":"2019-05-24T11:39:52","modified_gmt":"2019-05-24T08:39:52","slug":"suomen-tahtitieteen-historia","status":"publish","type":"product","link":"https:\/\/kauppa.ursa.fi\/kauppa\/tuote\/suomen-tahtitieteen-historia\/","title":{"rendered":"Suomen t\u00e4htitieteen historia"},"content":{"rendered":"<p>Oliko Jacobus Petri R\u00f6d Suomen ensimm\u00e4inen t\u00e4htitieteilij\u00e4? Ainakin h\u00e4n luennoi Pariisissa syksyll\u00e4 1427 planeettateoriaa \u201dkarmeliittojen koulussa p\u00e4iv\u00e4llisen j\u00e4lkeen\u201d.<\/p>\n<p>Anders Johan Lexell oli 1700-luvulla merkitt\u00e4vin suomalainen t\u00e4htitieteilij\u00e4. H\u00e4n nousi Pietarin tiedeakatemian professoriksi ja ty\u00f6skenteli yhdess\u00e4 Leonhard Eulerin kanssa.<\/p>\n<p>Friedrich Argelander perusti Helsingin yliopiston observatorion 1800-\u00adluvun alkupuolella ja ratkaisi mittauksiensa avulla kiistattomasti mihin suuntaan aurinkokuntamme liikkuu avaruudessa. Argelanderin ja C. L. Engelin yhteisty\u00f6n\u00e4 syntynyt Helsingin yliopiston observatorio puolestaan toimi seuraavina vuosikymmenin\u00e4 esikuvana observatoriorakennuksille ymp\u00e4ri maailman.<\/p>\n<p>1800\u00ad-luvun lopulla Suomi oli eturintamassa, kun silmill\u00e4 tapahtuva havainnointi j\u00e4i historiaan ja valokuvaus otettiin t\u00e4htitieteen palvelukseen.<\/p>\n<p>Suomen t\u00e4htitieteen historia on Tapio Markkasen suomalaiselle lukijalle kirjoittama teos, joka pohjautuu Raimo Lehden ja Tapio Markkasen tieteelliseen julkaisuun History of Astronomy in Finland 1828\u20131918 (Suomen Tiedeseura, 2010). Suomen t\u00e4htitieteen historia ulottuu keskiajasta nykyp\u00e4iv\u00e4\u00e4n. Kirjassa on 95 mustavalko- tai v\u00e4rikuvaa.<\/p>\n<p>Professori Tapio Markkanen on tieteen historiaan erikoistunut t\u00e4htitieteilij\u00e4. Lukuisia teoksia kirjoittanut Markkanen on palkittu vuonna 2014 Tiedeviestint\u00e4palkinnolla ja tietokirjallisuuden Warelius-palkinnolla:<br \/>\n&#8221;Markkasella on kiehtova kyky vangita yleis\u00f6n mielenkiinto ja taito tuoda asiat suurelle yleis\u00f6lle ymm\u00e4rrett\u00e4v\u00e4\u00e4n muotoon.&#8221;<br \/>\n&#8221;Laajasti sivistyneen\u00e4 h\u00e4n l\u00f6yt\u00e4\u00e4 yll\u00e4tt\u00e4vi\u00e4 ja innostavia yhteyksi\u00e4 t\u00e4htitieteeseen \u2013 olivat aiheena sitten muinaisen Egyptin veistokset, italialainen maalaustaide, Sibeliuksen musiikki tai Volter Kilpi.&#8221;<\/p>\n<p>Katso Jouni Huhtasen arvio <a href=\"http:\/\/agricola.utu.fi\/julkaisut\/kirja-arvostelut\/index.php?id=3800\" target=\"_blank\" rel=\"noopener noreferrer\">Agricolassa<\/a>.<\/p>\n<p>Sis\u00e4lt\u00f6:<\/p>\n<p>1 Ajanlasku ja tieteen aamunkoitto<br \/>\n2 Puhdasoppisuuden linnaleiri<br \/>\n3 Itsen\u00e4iseksi oppiaineeksi<br \/>\n4 Arkkitehti ja astronomi yhteisty\u00f6ss\u00e4<br \/>\n5 Koulukunnan muodostusta<br \/>\n6 Professori Bonnista<br \/>\n7 Onko aurinkokunta ikuinen<br \/>\n8 Suuri t\u00e4htivalokuvausohjelma<br \/>\n9 Kolmen kappaleen ongelma<br \/>\n10 Kaupungin tavoitelluin tontti<br \/>\n11 Monipuolisuus ja voimavarat<br \/>\n12 Suomen t\u00e4htitieteen kansainv\u00e4lisi\u00e4 yhteyksi\u00e4<\/p>\n","protected":false},"excerpt":{"rendered":"<p>UUTUUS! Suomalaiset rakentamassa kuvaa maailmankaikkeudesta.<\/p>\n","protected":false},"featured_media":4833,"comment_status":"open","ping_status":"closed","template":"","meta":[],"product_brand":[],"product_cat":[8],"product_tag":[],"class_list":{"0":"post-3611","1":"product","2":"type-product","3":"status-publish","4":"has-post-thumbnail","6":"product_cat-tahtitiede","7":"product_shipping_class-kirjakauppa","8":"pa_hintavaihtoehdot-jasenhinta","9":"pa_hintavaihtoehdot-suositushinta","10":"pa_isbn-1931","11":"pa_issn-0357-7937","12":"pa_koko-165-x-24-cm","13":"pa_sidontamalli-sid","14":"pa_sivumaara-1050","15":"pa_tekija-markkanen-tapio","17":"first","18":"instock","19":"taxable","20":"shipping-taxable","21":"purchasable","22":"product-type-variable","23":"has-default-attributes"},"exclude_global_add_ons":[],"addons":[],"_links":{"self":[{"href":"https:\/\/kauppa.ursa.fi\/kauppa\/wp-json\/wp\/v2\/product\/3611","targetHints":{"allow":["GET"]}}],"collection":[{"href":"https:\/\/kauppa.ursa.fi\/kauppa\/wp-json\/wp\/v2\/product"}],"about":[{"href":"https:\/\/kauppa.ursa.fi\/kauppa\/wp-json\/wp\/v2\/types\/product"}],"replies":[{"embeddable":true,"href":"https:\/\/kauppa.ursa.fi\/kauppa\/wp-json\/wp\/v2\/comments?post=3611"}],"wp:featuredmedia":[{"embeddable":true,"href":"https:\/\/kauppa.ursa.fi\/kauppa\/wp-json\/wp\/v2\/media\/4833"}],"wp:attachment":[{"href":"https:\/\/kauppa.ursa.fi\/kauppa\/wp-json\/wp\/v2\/media?parent=3611"}],"wp:term":[{"taxonomy":"product_brand","embeddable":true,"href":"https:\/\/kauppa.ursa.fi\/kauppa\/wp-json\/wp\/v2\/product_brand?post=3611"},{"taxonomy":"product_cat","embeddable":true,"href":"https:\/\/kauppa.ursa.fi\/kauppa\/wp-json\/wp\/v2\/product_cat?post=3611"},{"taxonomy":"product_tag","embeddable":true,"href":"https:\/\/kauppa.ursa.fi\/kauppa\/wp-json\/wp\/v2\/product_tag?post=3611"}],"curies":[{"name":"wp","href":"https:\/\/api.w.org\/{rel}","templated":true}]}}