 

{"id":36243,"date":"2020-09-10T12:11:35","date_gmt":"2020-09-10T09:11:35","guid":{"rendered":"https:\/\/kauppa.ursa.fi\/kauppa\/?post_type=product&#038;p=36243"},"modified":"2026-04-04T10:14:51","modified_gmt":"2026-04-04T07:14:51","slug":"havaintovalinelaukku","status":"publish","type":"product","link":"https:\/\/kauppa.ursa.fi\/kauppa\/tuote\/havaintovalinelaukku\/","title":{"rendered":"Havaintov\u00e4linelaukku"},"content":{"rendered":"<p>Uutuuslaukku Ursan logolla varustettuna. Laukku soveltuu optisten havaintov\u00e4lineiden kuljettamiseen turvallisesti. Laukun sis\u00e4ll\u00e4 on per\u00e4ti viisi irrotettavaa pehmystelevy\u00e4, joiden paikkaa voi muuttaa. Kaksi isoa levy\u00e4 pehmustavat pohjaa ja yl\u00e4puolta. Kolme pienemp\u00e4\u00e4 soveltuvat sis\u00e4tilan jakamiseen niin, ett\u00e4 laukun sis\u00e4lt\u00f6 ei heilu eik\u00e4 kolhiinnu. Laukussa on heijastavat reunat. Laukussa on kaksi pienemp\u00e4\u00e4 vetoketjullista taskua (ulkopuolella edess\u00e4 ja kannessa sis\u00e4puolella) sek\u00e4 kaksi avointa verkkotaskua laukun molemmissa p\u00e4iss\u00e4 ulkopuolella. Laukussa on sek\u00e4 s\u00e4\u00e4dett\u00e4v\u00e4 olkahihna ja kantokahva.<\/p>\n<p>Laukku soveltuu mm.:<br \/>\n&#8211; J\u00e4rjestelm\u00e4kameroille<br \/>\n&#8211; Kiikareille<br \/>\n&#8211; Pienille kaukoputkille (esim. Skymax-102\/127)<br \/>\n&#8211; Havaintoasemalle (Vaonis Vespera)<br \/>\n&#8211; Pienen kuvausjalustojen ohjausyksik\u00f6ille (esim. Star Adventurer, AZ-GTi),<br \/>\n&#8211; Okulaareille ja muille optisille lis\u00e4varusteille<br \/>\n&#8211; Havainto-oppaille ja planisf\u00e4\u00e4rille<\/p>\n","protected":false},"excerpt":{"rendered":"<p>Pehmustettu havaintovarustelaukku Ursan-logolla. Soveltuu kiikareille, j\u00e4rjestelm\u00e4kameroille, pienille kaukoputkille ja lis\u00e4varusteille. Irroitettavia pehmustelevyj\u00e4 5 kpl. Heijastavat reunat.<\/p>\n","protected":false},"featured_media":36221,"comment_status":"open","ping_status":"closed","template":"","meta":[],"product_brand":[],"product_cat":[1872,2166,16],"product_tag":[],"class_list":{"0":"post-36243","1":"product","2":"type-product","3":"status-publish","4":"has-post-thumbnail","6":"product_cat-apuvalineitaalkuun","7":"product_cat-laukut","8":"product_cat-lisavarusteet","9":"product_shipping_class-lisavaruste","10":"pa_hintavaihtoehdot-jasenhinta","11":"pa_hintavaihtoehdot-suositushinta","13":"first","14":"instock","15":"taxable","16":"shipping-taxable","17":"purchasable","18":"product-type-variable","19":"has-default-attributes"},"exclude_global_add_ons":[],"addons":[],"_links":{"self":[{"href":"https:\/\/kauppa.ursa.fi\/kauppa\/wp-json\/wp\/v2\/product\/36243","targetHints":{"allow":["GET"]}}],"collection":[{"href":"https:\/\/kauppa.ursa.fi\/kauppa\/wp-json\/wp\/v2\/product"}],"about":[{"href":"https:\/\/kauppa.ursa.fi\/kauppa\/wp-json\/wp\/v2\/types\/product"}],"replies":[{"embeddable":true,"href":"https:\/\/kauppa.ursa.fi\/kauppa\/wp-json\/wp\/v2\/comments?post=36243"}],"wp:featuredmedia":[{"embeddable":true,"href":"https:\/\/kauppa.ursa.fi\/kauppa\/wp-json\/wp\/v2\/media\/36221"}],"wp:attachment":[{"href":"https:\/\/kauppa.ursa.fi\/kauppa\/wp-json\/wp\/v2\/media?parent=36243"}],"wp:term":[{"taxonomy":"product_brand","embeddable":true,"href":"https:\/\/kauppa.ursa.fi\/kauppa\/wp-json\/wp\/v2\/product_brand?post=36243"},{"taxonomy":"product_cat","embeddable":true,"href":"https:\/\/kauppa.ursa.fi\/kauppa\/wp-json\/wp\/v2\/product_cat?post=36243"},{"taxonomy":"product_tag","embeddable":true,"href":"https:\/\/kauppa.ursa.fi\/kauppa\/wp-json\/wp\/v2\/product_tag?post=36243"}],"curies":[{"name":"wp","href":"https:\/\/api.w.org\/{rel}","templated":true}]}}