 

{"id":37232,"date":"2020-10-16T14:17:06","date_gmt":"2020-10-16T11:17:06","guid":{"rendered":"https:\/\/kauppa.ursa.fi\/kauppa\/?post_type=product&#038;p=37232"},"modified":"2026-04-08T12:10:10","modified_gmt":"2026-04-08T09:10:10","slug":"kaiken-alku","status":"publish","type":"product","link":"https:\/\/kauppa.ursa.fi\/kauppa\/tuote\/kaiken-alku\/","title":{"rendered":"Kaiken alku"},"content":{"rendered":"<p class=\"p1\">Tutkijat ovat viime aikoina tehneet ratkaisevia l\u00f6yt\u00f6j\u00e4 siit\u00e4, kuinka kosmoksemme on kehittynyt 13,8 miljardin vuoden ajan. Tiet\u00e4myksess\u00e4mme on kuitenkin edelleen kriittinen aukko. Emme tied\u00e4 juuri mit\u00e4\u00e4n siit\u00e4, mit\u00e4 tapahtui maailmankaikkeuden ensimm\u00e4isten sekuntien aikana. Kaiken alku kertoo, miten yrit\u00e4mme ymm\u00e4rt\u00e4\u00e4 t\u00e4t\u00e4 t\u00e4rkeint\u00e4 ja salaper\u00e4isint\u00e4 ajanjaksoa kosmisen historian alussa.<\/p>\n<p class=\"p1\">Dan Hooper vie lukijat kosmologian arkikokemukselle vieraaseen maailmaan ja kuvailee syv\u00e4llisi\u00e4 kysymyksi\u00e4, joita tutkijat esitt\u00e4v\u00e4t maailmankaikkeuden alkuper\u00e4st\u00e4 ja luonteesta. Hooper kertoo, kuinka tutkijat koettavat luoda alkur\u00e4j\u00e4hdyksen olosuhteet testatakseen lupaavia teorioita siit\u00e4, miten ja miksi universumimme sis\u00e4lt\u00e4\u00e4 niin paljon ainetta ja niin v\u00e4h\u00e4n antiainetta. Saatamme pian my\u00f6s saada selville, kuinka pime\u00e4 aine muodostui maailmankaikkeutemme ensimm\u00e4isin\u00e4 hetkin\u00e4. Uusilla kaukoputkilla voidaan kurkistaa kosmisen inflaation aikakaudelle, jonka tapahtumat loivat maailmankaikkeutemme sellaiseksi kuin se nyt on.<\/p>\n<p class=\"p1\">Dan Hooper on Fermilabin teoreettisen astrofysiikan ryhm\u00e4n johtaja ja Chicagon yliopiston t\u00e4htitieteen ja astrofysiikan professori. Tutkimuksissaan h\u00e4n keskittyy pime\u00e4\u00e4n aineeseen ja kosmiseen s\u00e4teilyyn.<\/p>\n","protected":false},"excerpt":{"rendered":"<p>Mit\u00e4 tied\u00e4mme maailmankaikkeuden ensimm\u00e4isist\u00e4 hetkist\u00e4?<\/p>\n","protected":false},"featured_media":37233,"comment_status":"open","ping_status":"closed","template":"","meta":[],"product_brand":[],"product_cat":[2346,8],"product_tag":[],"class_list":{"0":"post-37232","1":"product","2":"type-product","3":"status-publish","4":"has-post-thumbnail","6":"product_cat-avaruusfanille","7":"product_cat-tahtitiede","8":"product_shipping_class-kirjakauppa","9":"pa_hintavaihtoehdot-jasenhinta","10":"pa_hintavaihtoehdot-suositushinta","11":"pa_isbn-2180","12":"pa_tekija-dan-hooper","14":"first","15":"instock","16":"taxable","17":"shipping-taxable","18":"purchasable","19":"product-type-variable"},"exclude_global_add_ons":[],"addons":[],"_links":{"self":[{"href":"https:\/\/kauppa.ursa.fi\/kauppa\/wp-json\/wp\/v2\/product\/37232","targetHints":{"allow":["GET"]}}],"collection":[{"href":"https:\/\/kauppa.ursa.fi\/kauppa\/wp-json\/wp\/v2\/product"}],"about":[{"href":"https:\/\/kauppa.ursa.fi\/kauppa\/wp-json\/wp\/v2\/types\/product"}],"replies":[{"embeddable":true,"href":"https:\/\/kauppa.ursa.fi\/kauppa\/wp-json\/wp\/v2\/comments?post=37232"}],"wp:featuredmedia":[{"embeddable":true,"href":"https:\/\/kauppa.ursa.fi\/kauppa\/wp-json\/wp\/v2\/media\/37233"}],"wp:attachment":[{"href":"https:\/\/kauppa.ursa.fi\/kauppa\/wp-json\/wp\/v2\/media?parent=37232"}],"wp:term":[{"taxonomy":"product_brand","embeddable":true,"href":"https:\/\/kauppa.ursa.fi\/kauppa\/wp-json\/wp\/v2\/product_brand?post=37232"},{"taxonomy":"product_cat","embeddable":true,"href":"https:\/\/kauppa.ursa.fi\/kauppa\/wp-json\/wp\/v2\/product_cat?post=37232"},{"taxonomy":"product_tag","embeddable":true,"href":"https:\/\/kauppa.ursa.fi\/kauppa\/wp-json\/wp\/v2\/product_tag?post=37232"}],"curies":[{"name":"wp","href":"https:\/\/api.w.org\/{rel}","templated":true}]}}