 

{"id":37347,"date":"2020-10-20T13:24:51","date_gmt":"2020-10-20T10:24:51","guid":{"rendered":"https:\/\/kauppa.ursa.fi\/kauppa\/?post_type=product&#038;p=37347"},"modified":"2026-04-08T11:53:36","modified_gmt":"2026-04-08T08:53:36","slug":"star-field-kiikarit","status":"publish","type":"product","link":"https:\/\/kauppa.ursa.fi\/kauppa\/tuote\/star-field-kiikarit\/","title":{"rendered":"Helios Star Field &#8211; 2&#215;40-kiikarit"},"content":{"rendered":"<p>Helioksen Star Field -kiikareilla apertuuri on 40mm ja suurennus vain 2-kertainen. Optisella ratkaisulla saavutetaan suuri n\u00e4k\u00f6kentt\u00e4 ja himmeiden kohteiden pintakirkkauden s\u00e4ilyminen paljain silmin teht\u00e4viin havaintoihin verrattuna. N\u00e4k\u00f6kentt\u00e4 kiikareilla on per\u00e4ti 24 astetta, joten n\u00e4ill\u00e4 voi katsoa l\u00e4hes kaikki t\u00e4hikuviot kokonaisuudessaan. Kiikareista k\u00e4ytet\u00e4\u00e4n my\u00f6s nimityst\u00e4 &#8221;p\u00f6ll\u00f6nsilm\u00e4kiikarit&#8221; tai &#8221;t\u00e4htikuviokiikarit&#8221;.<\/p>\n<p>&#8211; N\u00e4k\u00f6kentt\u00e4 24 astetta<br \/>\n&#8211; Suurennus 2-kertainen<br \/>\n&#8211; Apertuuri 40mm<br \/>\n&#8211; Kiikareiden tarkennuksen s\u00e4\u00e4t\u00f6v\u00e4li (Dioptri-luku) on -5, +3.<br \/>\n&#8211; Kiikareiden paino 190g<br \/>\n&#8211; Sis. suojakotelo, kaularemmi, mikrokuituliina<\/p>\n<p>Kiikarit soveltuvat my\u00f6s lahjaksi t\u00e4htiharrastajalle, jolla on jo &#8221;kaikki&#8221;.<\/p>\n","protected":false},"excerpt":{"rendered":"<p>Helios Star Field &#8211; kiikareilla, &#8221;p\u00f6ll\u00f6nsilm\u00e4kiikareilla&#8221;, katsot laajoja kokonaisuuksia. Kiikarit ker\u00e4\u00e4v\u00e4t ihmisilm\u00e4\u00e4 enemm\u00e4n valoa ja tuottavat vain pienen suurennoksen, jotta pintakirkkaus s\u00e4ilyy havaittaville kohteille.<\/p>\n","protected":false},"featured_media":37351,"comment_status":"open","ping_status":"closed","template":"","meta":[],"product_brand":[],"product_cat":[2364,15],"product_tag":[],"class_list":{"0":"post-37347","1":"product","2":"type-product","3":"status-publish","4":"has-post-thumbnail","6":"product_cat-kaukoputket-ja-kiikarit","7":"product_cat-kiikarit-ja-niiden-jalustat","8":"product_shipping_class-lisavaruste","9":"pa_hintavaihtoehdot-jasenhinta","10":"pa_hintavaihtoehdot-suositushinta","11":"pa_valmistaja-helios","13":"first","14":"outofstock","15":"taxable","16":"shipping-taxable","17":"purchasable","18":"product-type-variable"},"exclude_global_add_ons":[],"addons":[],"_links":{"self":[{"href":"https:\/\/kauppa.ursa.fi\/kauppa\/wp-json\/wp\/v2\/product\/37347","targetHints":{"allow":["GET"]}}],"collection":[{"href":"https:\/\/kauppa.ursa.fi\/kauppa\/wp-json\/wp\/v2\/product"}],"about":[{"href":"https:\/\/kauppa.ursa.fi\/kauppa\/wp-json\/wp\/v2\/types\/product"}],"replies":[{"embeddable":true,"href":"https:\/\/kauppa.ursa.fi\/kauppa\/wp-json\/wp\/v2\/comments?post=37347"}],"wp:featuredmedia":[{"embeddable":true,"href":"https:\/\/kauppa.ursa.fi\/kauppa\/wp-json\/wp\/v2\/media\/37351"}],"wp:attachment":[{"href":"https:\/\/kauppa.ursa.fi\/kauppa\/wp-json\/wp\/v2\/media?parent=37347"}],"wp:term":[{"taxonomy":"product_brand","embeddable":true,"href":"https:\/\/kauppa.ursa.fi\/kauppa\/wp-json\/wp\/v2\/product_brand?post=37347"},{"taxonomy":"product_cat","embeddable":true,"href":"https:\/\/kauppa.ursa.fi\/kauppa\/wp-json\/wp\/v2\/product_cat?post=37347"},{"taxonomy":"product_tag","embeddable":true,"href":"https:\/\/kauppa.ursa.fi\/kauppa\/wp-json\/wp\/v2\/product_tag?post=37347"}],"curies":[{"name":"wp","href":"https:\/\/api.w.org\/{rel}","templated":true}]}}