 

{"id":45390,"date":"2021-02-03T12:07:34","date_gmt":"2021-02-03T10:07:34","guid":{"rendered":"https:\/\/kauppa.ursa.fi\/kauppa\/?post_type=product&#038;p=45390"},"modified":"2024-05-27T16:53:54","modified_gmt":"2024-05-27T13:53:54","slug":"elama-maapallolla","status":"publish","type":"product","link":"https:\/\/kauppa.ursa.fi\/kauppa\/tuote\/elama-maapallolla\/","title":{"rendered":"El\u00e4m\u00e4 maapallolla"},"content":{"rendered":"<p>Maapallon jokainen kolkka kuhisee el\u00e4m\u00e4\u00e4. Noin nelj\u00e4 miljardia vuotta sitten yksinkertaisista yhdisteist\u00e4 muodostui sellaista toiminnallista monimuotoisuutta, jota elottomassa luonnossa ei esiinny. El\u00e4m\u00e4n erikoisimmat ominaisuudet ovat sen kyky lis\u00e4\u00e4nty\u00e4 ja sopeutua. Suuret ymp\u00e4rist\u00f6muutokset ovat aiheuttaneet toistuvasti suuria sukupuuttoja, mutta niiden j\u00e4lkeen el\u00e4m\u00e4 on aina noussut uuteen kasvuun ja kukoistukseen.<\/p>\n<p>Miljardien vuosien aikana olosuhteiden muutokset ja sukupuuttoaallot maapallolla ovat johtaneet nykyisen lajiston kehittymiseen. Nyt ihmiskunta muokkaa maapallon elinoloja voimakkaasti. Hitaan biologisen evoluution rinnalle on noussut monta kertaluokkaa nopeampi kulttuurievoluutio, joka on tuottanut ulkoisille katastrofeille alttiin teknologisen yhteiskunnan. Mik\u00e4 on ihmiskunnan ja el\u00e4m\u00e4n tulevaisuus maapallolla? Onko ihmisten mahdollista levitt\u00e4yty\u00e4 muille planeetoille tai avaruusasemille?<\/p>\n<p>Dosentti Kirsi Lehto on astrobiologiaan ja el\u00e4m\u00e4n syntyyn erikoistunut kasvivirologi ja kirjailija, dosentti Harry Lehto taas on astrobiologiaan erikoistunut t\u00e4htitieteilij\u00e4. He molemmat ty\u00f6skentelev\u00e4t Turun yliopistossa. FT Pekka Janhunen on Ilmatieteen laitoksen tutkimusp\u00e4\u00e4llikk\u00f6 ja avaruudessa liikkumiseen tarkoitetun s\u00e4hk\u00f6purjeen keksij\u00e4.<\/p>\n","protected":false},"excerpt":{"rendered":"<p>UUTUUS! Mik\u00e4 on ihmiskunnan ja el\u00e4m\u00e4n tulevaisuus maapallolla? Onko ihmisten mahdollista levitt\u00e4yty\u00e4 muille planeetoille tai avaruusasemille?<\/p>\n","protected":false},"featured_media":45393,"comment_status":"open","ping_status":"closed","template":"","meta":[],"product_brand":[],"product_cat":[8],"product_tag":[],"class_list":{"0":"post-45390","1":"product","2":"type-product","3":"status-publish","4":"has-post-thumbnail","6":"product_cat-tahtitiede","7":"product_shipping_class-kirjakauppa","8":"pa_hintavaihtoehdot-jasenhinta","9":"pa_hintavaihtoehdot-suositushinta","10":"pa_isbn-2188","11":"pa_sidonta-sidottu","12":"pa_sivumaara-155","13":"pa_tekija-kirsi-lehto-harry-lehto-ja-pekka-janhunen","15":"first","16":"instock","17":"taxable","18":"shipping-taxable","19":"purchasable","20":"product-type-variable"},"exclude_global_add_ons":[],"addons":[],"_links":{"self":[{"href":"https:\/\/kauppa.ursa.fi\/kauppa\/wp-json\/wp\/v2\/product\/45390","targetHints":{"allow":["GET"]}}],"collection":[{"href":"https:\/\/kauppa.ursa.fi\/kauppa\/wp-json\/wp\/v2\/product"}],"about":[{"href":"https:\/\/kauppa.ursa.fi\/kauppa\/wp-json\/wp\/v2\/types\/product"}],"replies":[{"embeddable":true,"href":"https:\/\/kauppa.ursa.fi\/kauppa\/wp-json\/wp\/v2\/comments?post=45390"}],"wp:featuredmedia":[{"embeddable":true,"href":"https:\/\/kauppa.ursa.fi\/kauppa\/wp-json\/wp\/v2\/media\/45393"}],"wp:attachment":[{"href":"https:\/\/kauppa.ursa.fi\/kauppa\/wp-json\/wp\/v2\/media?parent=45390"}],"wp:term":[{"taxonomy":"product_brand","embeddable":true,"href":"https:\/\/kauppa.ursa.fi\/kauppa\/wp-json\/wp\/v2\/product_brand?post=45390"},{"taxonomy":"product_cat","embeddable":true,"href":"https:\/\/kauppa.ursa.fi\/kauppa\/wp-json\/wp\/v2\/product_cat?post=45390"},{"taxonomy":"product_tag","embeddable":true,"href":"https:\/\/kauppa.ursa.fi\/kauppa\/wp-json\/wp\/v2\/product_tag?post=45390"}],"curies":[{"name":"wp","href":"https:\/\/api.w.org\/{rel}","templated":true}]}}