 

{"id":46900,"date":"2021-05-11T15:02:48","date_gmt":"2021-05-11T12:02:48","guid":{"rendered":"https:\/\/kauppa.ursa.fi\/kauppa\/?post_type=product&#038;p=46900"},"modified":"2026-03-20T06:49:07","modified_gmt":"2026-03-20T04:49:07","slug":"kantokassi-kaukoputkelle-2","status":"publish","type":"product","link":"https:\/\/kauppa.ursa.fi\/kauppa\/tuote\/kantokassi-kaukoputkelle-2\/","title":{"rendered":"Kantokassi kaukoputkelle"},"content":{"rendered":"<p>Ursa-kantokassilla kuljetat kaukoputken ja jalustan yhdess\u00e4 turvallisesti. Ulkopinta on vett\u00e4 hylkiv\u00e4\u00e4 polyesteri\u00e4. Kassin sis\u00e4ll\u00e4 on 10 mm kuitukangasp\u00e4\u00e4llysteinen pehmuste. Sisus on jaettu kahdeksi osastoksi jalustaa ja kaukoputkea varten. Kummassakin osastossa on kahdet tarranauhat tavaroiden kiinnitt\u00e4miseksi. Muita varusteita voi kuljettaa taskuissa keskiosan pehmusteessa.<\/p>\n<p>Kassi soveltuu mm. seuraaville Ursan myymille kaukoputkille:<br \/>\n&#8211; <a href=\"https:\/\/kauppa.ursa.fi\/kauppa\/tuote\/sky-watcher-skymax-102\/\">Skymax-102<\/a><br \/>\n&#8211; <a href=\"https:\/\/kauppa.ursa.fi\/kauppa\/tuote\/sky-watcher-skymax-127\/\">Skymax-127<\/a><br \/>\n&#8211; <a href=\"https:\/\/kauppa.ursa.fi\/kauppa\/tuote\/sky-watcher-explorer-130pds-ja-eq3-jalusta\/\">Explorer-130PDS ja EQ3-jalusta<\/a><br \/>\n&#8211; <a href=\"https:\/\/kauppa.ursa.fi\/kauppa\/tuote-osasto\/kaukoputkikauppa\/automaattiset\/\">Kaikki AZ-GTi-jalustalla olevat mallit (my\u00f6s AZ-GOTO)<\/a><br \/>\n(- Explorer-150P\/PDS ja EQ5-jalusta sopivat my\u00f6s yhdess\u00e4 t\u00e4h\u00e4n kassiin, mutta yhdistelm\u00e4n paino nousee korkeaksi, eik\u00e4 kantaminen v\u00e4ltt\u00e4m\u00e4tt\u00e4 ole suositeltavaa)<\/p>\n","protected":false},"excerpt":{"rendered":"<p>Sis\u00e4lt\u00e4 pehmustettu Ursa-logolla varustettu kassi kaukoputken ja jalustan turvalliseen kuljettamiseen.<\/p>\n","protected":false},"featured_media":36224,"comment_status":"open","ping_status":"closed","template":"","meta":[],"product_brand":[],"product_cat":[1872,2166,16],"product_tag":[],"class_list":{"0":"post-46900","1":"product","2":"type-product","3":"status-publish","4":"has-post-thumbnail","6":"product_cat-apuvalineitaalkuun","7":"product_cat-laukut","8":"product_cat-lisavarusteet","9":"product_shipping_class-lisavaruste","10":"pa_hintavaihtoehdot-jasenhinta","11":"pa_hintavaihtoehdot-suositushinta","13":"first","14":"instock","15":"taxable","16":"shipping-taxable","17":"purchasable","18":"product-type-variable"},"exclude_global_add_ons":[],"addons":[],"_links":{"self":[{"href":"https:\/\/kauppa.ursa.fi\/kauppa\/wp-json\/wp\/v2\/product\/46900","targetHints":{"allow":["GET"]}}],"collection":[{"href":"https:\/\/kauppa.ursa.fi\/kauppa\/wp-json\/wp\/v2\/product"}],"about":[{"href":"https:\/\/kauppa.ursa.fi\/kauppa\/wp-json\/wp\/v2\/types\/product"}],"replies":[{"embeddable":true,"href":"https:\/\/kauppa.ursa.fi\/kauppa\/wp-json\/wp\/v2\/comments?post=46900"}],"wp:featuredmedia":[{"embeddable":true,"href":"https:\/\/kauppa.ursa.fi\/kauppa\/wp-json\/wp\/v2\/media\/36224"}],"wp:attachment":[{"href":"https:\/\/kauppa.ursa.fi\/kauppa\/wp-json\/wp\/v2\/media?parent=46900"}],"wp:term":[{"taxonomy":"product_brand","embeddable":true,"href":"https:\/\/kauppa.ursa.fi\/kauppa\/wp-json\/wp\/v2\/product_brand?post=46900"},{"taxonomy":"product_cat","embeddable":true,"href":"https:\/\/kauppa.ursa.fi\/kauppa\/wp-json\/wp\/v2\/product_cat?post=46900"},{"taxonomy":"product_tag","embeddable":true,"href":"https:\/\/kauppa.ursa.fi\/kauppa\/wp-json\/wp\/v2\/product_tag?post=46900"}],"curies":[{"name":"wp","href":"https:\/\/api.w.org\/{rel}","templated":true}]}}