 

{"id":47673,"date":"2021-08-12T14:49:38","date_gmt":"2021-08-12T11:49:38","guid":{"rendered":"https:\/\/kauppa.ursa.fi\/kauppa\/?post_type=product&#038;p=47673"},"modified":"2024-05-27T16:58:01","modified_gmt":"2024-05-27T13:58:01","slug":"einsteinin-perinto","status":"publish","type":"product","link":"https:\/\/kauppa.ursa.fi\/kauppa\/tuote\/einsteinin-perinto\/","title":{"rendered":"Einsteinin perint\u00f6"},"content":{"rendered":"<p><span style=\"font-weight: 400;\">Albert Einstein oli outo ilmestys 1900-luvun alun fyysikoiden joukossa. Nuori patenttitoimiston virkailija tuli tuntemattomuudesta vauhdilla mukaan akateemisten tutkijoiden eturiviin. Ha\u0308n kehitti uskomattoman nopeassa tahdissa uuden idean toisensa ja\u0308lkeen ja esitti ka\u0308a\u0308nteentekevia\u0308 muutoksia sen ajan fysiikkaan la\u0308hinna\u0308 omien ajatuskokeittensa perusteella.<\/span><\/p>\n<p><span style=\"font-weight: 400;\">Einsteinin suhteellisuusteoria on ollut paras selitys maailman suuren mittakaavan rakenteille runsaan sadan vuoden ajan. Se on my\u00f6s arkiel\u00e4m\u00e4ss\u00e4mme t\u00e4rke\u00e4 esimerkiksi k\u00e4nnyk\u00f6iden gps-paikannuksen kautta. Einstein julkaisi monia muitakin teorioita, ja h\u00e4nen suuhunsa on pantu monenlaisia asioita.\u2028 Heikki Oja selvitt\u00e4\u00e4, mit\u00e4 Einstein on todellisuudessa kirjoittanut alkupera\u0308isissa\u0308 artikkeleissaan ja onko Einsteinin ennustuksia pystytty havainnoilla varmistamaan.<\/span><\/p>\n<p><span style=\"font-weight: 400;\">Kirjassa k\u00e4yd\u00e4\u00e4n l\u00e4pi Einsteinin teorioiden tunnetuimpia ilmi\u00f6it\u00e4 yksi kerrallaan. Luku alkaa keskeisell\u00e4 lainauksella Einsteinin kirjoituksista, mink\u00e4 j\u00e4lkeen k\u00e4sitell\u00e4\u00e4n kyseisen ilmi\u00f6n teoriaa ja ennustusten toteutumista. Kirja sis\u00e4lt\u00e4\u00e4 noin nelj\u00e4kymment\u00e4 h\u00e4nen esitt\u00e4m\u00e4\u00e4ns\u00e4 teoriaa. Kuinka monessa Einstein oli oikeassa?<\/span><\/p>\n<p><span style=\"font-weight: 400;\">Professori Heikki Oja on t\u00e4htitieteilij\u00e4 ja palkittu tietokirjailija.<\/span><\/p>\n<p><strong><a href=\"https:\/\/www.youtube.com\/watch?v=weusmBOf19E&amp;list=PLZ9sWJjR_MfH28kQXzELaKI1p5_Ceoqzf&amp;index=10\" target=\"_blank\" rel=\"noopener\">Heikki Ojan haastattelu<\/a><\/strong><\/p>\n<p>(osa Ursan T\u00e4htilive-ohjelmaa Helsingin kirjamessuilta 2021)<\/p>\n<p><iframe loading=\"lazy\" title=\"T\u00e4htilive: Heikki Oja\" width=\"1140\" height=\"641\" src=\"https:\/\/www.youtube.com\/embed\/weusmBOf19E?list=PLZ9sWJjR_MfH28kQXzELaKI1p5_Ceoqzf\" frameborder=\"0\" allow=\"accelerometer; autoplay; clipboard-write; encrypted-media; gyroscope; picture-in-picture; web-share\" referrerpolicy=\"strict-origin-when-cross-origin\" allowfullscreen><\/iframe><\/p>\n<p>&nbsp;<\/p>\n","protected":false},"excerpt":{"rendered":"<p>Uutuus! Mit\u00e4 Einstein todella sanoi?<\/p>\n","protected":false},"featured_media":47676,"comment_status":"open","ping_status":"closed","template":"","meta":[],"product_brand":[],"product_cat":[6,10],"product_tag":[],"class_list":{"0":"post-47673","1":"product","2":"type-product","3":"status-publish","4":"has-post-thumbnail","6":"product_cat-kirjakauppa","7":"product_cat-muut-tietokirjat","8":"product_shipping_class-kirjakauppa","9":"pa_hintavaihtoehdot-jasenhinta","10":"pa_hintavaihtoehdot-suositushinta","11":"pa_isbn-2199","12":"pa_sivumaara-2200","13":"pa_tekija-heikki-oja","15":"first","16":"instock","17":"taxable","18":"shipping-taxable","19":"purchasable","20":"product-type-variable"},"exclude_global_add_ons":[],"addons":[],"_links":{"self":[{"href":"https:\/\/kauppa.ursa.fi\/kauppa\/wp-json\/wp\/v2\/product\/47673","targetHints":{"allow":["GET"]}}],"collection":[{"href":"https:\/\/kauppa.ursa.fi\/kauppa\/wp-json\/wp\/v2\/product"}],"about":[{"href":"https:\/\/kauppa.ursa.fi\/kauppa\/wp-json\/wp\/v2\/types\/product"}],"replies":[{"embeddable":true,"href":"https:\/\/kauppa.ursa.fi\/kauppa\/wp-json\/wp\/v2\/comments?post=47673"}],"wp:featuredmedia":[{"embeddable":true,"href":"https:\/\/kauppa.ursa.fi\/kauppa\/wp-json\/wp\/v2\/media\/47676"}],"wp:attachment":[{"href":"https:\/\/kauppa.ursa.fi\/kauppa\/wp-json\/wp\/v2\/media?parent=47673"}],"wp:term":[{"taxonomy":"product_brand","embeddable":true,"href":"https:\/\/kauppa.ursa.fi\/kauppa\/wp-json\/wp\/v2\/product_brand?post=47673"},{"taxonomy":"product_cat","embeddable":true,"href":"https:\/\/kauppa.ursa.fi\/kauppa\/wp-json\/wp\/v2\/product_cat?post=47673"},{"taxonomy":"product_tag","embeddable":true,"href":"https:\/\/kauppa.ursa.fi\/kauppa\/wp-json\/wp\/v2\/product_tag?post=47673"}],"curies":[{"name":"wp","href":"https:\/\/api.w.org\/{rel}","templated":true}]}}