 

{"id":49281,"date":"2021-09-16T13:52:47","date_gmt":"2021-09-16T10:52:47","guid":{"rendered":"https:\/\/kauppa.ursa.fi\/kauppa\/?post_type=product&#038;p=49281"},"modified":"2026-04-08T12:10:10","modified_gmt":"2026-04-08T09:10:10","slug":"tiedonjano","status":"publish","type":"product","link":"https:\/\/kauppa.ursa.fi\/kauppa\/tuote\/tiedonjano\/","title":{"rendered":"Tiedonjano"},"content":{"rendered":"<p><span style=\"font-weight: 400;\">T\u00e4m\u00e4 kirja on kertomus vuoden mittaisesta matkasta, jolla samoillaan tieteen viidakoissa ihmetellen, ilahtuen ja oppien. Matkaetappeja eiv\u00e4t ole kaukaiset sademets\u00e4t tai savannit, vaan vertaisarvioidut tiedeartikkelit ja uutiset.<\/span><\/p>\n<p><span style=\"font-weight: 400;\">Esko Valtaojalle eri alojen tiedeartikkeleihin tutustuminen on vuosikymmenest\u00e4 toiseen ollut yksi viikon kohokohtia ja kattava p\u00e4ivitys siihen, mit\u00e4 h\u00e4nen oman erikoisalansa ulkopuolella on tekeill\u00e4. T\u00e4st\u00e4 luksuksesta h\u00e4n ei ole halunnut luopua tutkijanuransa j\u00e4lkeenk\u00e4\u00e4n.\u00a0<\/span><\/p>\n<p><em><span style=\"font-weight: 400;\">&#8221;Matkakertomukset eiv\u00e4t ole maantiedon oppikirjoja, eik\u00e4 minunkaan tarkoitukseni ole ollut kirjoittaa tieteen oppikirjaa. En my\u00f6sk\u00e4\u00e4n yrit\u00e4 tarjota kattavaa vuosikatsausta tieteeseen, en top-tusina rankinglistaa, enk\u00e4 kilpailla tiedett\u00e4 popularisoivien lehtien kanssa. Satunnaisen turistin tavoin aion eksy\u00e4 minulle t\u00e4ysin outoihin paikkoihin suu auki p\u00e4ivitellen sit\u00e4 kaikkea ihmeellist\u00e4 mit\u00e4 edest\u00e4ni l\u00f6yd\u00e4n ja antaen ajatusteni hortoilla minne ne haluavat.&#8221;<\/span><\/em><\/p>\n<p><strong><a href=\"https:\/\/www.youtube.com\/watch?v=vXwbnrg6zWg&amp;list=PLZ9sWJjR_MfH28kQXzELaKI1p5_Ceoqzf&amp;index=12\" target=\"_blank\" rel=\"noopener\">Esko Valtaojan haastattelu<\/a><br \/>\n<\/strong>(osa Ursan T\u00e4htilive-ohjelmaa Helsingin kirjamessuilta 2021)<strong><br \/>\n<\/strong><\/p>\n<p><iframe loading=\"lazy\" title=\"T\u00e4htilive: Esko Valtaoja\" width=\"1140\" height=\"641\" src=\"https:\/\/www.youtube.com\/embed\/vXwbnrg6zWg?list=PLZ9sWJjR_MfH28kQXzELaKI1p5_Ceoqzf\" frameborder=\"0\" allow=\"accelerometer; autoplay; clipboard-write; encrypted-media; gyroscope; picture-in-picture; web-share\" referrerpolicy=\"strict-origin-when-cross-origin\" allowfullscreen><\/iframe><\/p>\n","protected":false},"excerpt":{"rendered":"<p>Matkakirja tieteen l\u00f6yd\u00f6ist\u00e4<\/p>\n","protected":false},"featured_media":49279,"comment_status":"open","ping_status":"closed","template":"","meta":[],"product_brand":[],"product_cat":[2346,6,8],"product_tag":[],"class_list":{"0":"post-49281","1":"product","2":"type-product","3":"status-publish","4":"has-post-thumbnail","6":"product_cat-avaruusfanille","7":"product_cat-kirjakauppa","8":"product_cat-tahtitiede","9":"product_shipping_class-kirjakauppa","10":"pa_hintavaihtoehdot-jasenhinta","11":"pa_hintavaihtoehdot-suositushinta","12":"pa_isbn-2205","13":"pa_tekija-esko-valtaoja","15":"first","16":"instock","17":"taxable","18":"shipping-taxable","19":"purchasable","20":"product-type-variable"},"exclude_global_add_ons":[],"addons":[],"_links":{"self":[{"href":"https:\/\/kauppa.ursa.fi\/kauppa\/wp-json\/wp\/v2\/product\/49281","targetHints":{"allow":["GET"]}}],"collection":[{"href":"https:\/\/kauppa.ursa.fi\/kauppa\/wp-json\/wp\/v2\/product"}],"about":[{"href":"https:\/\/kauppa.ursa.fi\/kauppa\/wp-json\/wp\/v2\/types\/product"}],"replies":[{"embeddable":true,"href":"https:\/\/kauppa.ursa.fi\/kauppa\/wp-json\/wp\/v2\/comments?post=49281"}],"wp:featuredmedia":[{"embeddable":true,"href":"https:\/\/kauppa.ursa.fi\/kauppa\/wp-json\/wp\/v2\/media\/49279"}],"wp:attachment":[{"href":"https:\/\/kauppa.ursa.fi\/kauppa\/wp-json\/wp\/v2\/media?parent=49281"}],"wp:term":[{"taxonomy":"product_brand","embeddable":true,"href":"https:\/\/kauppa.ursa.fi\/kauppa\/wp-json\/wp\/v2\/product_brand?post=49281"},{"taxonomy":"product_cat","embeddable":true,"href":"https:\/\/kauppa.ursa.fi\/kauppa\/wp-json\/wp\/v2\/product_cat?post=49281"},{"taxonomy":"product_tag","embeddable":true,"href":"https:\/\/kauppa.ursa.fi\/kauppa\/wp-json\/wp\/v2\/product_tag?post=49281"}],"curies":[{"name":"wp","href":"https:\/\/api.w.org\/{rel}","templated":true}]}}