 

{"id":50102,"date":"2021-11-03T11:27:45","date_gmt":"2021-11-03T09:27:45","guid":{"rendered":"https:\/\/kauppa.ursa.fi\/kauppa\/?post_type=product&#038;p=50102"},"modified":"2026-04-08T12:06:25","modified_gmt":"2026-04-08T09:06:25","slug":"maailman-tutkijat","status":"publish","type":"product","link":"https:\/\/kauppa.ursa.fi\/kauppa\/tuote\/maailman-tutkijat\/","title":{"rendered":"Maailman tutkijat"},"content":{"rendered":"<p>Etel\u00e4amerikkalainen Kat tutki t\u00e4htitaivasta is\u00e4ns\u00e4 kanssa, ja nyt h\u00e4n etsii ty\u00f6kseen uusia planeettoja. Marjane rakasti aarteenetsint\u00e4\u00e4, ja h\u00e4nest\u00e4 tuli arkeologi, joka selvitt\u00e4\u00e4 muinaisten kulttuurien salaisuuksia. Li rakasti tietokoneella pelaamista. Pelaajaa h\u00e4nest\u00e4 ei tullut, mutta nyt h\u00e4n tekee ilmastomalleja ja miettii millainen maailmamme on sadan vuoden p\u00e4\u00e4st\u00e4. Tutkimusta tekev\u00e4t monenlaiset ihmiset, ja kenest\u00e4 tahansa voi tulla tutkija!<\/p>\n<p>Ik\u00e4suositus 4-7 vuotiaille<\/p>\n<p><strong><a href=\"https:\/\/www.youtube.com\/watch?v=ksDKqP4dERU&amp;list=PLZ9sWJjR_MfH28kQXzELaKI1p5_Ceoqzf&amp;index=15\" target=\"_blank\" rel=\"noopener\">Tekij\u00f6iden haastattelu<\/a><\/strong><br \/>\n(osa Ursan T\u00e4htilive-ohjelmaa Helsingin kirjamessuilta 2021)<\/p>\n<p><iframe loading=\"lazy\" title=\"T\u00e4htilive: Tero Mielonen ja Mari Ahokoivu \u2013 Maailman tutkijat\" width=\"1140\" height=\"641\" src=\"https:\/\/www.youtube.com\/embed\/ksDKqP4dERU?list=PLZ9sWJjR_MfH28kQXzELaKI1p5_Ceoqzf\" frameborder=\"0\" allow=\"accelerometer; autoplay; clipboard-write; encrypted-media; gyroscope; picture-in-picture; web-share\" referrerpolicy=\"strict-origin-when-cross-origin\" allowfullscreen><\/iframe><\/p>\n","protected":false},"excerpt":{"rendered":"<p>Ursan lastenkirjauutuus kertoo tutkijoista ja tieteen tekemisest\u00e4.<\/p>\n","protected":false},"featured_media":50442,"comment_status":"open","ping_status":"closed","template":"","meta":[],"product_brand":[],"product_cat":[6,2345,1574,2108],"product_tag":[],"class_list":{"0":"post-50102","1":"product","2":"type-product","3":"status-publish","4":"has-post-thumbnail","6":"product_cat-kirjakauppa","7":"product_cat-lahjaideat-lapsille-ja-nuorille","8":"product_cat-lapsille","9":"product_cat-uncategorized","10":"product_shipping_class-kirjakauppa","11":"pa_hintavaihtoehdot-jasenhinta","12":"pa_hintavaihtoehdot-suositushinta","13":"pa_isbn-2214","14":"pa_sivumaara-2216","15":"pa_tekija-tero-mielonen-ja-mari-ahokoivu","17":"first","18":"instock","19":"taxable","20":"shipping-taxable","21":"purchasable","22":"product-type-variable"},"exclude_global_add_ons":[],"addons":[],"_links":{"self":[{"href":"https:\/\/kauppa.ursa.fi\/kauppa\/wp-json\/wp\/v2\/product\/50102","targetHints":{"allow":["GET"]}}],"collection":[{"href":"https:\/\/kauppa.ursa.fi\/kauppa\/wp-json\/wp\/v2\/product"}],"about":[{"href":"https:\/\/kauppa.ursa.fi\/kauppa\/wp-json\/wp\/v2\/types\/product"}],"replies":[{"embeddable":true,"href":"https:\/\/kauppa.ursa.fi\/kauppa\/wp-json\/wp\/v2\/comments?post=50102"}],"wp:featuredmedia":[{"embeddable":true,"href":"https:\/\/kauppa.ursa.fi\/kauppa\/wp-json\/wp\/v2\/media\/50442"}],"wp:attachment":[{"href":"https:\/\/kauppa.ursa.fi\/kauppa\/wp-json\/wp\/v2\/media?parent=50102"}],"wp:term":[{"taxonomy":"product_brand","embeddable":true,"href":"https:\/\/kauppa.ursa.fi\/kauppa\/wp-json\/wp\/v2\/product_brand?post=50102"},{"taxonomy":"product_cat","embeddable":true,"href":"https:\/\/kauppa.ursa.fi\/kauppa\/wp-json\/wp\/v2\/product_cat?post=50102"},{"taxonomy":"product_tag","embeddable":true,"href":"https:\/\/kauppa.ursa.fi\/kauppa\/wp-json\/wp\/v2\/product_tag?post=50102"}],"curies":[{"name":"wp","href":"https:\/\/api.w.org\/{rel}","templated":true}]}}