 

{"id":50787,"date":"2021-11-16T14:32:44","date_gmt":"2021-11-16T12:32:44","guid":{"rendered":"https:\/\/kauppa.ursa.fi\/kauppa\/?post_type=product&#038;p=50787"},"modified":"2023-09-14T14:10:13","modified_gmt":"2023-09-14T11:10:13","slug":"ursan-historia","status":"publish","type":"product","link":"https:\/\/kauppa.ursa.fi\/kauppa\/tuote\/ursan-historia\/","title":{"rendered":"Ursan historia"},"content":{"rendered":"<p>Ursan perustaja Yrj\u00f6 V\u00e4is\u00e4l\u00e4 oli kokoontunut yst\u00e4vien kesken t\u00e4htitieteen merkeiss\u00e4 puolentoista vuoden ajan, kun toiminnasta p\u00e4\u00e4tettiin tehd\u00e4 julkista vuonna 1921. Alku oli reipas, j\u00e4seni\u00e4 liittyi mukaan ja paikallisosastoja perustettiin muualle Suomeen. Ursan toiminta suuntautui heti alusta kansanvalistukseen. Vuonna 1924 Ursa toi Suomeen Einsteinin suhteellisuusteoriaa esittelev\u00e4n elokuvan, jota esitettiin menestyksell\u00e4 ymp\u00e4ri Suomea. Ursan t\u00e4htitorni Kaivopuistoon valmistui 1926 ja ensimm\u00e4inen kirja julkaistiin samana vuonna.<\/p>\n<p>Seuraavina vuosikymmenin\u00e4 j\u00e4senm\u00e4\u00e4r\u00e4 kasvoi hitaasti, mutta 1960-luvulta alkaen innostus taas yltyi. Nuoret harrastajat ja t\u00e4htitieteilij\u00e4t ryhtyiv\u00e4t kehitt\u00e4m\u00e4\u00e4n Ursaa. Ursan oma lehti perustettiin ja oma kirjankustannustoiminta alkoi. J\u00e4senten m\u00e4\u00e4r\u00e4 suorastaan r\u00e4j\u00e4hti kasvuun, ja nyt Ursassa on noin 19 000 j\u00e4sent\u00e4.<\/p>\n<p>Ursan historia kertoo, miten pienest\u00e4 yhdistyksest\u00e4 kasvoi tunnettu ja yhteiskunnassa n\u00e4kyv\u00e4 toimija.<\/p>\n<p><a href=\"https:\/\/kauppa.ursa.fi\/kauppa\/ursan-historia-errata\/\">Korjauksia kirjaan<\/a><\/p>\n","protected":false},"excerpt":{"rendered":"<p>Miten pienest\u00e4 yhdistyksest\u00e4 kasvoi tunnettu ja yhteiskunnassa n\u00e4kyv\u00e4 toimija?<\/p>\n","protected":false},"featured_media":50796,"comment_status":"open","ping_status":"closed","template":"","meta":[],"product_brand":[],"product_cat":[6,8],"product_tag":[],"class_list":{"0":"post-50787","1":"product","2":"type-product","3":"status-publish","4":"has-post-thumbnail","6":"product_cat-kirjakauppa","7":"product_cat-tahtitiede","8":"product_shipping_class-kirjakauppa","9":"pa_hintavaihtoehdot-jasenhinta","10":"pa_hintavaihtoehdot-suositushinta","11":"pa_isbn-2218","12":"pa_sivumaara-1116","14":"first","15":"instock","16":"taxable","17":"shipping-taxable","18":"purchasable","19":"product-type-variable"},"exclude_global_add_ons":[],"addons":[],"_links":{"self":[{"href":"https:\/\/kauppa.ursa.fi\/kauppa\/wp-json\/wp\/v2\/product\/50787","targetHints":{"allow":["GET"]}}],"collection":[{"href":"https:\/\/kauppa.ursa.fi\/kauppa\/wp-json\/wp\/v2\/product"}],"about":[{"href":"https:\/\/kauppa.ursa.fi\/kauppa\/wp-json\/wp\/v2\/types\/product"}],"replies":[{"embeddable":true,"href":"https:\/\/kauppa.ursa.fi\/kauppa\/wp-json\/wp\/v2\/comments?post=50787"}],"wp:featuredmedia":[{"embeddable":true,"href":"https:\/\/kauppa.ursa.fi\/kauppa\/wp-json\/wp\/v2\/media\/50796"}],"wp:attachment":[{"href":"https:\/\/kauppa.ursa.fi\/kauppa\/wp-json\/wp\/v2\/media?parent=50787"}],"wp:term":[{"taxonomy":"product_brand","embeddable":true,"href":"https:\/\/kauppa.ursa.fi\/kauppa\/wp-json\/wp\/v2\/product_brand?post=50787"},{"taxonomy":"product_cat","embeddable":true,"href":"https:\/\/kauppa.ursa.fi\/kauppa\/wp-json\/wp\/v2\/product_cat?post=50787"},{"taxonomy":"product_tag","embeddable":true,"href":"https:\/\/kauppa.ursa.fi\/kauppa\/wp-json\/wp\/v2\/product_tag?post=50787"}],"curies":[{"name":"wp","href":"https:\/\/api.w.org\/{rel}","templated":true}]}}