 

{"id":5470,"date":"2004-02-03T14:39:21","date_gmt":"2004-02-03T12:39:21","guid":{"rendered":"https:\/\/kauppa.ursa.fi\/kauppa\/?post_type=product&#038;p=5470"},"modified":"2026-04-01T15:55:24","modified_gmt":"2026-04-01T12:55:24","slug":"40-mm-skywatcher-plossl-okulaari","status":"publish","type":"product","link":"https:\/\/kauppa.ursa.fi\/kauppa\/tuote\/40-mm-skywatcher-plossl-okulaari\/","title":{"rendered":"40 mm SkyWatcher Pl\u00f6ssl -okulaari"},"content":{"rendered":"<p>T\u00e4m\u00e4 okulaari soveltuu sumumaisten ja laajojen kohteiden havainnointiin k\u00e4ytett\u00e4ess\u00e4 esim. Maksutov- tai SC-mallista kaukoputkea. Okulaarin n\u00e4enn\u00e4inen n\u00e4k\u00f6kentt\u00e4 on n. 39\u00b0. Huom! Ei suositella Skylinerin tai Explorerin (kaukoputken, jonka f\/5.7 tai pienempi) kanssa k\u00e4ytett\u00e4v\u00e4ksi.<\/p>\n","protected":false},"excerpt":{"rendered":"<p>T\u00e4m\u00e4 okulaari soveltuu sumumaisten ja laajojen kohteiden havainnointiin k\u00e4ytett\u00e4ess\u00e4 esim. Maksutov- tai SC-mallista kaukoputkea. Okulaarin n\u00e4enn\u00e4inen n\u00e4k\u00f6kentt\u00e4 on n. 39\u00b0. Huom! Ei suositella Skylinerin tai Explorerin (kaukoputken, jonka f\/5.7 tai [&hellip;]<\/p>\n","protected":false},"featured_media":5072,"comment_status":"open","ping_status":"closed","template":"","meta":[],"product_brand":[],"product_cat":[17],"product_tag":[],"class_list":{"0":"post-5470","1":"product","2":"type-product","3":"status-publish","4":"has-post-thumbnail","6":"product_cat-okulaarit","7":"product_shipping_class-lisavaruste","8":"pa_hintavaihtoehdot-jasenhinta","9":"pa_hintavaihtoehdot-suositushinta","10":"pa_valmistaja-skywatcher","12":"first","13":"instock","14":"taxable","15":"shipping-taxable","16":"purchasable","17":"product-type-variable"},"exclude_global_add_ons":[],"addons":[],"_links":{"self":[{"href":"https:\/\/kauppa.ursa.fi\/kauppa\/wp-json\/wp\/v2\/product\/5470","targetHints":{"allow":["GET"]}}],"collection":[{"href":"https:\/\/kauppa.ursa.fi\/kauppa\/wp-json\/wp\/v2\/product"}],"about":[{"href":"https:\/\/kauppa.ursa.fi\/kauppa\/wp-json\/wp\/v2\/types\/product"}],"replies":[{"embeddable":true,"href":"https:\/\/kauppa.ursa.fi\/kauppa\/wp-json\/wp\/v2\/comments?post=5470"}],"wp:featuredmedia":[{"embeddable":true,"href":"https:\/\/kauppa.ursa.fi\/kauppa\/wp-json\/wp\/v2\/media\/5072"}],"wp:attachment":[{"href":"https:\/\/kauppa.ursa.fi\/kauppa\/wp-json\/wp\/v2\/media?parent=5470"}],"wp:term":[{"taxonomy":"product_brand","embeddable":true,"href":"https:\/\/kauppa.ursa.fi\/kauppa\/wp-json\/wp\/v2\/product_brand?post=5470"},{"taxonomy":"product_cat","embeddable":true,"href":"https:\/\/kauppa.ursa.fi\/kauppa\/wp-json\/wp\/v2\/product_cat?post=5470"},{"taxonomy":"product_tag","embeddable":true,"href":"https:\/\/kauppa.ursa.fi\/kauppa\/wp-json\/wp\/v2\/product_tag?post=5470"}],"curies":[{"name":"wp","href":"https:\/\/api.w.org\/{rel}","templated":true}]}}