 

{"id":5477,"date":"2004-04-28T13:26:39","date_gmt":"2004-04-28T10:26:39","guid":{"rendered":"https:\/\/kauppa.ursa.fi\/kauppa\/tuote\/seurantamoottori-eq2-jalustaan-skymax-102\/"},"modified":"2025-12-18T14:24:46","modified_gmt":"2025-12-18T12:24:46","slug":"seurantamoottori-eq2-jalustaan-skymax-102","status":"publish","type":"product","link":"https:\/\/kauppa.ursa.fi\/kauppa\/tuote\/seurantamoottori-eq2-jalustaan-skymax-102\/","title":{"rendered":"Seurantamoottori EQ2-jalustaan (Skymax-102)"},"content":{"rendered":"<p>Sky-Watcher EQ-2 -jalustaan sopiva seurantamoottori helpottaa taivaan kohteiden esittely\u00e4 suuremmille ryhmille ja pit\u00e4\u00e4 kohteet kaukoputken kuvakent\u00e4ss\u00e4. Moottoria on mahdollista k\u00e4ytt\u00e4\u00e4 joko paristolla tai 6 voltin tasaj\u00e4nnitteell\u00e4 (verkkolaite).<\/p>\n<p><strong>HUOM! <\/strong>Tuotteen asennus vaatii tarkkuutta rattaiden ja moottorin kiinnityksen osalta. Tuotteeseen sis\u00e4ltyy ainoastaan valmistajan perusohjeet.<\/p>\n","protected":false},"excerpt":{"rendered":"<p>Yksiakselinen paristok\u00e4ytt\u00f6inen seurantamoottori<\/p>\n","protected":false},"featured_media":4627,"comment_status":"open","ping_status":"closed","template":"","meta":[],"product_brand":[],"product_cat":[16],"product_tag":[],"class_list":{"0":"post-5477","1":"product","2":"type-product","3":"status-publish","4":"has-post-thumbnail","6":"product_cat-lisavarusteet","7":"product_shipping_class-lisavaruste","8":"pa_hintavaihtoehdot-jasenhinta","9":"pa_hintavaihtoehdot-suositushinta","10":"pa_tekija-sky-watcher","12":"first","13":"outofstock","14":"taxable","15":"shipping-taxable","16":"purchasable","17":"product-type-variable","18":"has-default-attributes"},"exclude_global_add_ons":[],"addons":[],"_links":{"self":[{"href":"https:\/\/kauppa.ursa.fi\/kauppa\/wp-json\/wp\/v2\/product\/5477","targetHints":{"allow":["GET"]}}],"collection":[{"href":"https:\/\/kauppa.ursa.fi\/kauppa\/wp-json\/wp\/v2\/product"}],"about":[{"href":"https:\/\/kauppa.ursa.fi\/kauppa\/wp-json\/wp\/v2\/types\/product"}],"replies":[{"embeddable":true,"href":"https:\/\/kauppa.ursa.fi\/kauppa\/wp-json\/wp\/v2\/comments?post=5477"}],"wp:featuredmedia":[{"embeddable":true,"href":"https:\/\/kauppa.ursa.fi\/kauppa\/wp-json\/wp\/v2\/media\/4627"}],"wp:attachment":[{"href":"https:\/\/kauppa.ursa.fi\/kauppa\/wp-json\/wp\/v2\/media?parent=5477"}],"wp:term":[{"taxonomy":"product_brand","embeddable":true,"href":"https:\/\/kauppa.ursa.fi\/kauppa\/wp-json\/wp\/v2\/product_brand?post=5477"},{"taxonomy":"product_cat","embeddable":true,"href":"https:\/\/kauppa.ursa.fi\/kauppa\/wp-json\/wp\/v2\/product_cat?post=5477"},{"taxonomy":"product_tag","embeddable":true,"href":"https:\/\/kauppa.ursa.fi\/kauppa\/wp-json\/wp\/v2\/product_tag?post=5477"}],"curies":[{"name":"wp","href":"https:\/\/api.w.org\/{rel}","templated":true}]}}