 

{"id":5478,"date":"2004-05-24T13:26:49","date_gmt":"2004-05-24T10:26:49","guid":{"rendered":"https:\/\/kauppa.ursa.fi\/kauppa\/tuote\/zoom-okulaari-8-24-mm\/"},"modified":"2026-04-01T15:54:03","modified_gmt":"2026-04-01T12:54:03","slug":"zoom-okulaari-8-24-mm","status":"publish","type":"product","link":"https:\/\/kauppa.ursa.fi\/kauppa\/tuote\/zoom-okulaari-8-24-mm\/","title":{"rendered":"Zoom-okulaari 8-24 mm"},"content":{"rendered":"<p>N\u00e4enn\u00e4inen n\u00e4k\u00f6kentt\u00e4 40\u00b0-60\u00b0.<\/p>\n","protected":false},"excerpt":{"rendered":"<p>N\u00e4enn\u00e4inen n\u00e4k\u00f6kentt\u00e4 40\u00b0-60\u00b0.<\/p>\n","protected":false},"featured_media":4629,"comment_status":"closed","ping_status":"closed","template":"","meta":[],"product_brand":[],"product_cat":[17],"product_tag":[],"class_list":{"0":"post-5478","1":"product","2":"type-product","3":"status-publish","4":"has-post-thumbnail","6":"product_cat-okulaarit","7":"product_shipping_class-lisavaruste","8":"pa_hintavaihtoehdot-jasenhinta","9":"pa_hintavaihtoehdot-suositushinta","10":"pa_valmistaja-sky-watcher","12":"first","13":"instock","14":"taxable","15":"shipping-taxable","16":"purchasable","17":"product-type-variable"},"exclude_global_add_ons":[],"addons":[],"_links":{"self":[{"href":"https:\/\/kauppa.ursa.fi\/kauppa\/wp-json\/wp\/v2\/product\/5478","targetHints":{"allow":["GET"]}}],"collection":[{"href":"https:\/\/kauppa.ursa.fi\/kauppa\/wp-json\/wp\/v2\/product"}],"about":[{"href":"https:\/\/kauppa.ursa.fi\/kauppa\/wp-json\/wp\/v2\/types\/product"}],"replies":[{"embeddable":true,"href":"https:\/\/kauppa.ursa.fi\/kauppa\/wp-json\/wp\/v2\/comments?post=5478"}],"wp:featuredmedia":[{"embeddable":true,"href":"https:\/\/kauppa.ursa.fi\/kauppa\/wp-json\/wp\/v2\/media\/4629"}],"wp:attachment":[{"href":"https:\/\/kauppa.ursa.fi\/kauppa\/wp-json\/wp\/v2\/media?parent=5478"}],"wp:term":[{"taxonomy":"product_brand","embeddable":true,"href":"https:\/\/kauppa.ursa.fi\/kauppa\/wp-json\/wp\/v2\/product_brand?post=5478"},{"taxonomy":"product_cat","embeddable":true,"href":"https:\/\/kauppa.ursa.fi\/kauppa\/wp-json\/wp\/v2\/product_cat?post=5478"},{"taxonomy":"product_tag","embeddable":true,"href":"https:\/\/kauppa.ursa.fi\/kauppa\/wp-json\/wp\/v2\/product_tag?post=5478"}],"curies":[{"name":"wp","href":"https:\/\/api.w.org\/{rel}","templated":true}]}}