 

{"id":5482,"date":"2004-08-13T09:51:47","date_gmt":"2004-08-13T06:51:47","guid":{"rendered":"https:\/\/kauppa.ursa.fi\/kauppa\/tuote\/sky-watcher-skymax-127\/"},"modified":"2026-04-08T11:53:03","modified_gmt":"2026-04-08T08:53:03","slug":"sky-watcher-skymax-127","status":"publish","type":"product","link":"https:\/\/kauppa.ursa.fi\/kauppa\/tuote\/sky-watcher-skymax-127\/","title":{"rendered":"Sky-Watcher Skymax-127"},"content":{"rendered":"<p>Skymaxin Maksutov-Cassegrain-rakenne mahdollistaa pienest\u00e4 koosta huolimatta pitk\u00e4n polttov\u00e4lin, helppohoitoisen suljetun rakenteen ja korkealaatuisen kuvanlaadun. T\u00e4m\u00e4 soveltuu hyvin suurennusta vaativien kohteiden kuvaukseen mik\u00e4li jalustaan yhdist\u00e4\u00e4 seurantamoottorin tai GoTo-p\u00e4ivityspaketin.<\/p>\n<ul>\n<li>objektiivin l\u00e4pimitta 127 mm<\/li>\n<li>polttov\u00e4li 1500 mm (f\/11,81)<\/li>\n<li>okulaarit (1,25&#8243;) 10 ja 25 mm<\/li>\n<li>suurennukset 60x ja 150x<\/li>\n<li>punapiste-etsin<\/li>\n<li>EQ3-2 kolmijalka, ekvatoriaalinen ripustus<\/li>\n<li>lis\u00e4varusteena saatavissa <a href=\"https:\/\/kauppa.ursa.fi\/kauppa\/tuote\/seurantamoottori-eq3-jalustaan-skymax-127\/\" target=\"_blank\" rel=\"noopener noreferrer\">yhden akselin seurantamoottori<\/a><\/li>\n<li>lis\u00e4varusteena saatavissa <a href=\"https:\/\/kauppa.ursa.fi\/kauppa\/tuote\/sky-watcher-synscan-goto-paivityspaketti-jalustalle\/\" target=\"_blank\" rel=\"noopener noreferrer\">Goto-p\u00e4ivitys<\/a><\/li>\n<li>paino havaintokunnossa 17 kg<\/li>\n<\/ul>\n<p>Ursasta ostetun kaukoputken hinta sis\u00e4lt\u00e4\u00e4:<\/p>\n<ul>\n<li>alkuopastuksen putken k\u00e4yt\u00f6st\u00e4, mik\u00e4li putki noudetaan Ursasta<\/li>\n<li>puhelimitse annettua neuvontaa tarvittaessa<\/li>\n<li>Olli Mannerin Kaukoputket k\u00e4ytt\u00e4j\u00e4n opas -kirjan (sh. 15,15 \u20ac)<\/li>\n<li>T\u00e4hdet -vuosikirjan (sh. 16 \u20ac)<\/li>\n<\/ul>\n<p><a href=\"https:\/\/kauppa.ursa.fi\/kauppa\/tuote-osasto\/kaukoputkikauppa\/okulaarit\/\"><b>Okulaarit<\/b><\/a><br \/>\n<a href=\"https:\/\/kauppa.ursa.fi\/kauppa\/tuote-osasto\/kaukoputkikauppa\/lisavarusteet\/\"><b>Lis\u00e4varusteet<\/b><\/a><br \/>\n<a href=\"https:\/\/kauppa.ursa.fi\/kauppa\/kaukoputken-ostajan-opas\/\">Kaukoputken ostajan opas<\/a><br \/>\n<a href=\"https:\/\/kauppa.ursa.fi\/kauppa\/okulaaritaulukko\/\">Okulaaritaulukko<\/a><\/p>\n","protected":false},"excerpt":{"rendered":"<p>Pienikokoinen, mutta pitk\u00e4polttov\u00e4linen kaukoputki.<\/p>\n<p>P\u00e4ivitett\u00e4viss\u00e4 automaattiseksi <a href=\"https:\/\/kauppa.ursa.fi\/kauppa\/tuote\/sky-watcher-synscan-goto-paivityspaketti-jalustalle\/\" target=\"_blank\" rel=\"noopener noreferrer\">GoTo-jalustaksi<\/a><\/p>\n","protected":false},"featured_media":4634,"comment_status":"open","ping_status":"closed","template":"","meta":[],"product_brand":[],"product_cat":[14,2364],"product_tag":[],"class_list":{"0":"post-5482","1":"product","2":"type-product","3":"status-publish","4":"has-post-thumbnail","6":"product_cat-kaukoputket","7":"product_cat-kaukoputket-ja-kiikarit","8":"product_shipping_class-havainto2","9":"pa_hintavaihtoehdot-jasenhinta","10":"pa_hintavaihtoehdot-suositushinta","11":"pa_jalustan-tyyppi-ekvatoriaalinen","12":"pa_optiikka-maksutov-cassegrain","13":"pa_valmistaja-skywatcher","15":"first","16":"instock","17":"taxable","18":"shipping-taxable","19":"purchasable","20":"product-type-variable"},"exclude_global_add_ons":[],"addons":[],"_links":{"self":[{"href":"https:\/\/kauppa.ursa.fi\/kauppa\/wp-json\/wp\/v2\/product\/5482","targetHints":{"allow":["GET"]}}],"collection":[{"href":"https:\/\/kauppa.ursa.fi\/kauppa\/wp-json\/wp\/v2\/product"}],"about":[{"href":"https:\/\/kauppa.ursa.fi\/kauppa\/wp-json\/wp\/v2\/types\/product"}],"replies":[{"embeddable":true,"href":"https:\/\/kauppa.ursa.fi\/kauppa\/wp-json\/wp\/v2\/comments?post=5482"}],"wp:featuredmedia":[{"embeddable":true,"href":"https:\/\/kauppa.ursa.fi\/kauppa\/wp-json\/wp\/v2\/media\/4634"}],"wp:attachment":[{"href":"https:\/\/kauppa.ursa.fi\/kauppa\/wp-json\/wp\/v2\/media?parent=5482"}],"wp:term":[{"taxonomy":"product_brand","embeddable":true,"href":"https:\/\/kauppa.ursa.fi\/kauppa\/wp-json\/wp\/v2\/product_brand?post=5482"},{"taxonomy":"product_cat","embeddable":true,"href":"https:\/\/kauppa.ursa.fi\/kauppa\/wp-json\/wp\/v2\/product_cat?post=5482"},{"taxonomy":"product_tag","embeddable":true,"href":"https:\/\/kauppa.ursa.fi\/kauppa\/wp-json\/wp\/v2\/product_tag?post=5482"}],"curies":[{"name":"wp","href":"https:\/\/api.w.org\/{rel}","templated":true}]}}