 

{"id":5505,"date":"2005-11-25T10:12:36","date_gmt":"2005-11-25T08:12:36","guid":{"rendered":"https:\/\/kauppa.ursa.fi\/kauppa\/tuote\/sky-watcher-skymax-150-pro-goto-jalustalla\/"},"modified":"2026-04-08T11:53:03","modified_gmt":"2026-04-08T08:53:03","slug":"sky-watcher-skymax-150-pro-goto-jalustalla","status":"publish","type":"product","link":"https:\/\/kauppa.ursa.fi\/kauppa\/tuote\/sky-watcher-skymax-150-pro-goto-jalustalla\/","title":{"rendered":"Sky-Watcher Skymax-150 Pro goto-jalustalla"},"content":{"rendered":"<p>Sky-Watcher Skymax-150 Pro on Maksutov-Cassegrain-tyyppinen putki varustettuna HEQ5 SkyScan Pro goto -jalustalla. Goto-j\u00e4rjestelm\u00e4 suuntaa putken haluttuun kohteeseen, ja pit\u00e4\u00e4 kohteen n\u00e4k\u00f6kent\u00e4ss\u00e4 automaattisesti. Vaatii 12 V tasaj\u00e4nnitteen, v\u00e4hint\u00e4\u00e4n 1,5 A akusta tai virtal\u00e4hteest\u00e4. Toimitetaan akkuun liitett\u00e4v\u00e4ll\u00e4 johdolla (tupakansytytinliitin).<\/p>\n<p>Huom! Laite on tarkoitettu edistyneille harrastajille, ja soveltuu ensimm\u00e4iseksi kaukoputkeksi vain varauksin. Goto-laitteen k\u00e4ytt\u00f6liittym\u00e4 ja mukana toimitettava k\u00e4ytt\u00f6ohje ovat englanninkielisi\u00e4. Ostaja saa opastusta laitteen k\u00e4ytt\u00f6\u00f6n Ursassa.<\/p>\n<p><b>Tekniset tiedot<\/b><\/p>\n<ul>\n<li>Maksutov-Cassegrain-tyyppinen peilikaukoputki<\/li>\n<li>peilin l\u00e4pimitta 150 mm<\/li>\n<li>polttov\u00e4li 1800 mm<\/li>\n<li>aukkosuhde f\/12<\/li>\n<li>9&#215;50-etsinkaukoputki<\/li>\n<li>28 mm okulaari (halkaisija 2 tuumaa), suurennus 64x<\/li>\n<li>90 asteen 2 tuuman kulmapeili<\/li>\n<li>tukeva kolmijalka<\/li>\n<li>tietokannassa yli 13 400 kohdetta<\/li>\n<li>voidaan liitt\u00e4\u00e4 tietokoneeseen<\/li>\n<li>paino k\u00e4ytt\u00f6valmiina n. 31 kg<\/li>\n<\/ul>\n<h3>Tiedustelut<\/h3>\n<p>Tiedustelut puhelimitse, s\u00e4hk\u00f6postitse tai k\u00e4ym\u00e4ll\u00e4 Ursan toimistolla arkisin, puh. 09 6840 4030 \/ ursa @ ursa.fi \/ Jaakko Visuri.<\/p>\n<p><a href=\"https:\/\/kauppa.ursa.fi\/kauppa\/tuote-osasto\/kaukoputkikauppa\/okulaarit\/\"><b>Okulaarit<\/b><\/a><br \/>\n<a href=\"https:\/\/kauppa.ursa.fi\/kauppa\/tuote-osasto\/kaukoputkikauppa\/lisavarusteet\/\"><b>Lis\u00e4varusteet<\/b><\/a><br \/>\n<a href=\"https:\/\/kauppa.ursa.fi\/kauppa\/kaukoputken-ostajan-opas\/\">Kaukoputken ostajan opas<\/a><br \/>\n<a href=\"https:\/\/kauppa.ursa.fi\/kauppa\/okulaaritaulukko\/\">Okulaaritaulukko<\/a><\/p>\n<hr \/>\n<p><b><br \/>\nUrsan j\u00e4senen\u00e4 saat havaintov\u00e4lineet j\u00e4senhintaan, n. 10% edullisemmin.<\/b><\/p>\n<h3 class=\"keski\"><a href=\"https:\/\/kauppa.ursa.fi\/kauppa\/tuote-osasto\/jasenyys\/\" target=\"_blank\" rel=\"noopener noreferrer\">\u00bb Liity j\u00e4seneksi<\/a><\/h3>\n<hr \/>\n","protected":false},"excerpt":{"rendered":"<p>150 mm kaukoputki HEQ5 SynScan goto -jalustalla.<\/p>\n<p>TILAUKSESTA. Tiedustele toimitusaikaa Ursasta.<\/p>\n","protected":false},"featured_media":32438,"comment_status":"open","ping_status":"closed","template":"","meta":[],"product_brand":[],"product_cat":[2364,1871,14],"product_tag":[],"class_list":{"0":"post-5505","1":"product","2":"type-product","3":"status-publish","4":"has-post-thumbnail","6":"product_cat-kaukoputket-ja-kiikarit","7":"product_cat-valokuvaukseen","8":"product_cat-kaukoputket","9":"product_shipping_class-havainto2","10":"pa_hintavaihtoehdot-jasenhinta","11":"pa_hintavaihtoehdot-suositushinta","12":"pa_jalustan-tyyppi-automaattinen","13":"pa_jalustan-tyyppi-ekvatoriaalinen","14":"pa_optiikka-maksutov-cassegrain","15":"pa_valmistaja-skywatcher","17":"first","18":"outofstock","19":"taxable","20":"shipping-taxable","21":"purchasable","22":"product-type-variable"},"exclude_global_add_ons":[],"addons":[],"_links":{"self":[{"href":"https:\/\/kauppa.ursa.fi\/kauppa\/wp-json\/wp\/v2\/product\/5505","targetHints":{"allow":["GET"]}}],"collection":[{"href":"https:\/\/kauppa.ursa.fi\/kauppa\/wp-json\/wp\/v2\/product"}],"about":[{"href":"https:\/\/kauppa.ursa.fi\/kauppa\/wp-json\/wp\/v2\/types\/product"}],"replies":[{"embeddable":true,"href":"https:\/\/kauppa.ursa.fi\/kauppa\/wp-json\/wp\/v2\/comments?post=5505"}],"wp:featuredmedia":[{"embeddable":true,"href":"https:\/\/kauppa.ursa.fi\/kauppa\/wp-json\/wp\/v2\/media\/32438"}],"wp:attachment":[{"href":"https:\/\/kauppa.ursa.fi\/kauppa\/wp-json\/wp\/v2\/media?parent=5505"}],"wp:term":[{"taxonomy":"product_brand","embeddable":true,"href":"https:\/\/kauppa.ursa.fi\/kauppa\/wp-json\/wp\/v2\/product_brand?post=5505"},{"taxonomy":"product_cat","embeddable":true,"href":"https:\/\/kauppa.ursa.fi\/kauppa\/wp-json\/wp\/v2\/product_cat?post=5505"},{"taxonomy":"product_tag","embeddable":true,"href":"https:\/\/kauppa.ursa.fi\/kauppa\/wp-json\/wp\/v2\/product_tag?post=5505"}],"curies":[{"name":"wp","href":"https:\/\/api.w.org\/{rel}","templated":true}]}}