 

{"id":5510,"date":"2006-06-14T10:32:22","date_gmt":"2006-06-14T07:32:22","guid":{"rendered":"https:\/\/kauppa.ursa.fi\/kauppa\/tuote\/heq5-synscan-goto-jalusta\/"},"modified":"2026-04-01T11:47:02","modified_gmt":"2026-04-01T08:47:02","slug":"heq5-synscan-goto-jalusta","status":"publish","type":"product","link":"https:\/\/kauppa.ursa.fi\/kauppa\/tuote\/heq5-synscan-goto-jalusta\/","title":{"rendered":"HEQ5 SynScan goto -jalusta"},"content":{"rendered":"<p>Eritt\u00e4in tukevan HEQ5 SynScan -jalustan go-to-j\u00e4rjestelm\u00e4 suuntaa putken haluttuun kohteeseen ja pit\u00e4\u00e4 kohteen n\u00e4k\u00f6kent\u00e4ss\u00e4 automaattisesti. Vaatii 12 V tasaj\u00e4nnitteen v\u00e4hint\u00e4\u00e4n 1,5 A akusta tai virtal\u00e4hteest\u00e4. Toimitetaan akkuun liitett\u00e4v\u00e4ll\u00e4 johdolla (tupakansytytinliitin).<\/p>\n<p>Go-to-laitteen k\u00e4ytt\u00f6liittym\u00e4 ja mukana toimitettava k\u00e4ytt\u00f6ohje ovat englanninkielisi\u00e4. Ostaja saa opastusta laitteen k\u00e4ytt\u00f6\u00f6n Ursassa.<\/p>\n<p>Sky at Night -lehden testi: &#8221;T\u00e4rin\u00e4 vaimenee nopeasti &#8212; Goton tarkkuus on h\u00e4mm\u00e4stytt\u00e4v\u00e4n hyv\u00e4&#8221;.<\/p>\n<p><b>Tekniset tiedot<\/b><\/p>\n<ul>\n<li>tukeva kolmijalka<\/li>\n<li>tietokannassa yli 42 000 kohdetta<\/li>\n<li>voidaan liitt\u00e4\u00e4 tietokoneeseen<\/li>\n<li>kantokyky 16 kg<\/li>\n<li>kaksi vastapainoa yht. 10 kg<\/li>\n<li>paino n. 16 kg ilman vastapainoja<\/li>\n<\/ul>\n<p><a href=\"https:\/\/kauppa.ursa.fi\/kauppa\/tuote-osasto\/kaukoputkikauppa\/okulaarit\/\"><b>Okulaarit<\/b><\/a><br \/>\n<a href=\"https:\/\/kauppa.ursa.fi\/kauppa\/tuote-osasto\/kaukoputkikauppa\/lisavarusteet\/\"><b>Lis\u00e4varusteet<\/b><\/a><br \/>\n<a href=\"https:\/\/kauppa.ursa.fi\/kauppa\/kaukoputken-ostajan-opas\/\">Kaukoputken ostajan opas<\/a><br \/>\n<a href=\"https:\/\/kauppa.ursa.fi\/kauppa\/okulaaritaulukko\/\">Okulaaritaulukko<\/a><\/p>\n<hr \/>\n<p><b><br \/>\nUrsan j\u00e4senen\u00e4 saat havaintov\u00e4lineet j\u00e4senhintaan, n. 10% edullisemmin.<\/b><\/p>\n<h3 class=\"keski\"><a href=\"https:\/\/kauppa.ursa.fi\/kauppa\/tuote-osasto\/jasenyys\/\" target=\"_blank\" rel=\"noopener noreferrer\">\u00bb Liity j\u00e4seneksi<\/a><\/h3>\n<hr \/>\n","protected":false},"excerpt":{"rendered":"<p>Tietokoneohjattu tukeva goto-jalusta.<\/p>\n<p>Vain TILAUKSESTA! Tiedustele toimitusaikaa Ursasta.<\/p>\n","protected":false},"featured_media":4654,"comment_status":"open","ping_status":"closed","template":"","meta":[],"product_brand":[],"product_cat":[2064],"product_tag":[],"class_list":{"0":"post-5510","1":"product","2":"type-product","3":"status-publish","4":"has-post-thumbnail","6":"product_cat-jalustat","7":"product_shipping_class-havainto2","8":"pa_hintavaihtoehdot-jasenhinta","9":"pa_hintavaihtoehdot-suositushinta","10":"pa_jalustan-tyyppi-automaattinen","11":"pa_jalustan-tyyppi-ekvatoriaalinen","12":"pa_valmistaja-skywatcher","14":"first","15":"instock","16":"taxable","17":"shipping-taxable","18":"purchasable","19":"product-type-variable"},"exclude_global_add_ons":[],"addons":[],"_links":{"self":[{"href":"https:\/\/kauppa.ursa.fi\/kauppa\/wp-json\/wp\/v2\/product\/5510","targetHints":{"allow":["GET"]}}],"collection":[{"href":"https:\/\/kauppa.ursa.fi\/kauppa\/wp-json\/wp\/v2\/product"}],"about":[{"href":"https:\/\/kauppa.ursa.fi\/kauppa\/wp-json\/wp\/v2\/types\/product"}],"replies":[{"embeddable":true,"href":"https:\/\/kauppa.ursa.fi\/kauppa\/wp-json\/wp\/v2\/comments?post=5510"}],"wp:featuredmedia":[{"embeddable":true,"href":"https:\/\/kauppa.ursa.fi\/kauppa\/wp-json\/wp\/v2\/media\/4654"}],"wp:attachment":[{"href":"https:\/\/kauppa.ursa.fi\/kauppa\/wp-json\/wp\/v2\/media?parent=5510"}],"wp:term":[{"taxonomy":"product_brand","embeddable":true,"href":"https:\/\/kauppa.ursa.fi\/kauppa\/wp-json\/wp\/v2\/product_brand?post=5510"},{"taxonomy":"product_cat","embeddable":true,"href":"https:\/\/kauppa.ursa.fi\/kauppa\/wp-json\/wp\/v2\/product_cat?post=5510"},{"taxonomy":"product_tag","embeddable":true,"href":"https:\/\/kauppa.ursa.fi\/kauppa\/wp-json\/wp\/v2\/product_tag?post=5510"}],"curies":[{"name":"wp","href":"https:\/\/api.w.org\/{rel}","templated":true}]}}