 

{"id":5514,"date":"2006-09-20T09:21:34","date_gmt":"2006-09-20T06:21:34","guid":{"rendered":"https:\/\/kauppa.ursa.fi\/kauppa\/tuote\/mars\/"},"modified":"2016-02-08T12:48:32","modified_gmt":"2016-02-08T10:48:32","slug":"mars","status":"publish","type":"product","link":"https:\/\/kauppa.ursa.fi\/kauppa\/tuote\/mars\/","title":{"rendered":"Mars"},"content":{"rendered":"<p>Marsin verenkarvainen v\u00e4ri ja oikukas liikehdint\u00e4 on kiehtonut ihmisen mielikuvitusta vuosituhansien ajan. Se on ollut taivaallinen ennusmerkki, palvottu jumala, avain aurinkokunnan arvoituksiin ja el\u00e4m\u00e4n tyyssija. Kunnes Mars kuoli.<\/p>\n<p>Nyt Mars on her\u00e4\u00e4m\u00e4ss\u00e4 uudelleen henkiin. Siell\u00e4 on j\u00e4\u00e4t\u00e4, siell\u00e4 on todenn\u00e4k\u00f6isesti vett\u00e4, siell\u00e4 on mahdollisesti el\u00e4m\u00e4\u00e4kin. Tai on ainakin voinut olla.<\/p>\n<p>1600-luvulla alkaneen tieteellisen tutkimuksen tuloksena tunnemme avaruusnaapurimme pian yht\u00e4 hyvin kuin oman kotiplaneettamme. Mars ei ole en\u00e4\u00e4 salaper\u00e4inen myytti, vaan se on maisema. Maisema, jossa ihminen jonakin p\u00e4iv\u00e4n\u00e4 viel\u00e4 vaeltaa.<\/p>\n<p>Sh 49,50 e.<\/p>\n","protected":false},"excerpt":{"rendered":"<p>NULL<\/p>\n","protected":false},"featured_media":4658,"comment_status":"open","ping_status":"closed","template":"","meta":[],"product_brand":[],"product_cat":[2108],"product_tag":[],"class_list":{"0":"post-5514","1":"product","2":"type-product","3":"status-publish","4":"has-post-thumbnail","6":"product_cat-uncategorized","7":"product_shipping_class-paketti-10-kg","8":"pa_hintavaihtoehdot-suositushinta","9":"pa_tekija-markus-hotakainen","11":"first","12":"instock","13":"taxable","14":"shipping-taxable","15":"product-type-simple"},"exclude_global_add_ons":[],"addons":[],"_links":{"self":[{"href":"https:\/\/kauppa.ursa.fi\/kauppa\/wp-json\/wp\/v2\/product\/5514","targetHints":{"allow":["GET"]}}],"collection":[{"href":"https:\/\/kauppa.ursa.fi\/kauppa\/wp-json\/wp\/v2\/product"}],"about":[{"href":"https:\/\/kauppa.ursa.fi\/kauppa\/wp-json\/wp\/v2\/types\/product"}],"replies":[{"embeddable":true,"href":"https:\/\/kauppa.ursa.fi\/kauppa\/wp-json\/wp\/v2\/comments?post=5514"}],"wp:featuredmedia":[{"embeddable":true,"href":"https:\/\/kauppa.ursa.fi\/kauppa\/wp-json\/wp\/v2\/media\/4658"}],"wp:attachment":[{"href":"https:\/\/kauppa.ursa.fi\/kauppa\/wp-json\/wp\/v2\/media?parent=5514"}],"wp:term":[{"taxonomy":"product_brand","embeddable":true,"href":"https:\/\/kauppa.ursa.fi\/kauppa\/wp-json\/wp\/v2\/product_brand?post=5514"},{"taxonomy":"product_cat","embeddable":true,"href":"https:\/\/kauppa.ursa.fi\/kauppa\/wp-json\/wp\/v2\/product_cat?post=5514"},{"taxonomy":"product_tag","embeddable":true,"href":"https:\/\/kauppa.ursa.fi\/kauppa\/wp-json\/wp\/v2\/product_tag?post=5514"}],"curies":[{"name":"wp","href":"https:\/\/api.w.org\/{rel}","templated":true}]}}