 

{"id":5536,"date":"2007-03-29T11:24:11","date_gmt":"2007-03-29T08:24:11","guid":{"rendered":"https:\/\/kauppa.ursa.fi\/kauppa\/tuote\/kulmaetsin-sky-watcher-6x30\/"},"modified":"2025-10-07T12:57:35","modified_gmt":"2025-10-07T09:57:35","slug":"kulmaetsin-sky-watcher-6x30","status":"publish","type":"product","link":"https:\/\/kauppa.ursa.fi\/kauppa\/tuote\/kulmaetsin-sky-watcher-6x30\/","title":{"rendered":"Kulmaetsin Sky-Watcher 6&#215;30"},"content":{"rendered":"<p>Etsinputken katselukulma on sama kuin kulmapeilill\u00e4 varustetussa kaukoputkessa. N\u00e4kym\u00e4 on pystysuunnassa oikein p\u00e4in, vaakasuunnassa peilikuvana. K\u00e4y Sky-Watcher kaukoputkien etsinjalkaan.<\/p>\n","protected":false},"excerpt":{"rendered":"<p>Etsinkaukoputki, jonka okulaari on 90\u00b0 kulmassa kaukoputken suuntaan n\u00e4hden. Etsimi\u00e4 on my\u00f6s kulmaprismalla varustettuna, jolloin kuva n\u00e4kyy oikein p\u00e4in. My\u00f6s 9&#215;50-kokoisia on saatavissa.<\/p>\n<p>Vain TILAUKSESTA! Tiedustele toimitusaikoja Ursasta.<\/p>\n","protected":false},"featured_media":4663,"comment_status":"open","ping_status":"closed","template":"","meta":[],"product_brand":[],"product_cat":[16],"product_tag":[],"class_list":{"0":"post-5536","1":"product","2":"type-product","3":"status-publish","4":"has-post-thumbnail","6":"product_cat-lisavarusteet","7":"product_shipping_class-lisavaruste","8":"pa_hintavaihtoehdot-jasenhinta","9":"pa_hintavaihtoehdot-suositushinta","10":"pa_tekija-sky-watcher","12":"first","13":"outofstock","14":"taxable","15":"shipping-taxable","16":"purchasable","17":"product-type-variable","18":"has-default-attributes"},"exclude_global_add_ons":[],"addons":[],"_links":{"self":[{"href":"https:\/\/kauppa.ursa.fi\/kauppa\/wp-json\/wp\/v2\/product\/5536","targetHints":{"allow":["GET"]}}],"collection":[{"href":"https:\/\/kauppa.ursa.fi\/kauppa\/wp-json\/wp\/v2\/product"}],"about":[{"href":"https:\/\/kauppa.ursa.fi\/kauppa\/wp-json\/wp\/v2\/types\/product"}],"replies":[{"embeddable":true,"href":"https:\/\/kauppa.ursa.fi\/kauppa\/wp-json\/wp\/v2\/comments?post=5536"}],"wp:featuredmedia":[{"embeddable":true,"href":"https:\/\/kauppa.ursa.fi\/kauppa\/wp-json\/wp\/v2\/media\/4663"}],"wp:attachment":[{"href":"https:\/\/kauppa.ursa.fi\/kauppa\/wp-json\/wp\/v2\/media?parent=5536"}],"wp:term":[{"taxonomy":"product_brand","embeddable":true,"href":"https:\/\/kauppa.ursa.fi\/kauppa\/wp-json\/wp\/v2\/product_brand?post=5536"},{"taxonomy":"product_cat","embeddable":true,"href":"https:\/\/kauppa.ursa.fi\/kauppa\/wp-json\/wp\/v2\/product_cat?post=5536"},{"taxonomy":"product_tag","embeddable":true,"href":"https:\/\/kauppa.ursa.fi\/kauppa\/wp-json\/wp\/v2\/product_tag?post=5536"}],"curies":[{"name":"wp","href":"https:\/\/api.w.org\/{rel}","templated":true}]}}