 

{"id":5623,"date":"2010-09-10T09:57:11","date_gmt":"2010-09-10T06:57:11","guid":{"rendered":"https:\/\/kauppa.ursa.fi\/kauppa\/tuote\/sky-watcher-skyliner-200p-flextube-synscan-goto\/"},"modified":"2026-04-08T11:53:03","modified_gmt":"2026-04-08T08:53:03","slug":"sky-watcher-skyliner-200p-flextube-synscan-goto","status":"publish","type":"product","link":"https:\/\/kauppa.ursa.fi\/kauppa\/tuote\/sky-watcher-skyliner-200p-flextube-synscan-goto\/","title":{"rendered":"Sky-Watcher Skyliner-200P Flextube Synscan Goto"},"content":{"rendered":"<p>Sky-Watcherin tietokoneohjatulla dobsonilla l\u00f6yd\u00e4t himme\u00e4t sumumaiset kohteet helposti, ja pid\u00e4t ne n\u00e4k\u00f6kent\u00e4ss\u00e4. Toisin kuin perinteiset tietokoneohjatut, Skyliner Synscan ei hukkaa suuntaustaan t\u00e4htien suhteen, vaikka sit\u00e4 k\u00e4\u00e4nt\u00e4\u00e4 v\u00e4lill\u00e4 k\u00e4sin.<\/p>\n<p>Tekniset tiedot:<br \/>\n\u2022 newton-tyyppinen peilikaukoputki, kuljetusta ja s\u00e4ilytyst\u00e4 varten kokoonpainuva<br \/>\n\u2022 peilin l\u00e4pimitta 200 mm<br \/>\n\u2022 polttov\u00e4li 1200 mm (f\/6)<br \/>\n\u2022 8x50etsin<br \/>\n\u2022 25 ja 10 mm Super Pl\u00f6ssl -okulaarit, n\u00e4enn\u00e4inen n\u00e4k\u00f6kentt\u00e4 52\u00b0, suurennukset 48x ja 120x<br \/>\n\u2022 crayford-tarkennin 1,25\/2&#8243;<br \/>\n\u2022 alt-atsimutaalinen ripustus kiinteill\u00e4 servomoottoreilla<br \/>\n\u2022 Synscan AZ -k\u00e4siohjain<br \/>\n\u2022 Sis\u00e4\u00e4n rakennettu wi-fi Synscan App-sovelluksen k\u00e4ytt\u00f6\u00e4 varten<br \/>\n\u2022 muistissa 42 900 kohdetta, mm. planeetat, Messier, NGC ja IC -kohteita sek\u00e4 ID-tunnistustoiminto.<br \/>\n\u2022 vaatii 12 V tasavirtal\u00e4hteen tai akun (ei sis\u00e4lly pakkaukseen)<\/p>\n<p>Ursasta ostettavan kaukoputken hintaan sis\u00e4ltyy lis\u00e4ksi T\u00e4hdet-vuosikirja (sh. 16 \u20ac) sek\u00e4 Kaukoputket &#8211; k\u00e4ytt\u00e4j\u00e4n opas -kirja (sh. 15,15 \u20ac).<\/p>\n<p><a href=\"https:\/\/kauppa.ursa.fi\/kauppa\/kaukoputken-ostajan-opas\/\">Kaukoputken ostajan opas<\/a><br \/>\n<a href=\"https:\/\/kauppa.ursa.fi\/kauppa\/okulaaritaulukko\/\">Okulaaritaulukko<\/a><\/p>\n<hr \/>\n<p><b><br \/>\nUrsan j\u00e4senen\u00e4 saat havaintov\u00e4lineet j\u00e4senhintaan, n. 10% edullisemmin.<\/b><\/p>\n<h3 class=\"keski\"><a href=\"\/palvelut\/liity-jaseneksi.html\" target=\"_blank\" rel=\"noopener noreferrer\">\u00bb Liity j\u00e4seneksi<\/a><\/h3>\n<hr \/>\n","protected":false},"excerpt":{"rendered":"<p>Goto-dobson! Tukeva jalusta yhdistettyn\u00e4 tietokonesuuntaukseen ja seurantaan.<\/p>\n","protected":false},"featured_media":4723,"comment_status":"open","ping_status":"closed","template":"","meta":[],"product_brand":[],"product_cat":[1870,14,2364,1873],"product_tag":[],"class_list":{"0":"post-5623","1":"product","2":"type-product","3":"status-publish","4":"has-post-thumbnail","6":"product_cat-automaattiset","7":"product_cat-kaukoputket","8":"product_cat-kaukoputket-ja-kiikarit","9":"product_cat-sumujenkatseluun","10":"product_shipping_class-havainto2","11":"pa_hintavaihtoehdot-jasenhinta","12":"pa_hintavaihtoehdot-suositushinta","13":"pa_jalustan-tyyppi-automaattinen","14":"pa_jalustan-tyyppi-dobson","15":"pa_optiikka-newton","16":"pa_valmistaja-skywatcher","18":"first","19":"instock","20":"taxable","21":"shipping-taxable","22":"purchasable","23":"product-type-variable"},"exclude_global_add_ons":[],"addons":[],"_links":{"self":[{"href":"https:\/\/kauppa.ursa.fi\/kauppa\/wp-json\/wp\/v2\/product\/5623","targetHints":{"allow":["GET"]}}],"collection":[{"href":"https:\/\/kauppa.ursa.fi\/kauppa\/wp-json\/wp\/v2\/product"}],"about":[{"href":"https:\/\/kauppa.ursa.fi\/kauppa\/wp-json\/wp\/v2\/types\/product"}],"replies":[{"embeddable":true,"href":"https:\/\/kauppa.ursa.fi\/kauppa\/wp-json\/wp\/v2\/comments?post=5623"}],"wp:featuredmedia":[{"embeddable":true,"href":"https:\/\/kauppa.ursa.fi\/kauppa\/wp-json\/wp\/v2\/media\/4723"}],"wp:attachment":[{"href":"https:\/\/kauppa.ursa.fi\/kauppa\/wp-json\/wp\/v2\/media?parent=5623"}],"wp:term":[{"taxonomy":"product_brand","embeddable":true,"href":"https:\/\/kauppa.ursa.fi\/kauppa\/wp-json\/wp\/v2\/product_brand?post=5623"},{"taxonomy":"product_cat","embeddable":true,"href":"https:\/\/kauppa.ursa.fi\/kauppa\/wp-json\/wp\/v2\/product_cat?post=5623"},{"taxonomy":"product_tag","embeddable":true,"href":"https:\/\/kauppa.ursa.fi\/kauppa\/wp-json\/wp\/v2\/product_tag?post=5623"}],"curies":[{"name":"wp","href":"https:\/\/api.w.org\/{rel}","templated":true}]}}