 

{"id":5624,"date":"2010-09-10T10:56:23","date_gmt":"2010-09-10T07:56:23","guid":{"rendered":"https:\/\/kauppa.ursa.fi\/kauppa\/tuote\/sky-watcher-skyliner-250p-flextube-synscan-goto\/"},"modified":"2026-04-09T20:36:54","modified_gmt":"2026-04-09T17:36:54","slug":"sky-watcher-skyliner-250p-flextube-synscan-goto","status":"publish","type":"product","link":"https:\/\/kauppa.ursa.fi\/kauppa\/tuote\/sky-watcher-skyliner-250p-flextube-synscan-goto\/","title":{"rendered":"Sky-Watcher Skyliner-250P Flextube Synscan Goto"},"content":{"rendered":"<p>Sky-Watcherin tietokoneohjatulla dobsonilla l\u00f6yd\u00e4t himme\u00e4t sumumaiset kohteet helposti, ja pid\u00e4t ne n\u00e4k\u00f6kent\u00e4ss\u00e4. Toisin kuin perinteiset tietokoneohjatut, Skyliner Synscan ei hukkaa suuntaustaan t\u00e4htien suhteen, vaikka sit\u00e4 k\u00e4\u00e4nt\u00e4\u00e4 v\u00e4lill\u00e4 k\u00e4sin.<\/p>\n<p>Tekniset tiedot:<br \/>\n\u2022 newton-tyyppinen peilikaukoputki, kuljetusta ja s\u00e4ilytyst\u00e4 varten kokoonpainuva<br \/>\n\u2022 peilin l\u00e4pimitta 254 mm<br \/>\n\u2022 polttov\u00e4li 1200 mm (f\/4,7)<br \/>\n\u2022 9&#215;50 etsin<br \/>\n\u2022 20 ja 12,5 mm Wide Angle -okulaarit, n\u00e4enn\u00e4inen n\u00e4k\u00f6kentt\u00e4 70\u00b0,<br \/>\n\u2022 Smartphoto-puhelinkameratellinki,<br \/>\n\u2022 crayford-tarkennin 1,25\/2&#8243;<br \/>\n\u2022 alt-atsimutaalinen ripustus kiinteill\u00e4 servomoottoreilla<br \/>\n\u2022 Synscan AZ -k\u00e4siohjain<br \/>\n\u2022 Sis\u00e4\u00e4n rakennettu wi-fi Synscan App-sovelluksen k\u00e4ytt\u00f6\u00e4 varten<br \/>\n\u2022 muistissa 42 900 kohdetta, mm. planeetat, Messier, NGC ja IC -kohteita sek\u00e4 ID-tunnistustoiminto.<br \/>\n\u2022 vaatii 12 V tasavirtal\u00e4hteen tai akun (ei sis\u00e4lly pakkaukseen)<\/p>\n<p>Ursasta ostettavan kaukoputken hintaan sis\u00e4ltyy lis\u00e4ksi T\u00e4hdet-vuosikirja (sh. 16 \u20ac) sek\u00e4 Kaukoputket &#8211; k\u00e4ytt\u00e4j\u00e4n opas -kirja (sh. 15,15 \u20ac).<\/p>\n<p><a href=\"https:\/\/kauppa.ursa.fi\/kauppa\/kaukoputken-ostajan-opas\/\">Kaukoputken ostajan opas<\/a><br \/>\n<a href=\"https:\/\/kauppa.ursa.fi\/kauppa\/okulaaritaulukko\/\">Okulaaritaulukko<\/a><\/p>\n<hr \/>\n<p><b><br \/>\nUrsan j\u00e4senen\u00e4 saat havaintov\u00e4lineet j\u00e4senhintaan, n. 10% edullisemmin.<\/b><\/p>\n<h3 class=\"keski\"><a href=\"https:\/\/kauppa.ursa.fi\/kauppa\/tuote-osasto\/jasenyys\/\" target=\"_blank\" rel=\"noopener noreferrer\">\u00bb Liity j\u00e4seneksi<\/a><\/h3>\n<hr \/>\n","protected":false},"excerpt":{"rendered":"<p>Isompi goto-dobson. T\u00e4m\u00e4 koko sopii viel\u00e4 aloittelijallekin.<\/p>\n<p>TILAUKSESTA! Kysy toimitusaikaa Ursasta.<\/p>\n","protected":false},"featured_media":34,"comment_status":"open","ping_status":"closed","template":"","meta":[],"product_brand":[],"product_cat":[2364,1870,1873,14],"product_tag":[],"class_list":{"0":"post-5624","1":"product","2":"type-product","3":"status-publish","4":"has-post-thumbnail","6":"product_cat-kaukoputket-ja-kiikarit","7":"product_cat-automaattiset","8":"product_cat-sumujenkatseluun","9":"product_cat-kaukoputket","10":"product_shipping_class-havainto2","11":"pa_hintavaihtoehdot-jasenhinta","12":"pa_hintavaihtoehdot-suositushinta","13":"pa_jalustan-tyyppi-automaattinen","14":"pa_jalustan-tyyppi-dobson","15":"pa_optiikka-newton","16":"pa_valmistaja-skywatcher","18":"first","19":"onbackorder","20":"taxable","21":"shipping-taxable","22":"purchasable","23":"product-type-variable"},"exclude_global_add_ons":[],"addons":[],"_links":{"self":[{"href":"https:\/\/kauppa.ursa.fi\/kauppa\/wp-json\/wp\/v2\/product\/5624","targetHints":{"allow":["GET"]}}],"collection":[{"href":"https:\/\/kauppa.ursa.fi\/kauppa\/wp-json\/wp\/v2\/product"}],"about":[{"href":"https:\/\/kauppa.ursa.fi\/kauppa\/wp-json\/wp\/v2\/types\/product"}],"replies":[{"embeddable":true,"href":"https:\/\/kauppa.ursa.fi\/kauppa\/wp-json\/wp\/v2\/comments?post=5624"}],"wp:featuredmedia":[{"embeddable":true,"href":"https:\/\/kauppa.ursa.fi\/kauppa\/wp-json\/wp\/v2\/media\/34"}],"wp:attachment":[{"href":"https:\/\/kauppa.ursa.fi\/kauppa\/wp-json\/wp\/v2\/media?parent=5624"}],"wp:term":[{"taxonomy":"product_brand","embeddable":true,"href":"https:\/\/kauppa.ursa.fi\/kauppa\/wp-json\/wp\/v2\/product_brand?post=5624"},{"taxonomy":"product_cat","embeddable":true,"href":"https:\/\/kauppa.ursa.fi\/kauppa\/wp-json\/wp\/v2\/product_cat?post=5624"},{"taxonomy":"product_tag","embeddable":true,"href":"https:\/\/kauppa.ursa.fi\/kauppa\/wp-json\/wp\/v2\/product_tag?post=5624"}],"curies":[{"name":"wp","href":"https:\/\/api.w.org\/{rel}","templated":true}]}}