 

{"id":5639,"date":"2011-12-21T15:05:27","date_gmt":"2011-12-21T13:05:27","guid":{"rendered":"https:\/\/kauppa.ursa.fi\/kauppa\/tuote\/helios-naturesport-plus-10x50wa-kiikari\/"},"modified":"2026-04-08T11:53:37","modified_gmt":"2026-04-08T08:53:37","slug":"helios-naturesport-plus-10x50wa-kiikari","status":"publish","type":"product","link":"https:\/\/kauppa.ursa.fi\/kauppa\/tuote\/helios-naturesport-plus-10x50wa-kiikari\/","title":{"rendered":"Helios Naturesport-Plus 10x50WA -kiikari"},"content":{"rendered":"<p>Helios Naturesport-Plus on hyv\u00e4laatuinen yleiskiikari, joka soveltuu erinomaisesti t\u00e4htik\u00e4ytt\u00f6\u00f6n jalustakiinnityksen ja hyv\u00e4n kuvanlaadun ansiosta. Kymmenkertainen suurennus on suurin k\u00e4sivaralla k\u00e4ytt\u00f6kelpoinen. Kiikari on kevyen\u00e4 ja laajakulmaisena my\u00f6s erinomainen luontokiikari, esimerkiksi lintujen tarkkailuun. Sopii my\u00f6s silm\u00e4lasien k\u00e4ytt\u00e4j\u00e4lle (esim. k\u00e4ytett\u00e4ess\u00e4 laseja hajataiton takia) pitk\u00e4n silm\u00e4n ja okulaarin v\u00e4lisen et\u00e4isyyden takia. Laseja k\u00e4ytett\u00e4ess\u00e4 kierteill\u00e4 olevat silm\u00e4suojat k\u00e4\u00e4nnet\u00e4\u00e4n alimpaan asentoon. T\u00e4htien katselussa tarvitaan tukeva ja korkea jalusta, esim. <a href=\"https:\/\/kauppa.ursa.fi\/kauppa\/tuote\/fotomate-vt-680-222-jalusta\/\" target=\"_blank\" rel=\"noopener noreferrer\">Fotomate VT 680-222-jalusta.<\/a><\/p>\n<p>Ominaisuudet:<\/p>\n<ul>\n<li>objektiivilinssin halkaisija 50 mm<\/li>\n<li>suurennus 10x<\/li>\n<li>n\u00e4k\u00f6kentt\u00e4 n. 6,5\u00b0<\/li>\n<li>sopii my\u00f6s silm\u00e4lasien kanssa k\u00e4ytett\u00e4v\u00e4ksi<\/li>\n<li>keskitarkennus<\/li>\n<li>monikalvop\u00e4\u00e4llystetty optiikka<\/li>\n<li>BaK-4 prismat<\/li>\n<li>1\/4&#8243; kierre keskiakselin p\u00e4\u00e4ss\u00e4 jalustasovitetta varten<\/li>\n<li>kaulahihna ja pehme\u00e4 kantolaukku<\/li>\n<\/ul>\n","protected":false},"excerpt":{"rendered":"<p>T\u00e4htik\u00e4ytt\u00f6\u00f6n hyv\u00e4laatuinen kiikari, jossa on laaja n\u00e4k\u00f6kentt\u00e4.<\/p>\n","protected":false},"featured_media":4745,"comment_status":"open","ping_status":"closed","template":"","meta":[],"product_brand":[],"product_cat":[2364,15],"product_tag":[],"class_list":{"0":"post-5639","1":"product","2":"type-product","3":"status-publish","4":"has-post-thumbnail","6":"product_cat-kaukoputket-ja-kiikarit","7":"product_cat-kiikarit-ja-niiden-jalustat","8":"product_shipping_class-lisavaruste","9":"pa_hintavaihtoehdot-jasenhinta","10":"pa_hintavaihtoehdot-suositushinta","11":"pa_valmistaja-helios","13":"first","14":"outofstock","15":"taxable","16":"shipping-taxable","17":"purchasable","18":"product-type-variable"},"exclude_global_add_ons":[],"addons":[],"_links":{"self":[{"href":"https:\/\/kauppa.ursa.fi\/kauppa\/wp-json\/wp\/v2\/product\/5639","targetHints":{"allow":["GET"]}}],"collection":[{"href":"https:\/\/kauppa.ursa.fi\/kauppa\/wp-json\/wp\/v2\/product"}],"about":[{"href":"https:\/\/kauppa.ursa.fi\/kauppa\/wp-json\/wp\/v2\/types\/product"}],"replies":[{"embeddable":true,"href":"https:\/\/kauppa.ursa.fi\/kauppa\/wp-json\/wp\/v2\/comments?post=5639"}],"wp:featuredmedia":[{"embeddable":true,"href":"https:\/\/kauppa.ursa.fi\/kauppa\/wp-json\/wp\/v2\/media\/4745"}],"wp:attachment":[{"href":"https:\/\/kauppa.ursa.fi\/kauppa\/wp-json\/wp\/v2\/media?parent=5639"}],"wp:term":[{"taxonomy":"product_brand","embeddable":true,"href":"https:\/\/kauppa.ursa.fi\/kauppa\/wp-json\/wp\/v2\/product_brand?post=5639"},{"taxonomy":"product_cat","embeddable":true,"href":"https:\/\/kauppa.ursa.fi\/kauppa\/wp-json\/wp\/v2\/product_cat?post=5639"},{"taxonomy":"product_tag","embeddable":true,"href":"https:\/\/kauppa.ursa.fi\/kauppa\/wp-json\/wp\/v2\/product_tag?post=5639"}],"curies":[{"name":"wp","href":"https:\/\/api.w.org\/{rel}","templated":true}]}}