 

{"id":5680,"date":"2014-08-05T10:23:56","date_gmt":"2014-08-05T07:23:56","guid":{"rendered":"https:\/\/kauppa.ursa.fi\/kauppa\/tuote\/sky-watcher-explorer-150p-ja-eq-5-jalusta\/"},"modified":"2026-04-08T11:53:02","modified_gmt":"2026-04-08T08:53:02","slug":"sky-watcher-explorer-150p-ja-eq-5-jalusta","status":"publish","type":"product","link":"https:\/\/kauppa.ursa.fi\/kauppa\/tuote\/sky-watcher-explorer-150p-ja-eq-5-jalusta\/","title":{"rendered":"Sky-Watcher Explorer-150P ja EQ-5-jalusta"},"content":{"rendered":"<p>Valovoimainen newton-peiliputki tukevalla jalustalla. Explorer-150P on erinomainen valinta syv\u00e4n taivaan tutkiskelijalle. P\u00e4\u00e4- ja apupeili ovat samat kuin Explorer-150PDS-kaukoputkessa, tarkennin on yksinopeuksinen crayford-tyyppinen. Tukeva EQ5-jalusta ei t\u00e4rise ja n\u00e4k\u00f6kentt\u00e4 s\u00e4ilyy vakaana. Jalustan mukana tulee napat\u00e4ht\u00e4in, joka helpottaa ekvatoriaalisen jalustan suuntaamista. Jalustaan on mahdollista liitt\u00e4\u00e4 seurantamoottori lis\u00e4varusteena. My\u00f6s komakorjain on saatavilla kaukoputkelle.<br \/>\nKatso testi T\u00e4hdet ja avaruus -lehti 7\/2014 s. 60-63: &#8221;Kova yhdistelm\u00e4&#8221;.<\/p>\n<p>Tietoja:<br \/>\n&#8211; p\u00e4\u00e4peilin halkaisija 150mm<br \/>\n&#8211; polttov\u00e4li 750mm<br \/>\n&#8211; valovoimainen, f\/5<br \/>\n&#8211; okulaarisovitin 1,25&#8243;<br \/>\n&#8211; sis. okulaarit 25 mm ja 10 mm (1,25&#8243;)<br \/>\n&#8211; crayford-tyyppinen tarkennin<br \/>\n&#8211; suurennokset 30x ja 75x (2x-barlow-linssin avulla 60x ja 150x)<br \/>\n&#8211; sis. 2x-Barlow-linssi (tuplaa suurennuksen)<br \/>\n&#8211; etsin 6&#215;30<br \/>\n&#8211; kaukoputken paino n. 6kg<\/p>\n<p>Jalusta:<br \/>\n&#8211; EQ5-jalusta, sis\u00e4ltyy t\u00e4h\u00e4n pakettihintaan (<a href=\"https:\/\/kauppa.ursa.fi\/kauppa\/tuote\/eq5-jalusta\/\">erikseen ostettaessa: EQ5-jalusta<\/a>)<br \/>\n&#8211; Kaukoputken ja jalustan yhteispaino havaintokunnossa 22,5 kg<br \/>\n&#8211; HUOM! Jalustan toista vastapainoa ei tarvitse k\u00e4ytt\u00e4\u00e4 t\u00e4m\u00e4n kaukoputken kanssa.<\/p>\n<p>Ursasta ostetun kaukoputken hinta sis\u00e4lt\u00e4\u00e4:<\/p>\n<ul>\n<li>alkuopastuksen putken k\u00e4yt\u00f6st\u00e4, mik\u00e4li putki noudetaan Ursasta<\/li>\n<li>puhelimitse annettua neuvontaa tarvittaessa<\/li>\n<li>Olli Mannerin Kaukoputket k\u00e4ytt\u00e4j\u00e4n opas -kirjan (sh. 15,15 \u20ac)<\/li>\n<li>T\u00e4hdet -vuosikirjan (sh. 16)<\/li>\n<\/ul>\n<p>Optisia lis\u00e4varusteita:<br \/>\n&#8211; <a href=\"https:\/\/kauppa.ursa.fi\/kauppa\/tuote\/komakorjain-sky-watcher\/\">komakorjain<\/a><br \/>\n&#8211; <a href=\"https:\/\/kauppa.ursa.fi\/kauppa\/tuote\/6-mm-laajakulmaokulaari-skywatcher\/\">6 mm laajakulmaokulaari<\/a> (x125; 0,5 asteen tod. n\u00e4k\u00f6kentt\u00e4)<br \/>\n&#8211; <a href=\"https:\/\/kauppa.ursa.fi\/kauppa\/tuote\/38-mm-panaview-laajakulmaokulaari-2-kiinnitys\/\">38 mm PanaView-okulaari<\/a> (x20; 3,5 asteen tod. n\u00e4k\u00f6kentt\u00e4)<\/p>\n<p><a href=\"https:\/\/kauppa.ursa.fi\/kauppa\/tuote-osasto\/kaukoputkikauppa\/okulaarit\/\"><b>Okulaarit<\/b><\/a><br \/>\n<a href=\"https:\/\/kauppa.ursa.fi\/kauppa\/tuote-osasto\/kaukoputkikauppa\/lisavarusteet\/\"><b>Lis\u00e4varusteet<\/b><\/a><br \/>\n<a href=\"https:\/\/kauppa.ursa.fi\/kauppa\/kaukoputken-ostajan-opas\/\">Kaukoputken ostajan opas<\/a><br \/>\n<a href=\"https:\/\/kauppa.ursa.fi\/kauppa\/okulaaritaulukko\/\">Okulaaritaulukko<\/a><\/p>\n<hr \/>\n<p><b><br \/>\nUrsan j\u00e4senen\u00e4 saat havaintov\u00e4lineet j\u00e4senhintaan, n. 10% edullisemmin.<\/b><\/p>\n<h3 class=\"keski\"><a href=\"https:\/\/kauppa.ursa.fi\/kauppa\/tuote-osasto\/jasenyys\/\" target=\"_blank\" rel=\"noopener noreferrer\">\u00bb Liity j\u00e4seneksi<\/a><\/h3>\n<hr \/>\n","protected":false},"excerpt":{"rendered":"<p>Explorer-150P newton-peilikaukoputki ja tukeva EQ-5-jalusta. P\u00e4ivitett\u00e4viss\u00e4 automaattiseksi <a href=\"https:\/\/kauppa.ursa.fi\/kauppa\/tuote\/sky-watcher-synscan-goto-paivityspaketti-jalustalle\/\" target=\"_blank\" rel=\"noopener noreferrer\">GoTo-jalustaksi<\/a><\/p>\n<p><b>TILAUSTUOTE<\/b><br \/>\nOta yhteytt\u00e4 Ursan toimistoon.<\/p>\n","protected":false},"featured_media":7865,"comment_status":"open","ping_status":"closed","template":"","meta":[],"product_brand":[],"product_cat":[14,2364,7],"product_tag":[1801,1797,1798,1831,1817,1832,1788,1825,1865,1835,1854,1789,1914,51,1787,1912,1790,1850,1836,1824,1886,1843,1913,1827,1877,1887,1786,1909,1879],"class_list":{"0":"post-5680","1":"product","2":"type-product","3":"status-publish","4":"has-post-thumbnail","6":"product_cat-kaukoputket","7":"product_cat-kaukoputket-ja-kiikarit","8":"product_cat-kaukoputkikauppa","9":"product_tag-alkuun","10":"product_tag-aloittelija","11":"product_tag-aloittelijalle","12":"product_tag-aloittelijan","13":"product_tag-astro","14":"product_tag-astronominen","15":"product_tag-avaruus","16":"product_tag-edullinen","17":"product_tag-helppokayttoinen","18":"product_tag-hinta-laatu","19":"product_tag-hyva","20":"product_tag-jalusta","21":"product_tag-katselu","22":"product_tag-kaukoputki","23":"product_tag-kuu","24":"product_tag-newton","25":"product_tag-okulaari","26":"product_tag-peili","27":"product_tag-planeetta","28":"product_tag-suurennos","29":"product_tag-suurennus","30":"product_tag-suuri","31":"product_tag-tahtain","32":"product_tag-tahti","33":"product_tag-tahtikaukoputki","34":"product_tag-tahtisumu","35":"product_tag-tahtitaivas","36":"product_tag-tarkennus","37":"product_tag-teleskooppi","38":"product_shipping_class-havainto2","39":"pa_hintavaihtoehdot-jasenhinta","40":"pa_hintavaihtoehdot-suositushinta","41":"pa_jalustan-tyyppi-ekvatoriaalinen","42":"pa_optiikka-newton","43":"pa_valmistaja-skywatcher","45":"first","46":"outofstock","47":"taxable","48":"shipping-taxable","49":"purchasable","50":"product-type-variable"},"exclude_global_add_ons":[],"addons":[],"_links":{"self":[{"href":"https:\/\/kauppa.ursa.fi\/kauppa\/wp-json\/wp\/v2\/product\/5680","targetHints":{"allow":["GET"]}}],"collection":[{"href":"https:\/\/kauppa.ursa.fi\/kauppa\/wp-json\/wp\/v2\/product"}],"about":[{"href":"https:\/\/kauppa.ursa.fi\/kauppa\/wp-json\/wp\/v2\/types\/product"}],"replies":[{"embeddable":true,"href":"https:\/\/kauppa.ursa.fi\/kauppa\/wp-json\/wp\/v2\/comments?post=5680"}],"wp:featuredmedia":[{"embeddable":true,"href":"https:\/\/kauppa.ursa.fi\/kauppa\/wp-json\/wp\/v2\/media\/7865"}],"wp:attachment":[{"href":"https:\/\/kauppa.ursa.fi\/kauppa\/wp-json\/wp\/v2\/media?parent=5680"}],"wp:term":[{"taxonomy":"product_brand","embeddable":true,"href":"https:\/\/kauppa.ursa.fi\/kauppa\/wp-json\/wp\/v2\/product_brand?post=5680"},{"taxonomy":"product_cat","embeddable":true,"href":"https:\/\/kauppa.ursa.fi\/kauppa\/wp-json\/wp\/v2\/product_cat?post=5680"},{"taxonomy":"product_tag","embeddable":true,"href":"https:\/\/kauppa.ursa.fi\/kauppa\/wp-json\/wp\/v2\/product_tag?post=5680"}],"curies":[{"name":"wp","href":"https:\/\/api.w.org\/{rel}","templated":true}]}}