 

{"id":5681,"date":"2014-08-05T15:50:06","date_gmt":"2014-08-05T12:50:06","guid":{"rendered":"https:\/\/kauppa.ursa.fi\/kauppa\/tuote\/sky-watcher-explorer-150p-dual-speed-ja-eq-5-jalusta\/"},"modified":"2026-04-08T11:53:02","modified_gmt":"2026-04-08T08:53:02","slug":"sky-watcher-explorer-150p-dual-speed-ja-eq-5-jalusta","status":"publish","type":"product","link":"https:\/\/kauppa.ursa.fi\/kauppa\/tuote\/sky-watcher-explorer-150p-dual-speed-ja-eq-5-jalusta\/","title":{"rendered":"Sky-Watcher Explorer-150P Dual-Speed ja EQ-5-jalusta"},"content":{"rendered":"<p>Valovoimainen newton-peiliputki tukevalla jalustalla. Explorer-150PDS on erinomainen valinta syv\u00e4n taivaan tutkiskelijalle. T\u00e4ll\u00e4 kaukoputkipaketilla saat hyv\u00e4t edellytykseet t\u00e4htitaivaan kohteiden kuvaukseen. Kaksinopeustarkennin (Dual-Speed-tarkennus) takaa, ett\u00e4 l\u00f6yd\u00e4t varmasti parhaimman tarkennuksen kuvauslaitteellesi. Kaksinopeus tuo iloa ja mukavuutta my\u00f6s visuaalihavaintoihin. Tukeva EQ5-jalusta ei t\u00e4rise ja n\u00e4k\u00f6kentt\u00e4 s\u00e4ilyy vakaana. Jalustan mukana tulee napat\u00e4ht\u00e4in, joka helpottaa ekvatoriaalisen jalustan suuntaamista. Jalustaan on mahdollista liitt\u00e4\u00e4 seurantamoottori lis\u00e4varusteena. My\u00f6s komakorjain on saatavilla kaukoputkelle.<br \/>\nKatso testi T\u00e4hdet ja avaruus -lehti 7\/2014 s. 60-63: &#8221;Kova yhdistelm\u00e4&#8221;.<\/p>\n<p>Tietoja:<br \/>\n&#8211; p\u00e4\u00e4peilin halkaisija 150 mm<br \/>\n&#8211; polttov\u00e4li 750 mm<br \/>\n&#8211; valovoimainen, f\/5<br \/>\n&#8211; Dual-Speed-tarkennin 10:1<br \/>\n&#8211; okulaarisovitin 2&#8243;<br \/>\n&#8211; sis. 2&#8243; okulaari 28 mm (suurennos 27x)<br \/>\n&#8211; etsin 6&#215;30<br \/>\n&#8211; paino n. 6 kg<\/p>\n<p>Jalusta:<br \/>\n&#8211; EQ5-jalusta, sis\u00e4ltyy t\u00e4h\u00e4n pakettihintaan (<a href=\"https:\/\/kauppa.ursa.fi\/kauppa\/tuote\/eq5-jalusta\/\">erikseen ostettaessa: EQ5-jalusta<\/a>)<br \/>\n&#8211; Kaukoputken ja jalustan yhteispaino havaintokunnossa 22.5 kg<br \/>\n&#8211; HUOM! Jalustan toista vastapainoa ei tarvitse k\u00e4ytt\u00e4\u00e4 t\u00e4m\u00e4n kaukoputken kanssa.<\/p>\n<p>Optisia lis\u00e4varusteita:<br \/>\n&#8211; <a href=\"https:\/\/kauppa.ursa.fi\/kauppa\/tuote\/komakorjain-sky-watcher\/\">komakorjain<\/a><br \/>\n&#8211; <a href=\"https:\/\/kauppa.ursa.fi\/kauppa\/tuote\/6-mm-laajakulmaokulaari-skywatcher\/\">6 mm laajakulmaokulaari<\/a> (x125; 0,5 asteen tod. n\u00e4k\u00f6kentt\u00e4)<br \/>\n&#8211; <a href=\"https:\/\/kauppa.ursa.fi\/kauppa\/tuote\/38-mm-panaview-laajakulmaokulaari-2-kiinnitys\/\">38 mm PanaView-okulaari<\/a> (x20; 3,5 asteen tod. n\u00e4k\u00f6kentt\u00e4)<\/p>\n<p>Ursasta ostettavan kaukoputken hintaan sis\u00e4ltyy lis\u00e4ksi T\u00e4hdet-vuosikirja (sh. 16 \u20ac) sek\u00e4 Kaukoputket &#8211; k\u00e4ytt\u00e4j\u00e4n opas (sh. 15,15 \u20ac).<\/p>\n<p><a href=\"https:\/\/kauppa.ursa.fi\/kauppa\/tuote-osasto\/kaukoputkikauppa\/okulaarit\/\"><b>Okulaarit<\/b><\/a><br \/>\n<a href=\"https:\/\/kauppa.ursa.fi\/kauppa\/tuote-osasto\/kaukoputkikauppa\/lisavarusteet\/\"><b>Lis\u00e4varusteet<\/b><\/a><br \/>\n<a href=\"https:\/\/kauppa.ursa.fi\/kauppa\/kaukoputken-ostajan-opas\/\">Kaukoputken ostajan opas<\/a><br \/>\n<a href=\"https:\/\/kauppa.ursa.fi\/kauppa\/okulaaritaulukko\/\">Okulaaritaulukko<\/a><\/p>\n<hr \/>\n<p><b><br \/>\nUrsan j\u00e4senen\u00e4 saat havaintov\u00e4lineet j\u00e4senhintaan, n. 10% edullisemmin.<\/b><\/p>\n<h3 class=\"keski\"><a href=\"https:\/\/kauppa.ursa.fi\/kauppa\/tuote-osasto\/jasenyys\/\" target=\"_blank\" rel=\"noopener noreferrer\">\u00bb Liity j\u00e4seneksi<\/a><\/h3>\n<hr \/>\n","protected":false},"excerpt":{"rendered":"<p>Explorer-150PDS-peilikaukoputki ja tukeva EQ5-jalusta. P\u00e4ivitett\u00e4viss\u00e4 automaattiseksi <a href=\"https:\/\/kauppa.ursa.fi\/kauppa\/tuote\/sky-watcher-synscan-goto-paivityspaketti-jalustalle\/\" target=\"_blank\" rel=\"noopener noreferrer\">GoTo-jalustaksi<\/a><\/p>\n","protected":false},"featured_media":4808,"comment_status":"open","ping_status":"closed","template":"","meta":[],"product_brand":[],"product_cat":[14,2364,7,1873,1871],"product_tag":[1797,1798,1817,1788,1899,1898,1825,1847,1826,1865,1835,1854,1789,1904,1905,1906,1908,1907,51,1787,1896,1901,1902,1903,1790,1850,1837,1836,1897,1911,1894,1895,1910,1824,1886,1900,1827,1887,1893,1909,1892,1891],"class_list":{"0":"post-5681","1":"product","2":"type-product","3":"status-publish","4":"has-post-thumbnail","6":"product_cat-kaukoputket","7":"product_cat-kaukoputket-ja-kiikarit","8":"product_cat-kaukoputkikauppa","9":"product_cat-sumujenkatseluun","10":"product_cat-valokuvaukseen","11":"product_tag-aloittelija","12":"product_tag-aloittelijalle","13":"product_tag-astro","14":"product_tag-avaruus","15":"product_tag-deep-sky","16":"product_tag-deepsky","17":"product_tag-edullinen","18":"product_tag-ekvatoriaalinen","19":"product_tag-halpa","20":"product_tag-helppokayttoinen","21":"product_tag-hinta-laatu","22":"product_tag-hyva","23":"product_tag-jalusta","24":"product_tag-jarjestelmakamera","25":"product_tag-jarjestelmakameralle","26":"product_tag-jarkkari","27":"product_tag-jarkkariin","28":"product_tag-jarkkarille","29":"product_tag-kaukoputki","30":"product_tag-kuu","31":"product_tag-kuun","32":"product_tag-kuvaaminen","33":"product_tag-kuvaamiseen","34":"product_tag-kuvaukseen","35":"product_tag-okulaari","36":"product_tag-peili","37":"product_tag-planeetat","38":"product_tag-planeetta","39":"product_tag-planeettojen","40":"product_tag-seuranta","41":"product_tag-sumu","42":"product_tag-sumumainen","43":"product_tag-suuntaus","44":"product_tag-suurennos","45":"product_tag-suurennus","46":"product_tag-syva-taivas","47":"product_tag-tahti","48":"product_tag-tahtisumu","49":"product_tag-tahtivalokuvaus","50":"product_tag-tarkennus","51":"product_tag-valokuvaukseen","52":"product_tag-valovoimainen","53":"product_shipping_class-havainto2","54":"pa_hintavaihtoehdot-jasenhinta","55":"pa_hintavaihtoehdot-suositushinta","56":"pa_jalustan-tyyppi-ekvatoriaalinen","57":"pa_optiikka-newton","58":"pa_valmistaja-skywatcher","60":"first","61":"instock","62":"taxable","63":"shipping-taxable","64":"purchasable","65":"product-type-variable"},"exclude_global_add_ons":[],"addons":[],"_links":{"self":[{"href":"https:\/\/kauppa.ursa.fi\/kauppa\/wp-json\/wp\/v2\/product\/5681","targetHints":{"allow":["GET"]}}],"collection":[{"href":"https:\/\/kauppa.ursa.fi\/kauppa\/wp-json\/wp\/v2\/product"}],"about":[{"href":"https:\/\/kauppa.ursa.fi\/kauppa\/wp-json\/wp\/v2\/types\/product"}],"replies":[{"embeddable":true,"href":"https:\/\/kauppa.ursa.fi\/kauppa\/wp-json\/wp\/v2\/comments?post=5681"}],"wp:featuredmedia":[{"embeddable":true,"href":"https:\/\/kauppa.ursa.fi\/kauppa\/wp-json\/wp\/v2\/media\/4808"}],"wp:attachment":[{"href":"https:\/\/kauppa.ursa.fi\/kauppa\/wp-json\/wp\/v2\/media?parent=5681"}],"wp:term":[{"taxonomy":"product_brand","embeddable":true,"href":"https:\/\/kauppa.ursa.fi\/kauppa\/wp-json\/wp\/v2\/product_brand?post=5681"},{"taxonomy":"product_cat","embeddable":true,"href":"https:\/\/kauppa.ursa.fi\/kauppa\/wp-json\/wp\/v2\/product_cat?post=5681"},{"taxonomy":"product_tag","embeddable":true,"href":"https:\/\/kauppa.ursa.fi\/kauppa\/wp-json\/wp\/v2\/product_tag?post=5681"}],"curies":[{"name":"wp","href":"https:\/\/api.w.org\/{rel}","templated":true}]}}