 

{"id":5682,"date":"2014-08-07T12:00:33","date_gmt":"2014-08-07T09:00:33","guid":{"rendered":"https:\/\/kauppa.ursa.fi\/kauppa\/tuote\/sky-watcher-skymax-127-ja-eq-5-jalusta\/"},"modified":"2026-04-23T14:46:25","modified_gmt":"2026-04-23T11:46:25","slug":"sky-watcher-skymax-127-ja-eq-5-jalusta","status":"publish","type":"product","link":"https:\/\/kauppa.ursa.fi\/kauppa\/tuote\/sky-watcher-skymax-127-ja-eq-5-jalusta\/","title":{"rendered":"Sky-Watcher Skymax 127 ja EQ-5-jalusta"},"content":{"rendered":"<p>T\u00e4m\u00e4 kaukoputkipaketti on ominaisuuksiltaan l\u00e4hes sama kuin Skymax-127 EQ3-2-jalustalla, mutta jalusta on tukevampi ja soveltuu paremmin kuvausk\u00e4ytt\u00f6\u00f6n. Tukevuus tuo lis\u00e4mukavuutta my\u00f6s visuaalihavaintoihin. Jalustaan on mahdollista liitt\u00e4\u00e4 napat\u00e4ht\u00e4in ja seurantamoottori.<\/p>\n<p>Kaukoputken tietoja:<br \/>\n&#8211; objektiivin l\u00e4pimitta 127 mm<br \/>\n&#8211; polttov\u00e4li 1500 mm, f\/11,81<br \/>\n&#8211; sis. okulaarit (1,25&#8243;) 10 ja 25 mm<br \/>\n&#8211; n\u00e4it\u00e4 vastaavat suurennukset 60x ja 150x<br \/>\n&#8211; punapiste-etsin<br \/>\n&#8211; putken paino n. 5kg<\/p>\n<p>Jalusta:<br \/>\n&#8211; EQ5-jalusta, sis\u00e4ltyy t\u00e4h\u00e4n pakettihintaan (<a href=\"https:\/\/kauppa.ursa.fi\/kauppa\/tuote\/eq5-jalusta\/\">erikseen ostettaessa: EQ5-jalusta<\/a>)<br \/>\n&#8211; Kaukoputken ja jalustan yhteispaino havaintokunnossa 21 kg<br \/>\n&#8211; Jalustan toista vastapainoa ei tarvitse k\u00e4ytt\u00e4\u00e4 t\u00e4m\u00e4n kaukoputken kanssa.<\/p>\n<p>Ursasta ostettavan kaukoputken hintaan sis\u00e4ltyy lis\u00e4ksi T\u00e4hdet-vuosikirja (sh. 16 \u20ac) sek\u00e4 Kaukoputket &#8211; k\u00e4ytt\u00e4j\u00e4n opas (sh. 15,15 \u20ac).<\/p>\n<p><a href=\"https:\/\/kauppa.ursa.fi\/kauppa\/tuote-osasto\/kaukoputkikauppa\/okulaarit\/\"><b>Okulaarit<\/b><\/a><br \/>\n<a href=\"https:\/\/kauppa.ursa.fi\/kauppa\/tuote-osasto\/kaukoputkikauppa\/lisavarusteet\/\"><b>Lis\u00e4varusteet<\/b><\/a><br \/>\n<a href=\"https:\/\/kauppa.ursa.fi\/kauppa\/kaukoputken-ostajan-opas\/\">Kaukoputken ostajan opas<\/a><br \/>\n<a href=\"https:\/\/kauppa.ursa.fi\/kauppa\/okulaaritaulukko\/\">Okulaaritaulukko<\/a><\/p>\n<hr \/>\n<p><b><br \/>\nUrsan j\u00e4senen\u00e4 saat havaintov\u00e4lineet j\u00e4senhintaan, n. 10% edullisemmin.<\/b><\/p>\n<h3 class=\"keski\"><a href=\"https:\/\/kauppa.ursa.fi\/kauppa\/tuote-osasto\/jasenyys\/\" target=\"_blank\" rel=\"noopener noreferrer\">\u00bb Liity j\u00e4seneksi<\/a><\/h3>\n<hr \/>\n","protected":false},"excerpt":{"rendered":"<p>Sky-Watcher 127-kaukoputki tukevalla EQ5-jalustalla.<\/p>\n<p>P\u00e4ivitett\u00e4viss\u00e4 automaattiseksi <a href=\"https:\/\/kauppa.ursa.fi\/kauppa\/tuote\/sky-watcher-synscan-goto-paivityspaketti-jalustalle\/\" target=\"_blank\" rel=\"noopener noreferrer\">GoTo-jalustaksi<\/a><\/p>\n<p><b>TILAUSTUOTE<\/b><br \/>\nOta yhteytt\u00e4 Ursan toimistoon.<\/p>\n","protected":false},"featured_media":4809,"comment_status":"open","ping_status":"closed","template":"","meta":[],"product_brand":[],"product_cat":[2364,1871,14],"product_tag":[],"class_list":{"0":"post-5682","1":"product","2":"type-product","3":"status-publish","4":"has-post-thumbnail","6":"product_cat-kaukoputket-ja-kiikarit","7":"product_cat-valokuvaukseen","8":"product_cat-kaukoputket","9":"product_shipping_class-havainto2","10":"pa_hintavaihtoehdot-jasenhinta","11":"pa_hintavaihtoehdot-suositushinta","12":"pa_jalustan-tyyppi-ekvatoriaalinen","13":"pa_optiikka-maksutov-cassegrain","14":"pa_valmistaja-skywatcher","16":"first","17":"instock","18":"taxable","19":"shipping-taxable","20":"purchasable","21":"product-type-variable"},"exclude_global_add_ons":[],"addons":[],"_links":{"self":[{"href":"https:\/\/kauppa.ursa.fi\/kauppa\/wp-json\/wp\/v2\/product\/5682","targetHints":{"allow":["GET"]}}],"collection":[{"href":"https:\/\/kauppa.ursa.fi\/kauppa\/wp-json\/wp\/v2\/product"}],"about":[{"href":"https:\/\/kauppa.ursa.fi\/kauppa\/wp-json\/wp\/v2\/types\/product"}],"replies":[{"embeddable":true,"href":"https:\/\/kauppa.ursa.fi\/kauppa\/wp-json\/wp\/v2\/comments?post=5682"}],"wp:featuredmedia":[{"embeddable":true,"href":"https:\/\/kauppa.ursa.fi\/kauppa\/wp-json\/wp\/v2\/media\/4809"}],"wp:attachment":[{"href":"https:\/\/kauppa.ursa.fi\/kauppa\/wp-json\/wp\/v2\/media?parent=5682"}],"wp:term":[{"taxonomy":"product_brand","embeddable":true,"href":"https:\/\/kauppa.ursa.fi\/kauppa\/wp-json\/wp\/v2\/product_brand?post=5682"},{"taxonomy":"product_cat","embeddable":true,"href":"https:\/\/kauppa.ursa.fi\/kauppa\/wp-json\/wp\/v2\/product_cat?post=5682"},{"taxonomy":"product_tag","embeddable":true,"href":"https:\/\/kauppa.ursa.fi\/kauppa\/wp-json\/wp\/v2\/product_tag?post=5682"}],"curies":[{"name":"wp","href":"https:\/\/api.w.org\/{rel}","templated":true}]}}