 

{"id":5686,"date":"2014-08-26T12:34:38","date_gmt":"2014-08-26T09:34:38","guid":{"rendered":"https:\/\/kauppa.ursa.fi\/kauppa\/tuote\/sky-watcher-synscan-goto-paivityspaketti-jalustalle\/"},"modified":"2026-04-02T12:54:48","modified_gmt":"2026-04-02T09:54:48","slug":"sky-watcher-synscan-goto-paivityspaketti-jalustalle","status":"publish","type":"product","link":"https:\/\/kauppa.ursa.fi\/kauppa\/tuote\/sky-watcher-synscan-goto-paivityspaketti-jalustalle\/","title":{"rendered":"Sky-Watcher SynScan GoTo -p\u00e4ivityspaketti EQ3\/5-jalustalle"},"content":{"rendered":"<p>T\u00e4ll\u00e4 asennussarjalla p\u00e4ivit\u00e4t Sky-Watcherin ekvatoriaalisen EQ3-2 tai EQ5-jalustan go-to-kaukoputkeksi. P\u00e4ivityksen j\u00e4lkeen kaukoputki toimii SynScan-k\u00e4ytt\u00f6j\u00e4rjestelm\u00e4ll\u00e4. P\u00e4ivityspaketti on saatavana my\u00f6s HEQ5- ja EQ6-jalustoihin.<\/p>\n<p><b>HUOM!<\/b> Mainitse tilauksen yhteydess\u00e4 jalustasi malli.<\/p>\n<p><strong>HUOM! <\/strong>Tuotteen asennus vaatii tarkkuutta rattaiden ja moottorin kiinnityksen osalta. Tuotteeseen sis\u00e4ltyy ainoastaan valmistajan perusohjeet.<\/p>\n<p>Voit my\u00f6s tiedustella Ursan toimistolta 09 6840 4030.<\/p>\n","protected":false},"excerpt":{"rendered":"<p>Synscan Goto-p\u00e4ivityspaketti asennettavaksi Sky-Watcherin EQ3-2 tai EQ5-jalustaan.<\/p>\n<p>TILAUSTUOTE. Toimitusaika 2-3 viikkoa, tarkemmat tiedot Ursasta.<\/p>\n","protected":false},"featured_media":4813,"comment_status":"open","ping_status":"closed","template":"","meta":[],"product_brand":[],"product_cat":[1870,2064,16],"product_tag":[],"class_list":{"0":"post-5686","1":"product","2":"type-product","3":"status-publish","4":"has-post-thumbnail","6":"product_cat-automaattiset","7":"product_cat-jalustat","8":"product_cat-lisavarusteet","9":"product_shipping_class-lisavaruste","10":"pa_hintavaihtoehdot-jasenhinta","11":"pa_hintavaihtoehdot-suositushinta","12":"pa_valmistaja-skywatcher","14":"first","15":"instock","16":"taxable","17":"shipping-taxable","18":"purchasable","19":"product-type-variable"},"exclude_global_add_ons":[],"addons":[],"_links":{"self":[{"href":"https:\/\/kauppa.ursa.fi\/kauppa\/wp-json\/wp\/v2\/product\/5686","targetHints":{"allow":["GET"]}}],"collection":[{"href":"https:\/\/kauppa.ursa.fi\/kauppa\/wp-json\/wp\/v2\/product"}],"about":[{"href":"https:\/\/kauppa.ursa.fi\/kauppa\/wp-json\/wp\/v2\/types\/product"}],"replies":[{"embeddable":true,"href":"https:\/\/kauppa.ursa.fi\/kauppa\/wp-json\/wp\/v2\/comments?post=5686"}],"wp:featuredmedia":[{"embeddable":true,"href":"https:\/\/kauppa.ursa.fi\/kauppa\/wp-json\/wp\/v2\/media\/4813"}],"wp:attachment":[{"href":"https:\/\/kauppa.ursa.fi\/kauppa\/wp-json\/wp\/v2\/media?parent=5686"}],"wp:term":[{"taxonomy":"product_brand","embeddable":true,"href":"https:\/\/kauppa.ursa.fi\/kauppa\/wp-json\/wp\/v2\/product_brand?post=5686"},{"taxonomy":"product_cat","embeddable":true,"href":"https:\/\/kauppa.ursa.fi\/kauppa\/wp-json\/wp\/v2\/product_cat?post=5686"},{"taxonomy":"product_tag","embeddable":true,"href":"https:\/\/kauppa.ursa.fi\/kauppa\/wp-json\/wp\/v2\/product_tag?post=5686"}],"curies":[{"name":"wp","href":"https:\/\/api.w.org\/{rel}","templated":true}]}}