 

{"id":5687,"date":"2014-08-26T15:59:29","date_gmt":"2014-08-26T12:59:29","guid":{"rendered":"https:\/\/kauppa.ursa.fi\/kauppa\/tuote\/komakorjain-sky-watcher\/"},"modified":"2026-04-02T12:54:03","modified_gmt":"2026-04-02T09:54:03","slug":"komakorjain-sky-watcher","status":"publish","type":"product","link":"https:\/\/kauppa.ursa.fi\/kauppa\/tuote\/komakorjain-sky-watcher\/","title":{"rendered":"Komakorjain, Sky-Watcher"},"content":{"rendered":"<p>Komakorjain v\u00e4hent\u00e4\u00e4 peilikaukoputkille tyypillist\u00e4 komavirhett\u00e4. Komakorjain sopii koonsa puolesta k\u00e4ytett\u00e4v\u00e4ksi my\u00f6s 2&#8243;-okulaarien kanssa. Paketti sis\u00e4lt\u00e4\u00e4 tarvittavat adapterit liitett\u00e4v\u00e4ksi Sky-Watcherin Newton-mallisiin 2&#8243;-okulaarisovittimiin. T\u00e4m\u00e4 tuote sopii mainiosti Explorer-150 kaukoputken kanssa k\u00e4ytett\u00e4v\u00e4ksi.<\/p>\n","protected":false},"excerpt":{"rendered":"<p>2&#8243;-komakorjain Newton-mallisille peilikaukoputkille.<\/p>\n<p>Saatavilla TILAUKSESTA. Tiedustele toimitusaikaa Ursasta.<\/p>\n","protected":false},"featured_media":4814,"comment_status":"open","ping_status":"closed","template":"","meta":[],"product_brand":[],"product_cat":[16],"product_tag":[],"class_list":{"0":"post-5687","1":"product","2":"type-product","3":"status-publish","4":"has-post-thumbnail","6":"product_cat-lisavarusteet","7":"product_shipping_class-lisavaruste","8":"pa_hintavaihtoehdot-jasenhinta","9":"pa_hintavaihtoehdot-suositushinta","10":"pa_tekija-sky-watcher","11":"pa_valmistaja-skywatcher","13":"first","14":"instock","15":"taxable","16":"shipping-taxable","17":"purchasable","18":"product-type-variable"},"exclude_global_add_ons":[],"addons":[],"_links":{"self":[{"href":"https:\/\/kauppa.ursa.fi\/kauppa\/wp-json\/wp\/v2\/product\/5687","targetHints":{"allow":["GET"]}}],"collection":[{"href":"https:\/\/kauppa.ursa.fi\/kauppa\/wp-json\/wp\/v2\/product"}],"about":[{"href":"https:\/\/kauppa.ursa.fi\/kauppa\/wp-json\/wp\/v2\/types\/product"}],"replies":[{"embeddable":true,"href":"https:\/\/kauppa.ursa.fi\/kauppa\/wp-json\/wp\/v2\/comments?post=5687"}],"wp:featuredmedia":[{"embeddable":true,"href":"https:\/\/kauppa.ursa.fi\/kauppa\/wp-json\/wp\/v2\/media\/4814"}],"wp:attachment":[{"href":"https:\/\/kauppa.ursa.fi\/kauppa\/wp-json\/wp\/v2\/media?parent=5687"}],"wp:term":[{"taxonomy":"product_brand","embeddable":true,"href":"https:\/\/kauppa.ursa.fi\/kauppa\/wp-json\/wp\/v2\/product_brand?post=5687"},{"taxonomy":"product_cat","embeddable":true,"href":"https:\/\/kauppa.ursa.fi\/kauppa\/wp-json\/wp\/v2\/product_cat?post=5687"},{"taxonomy":"product_tag","embeddable":true,"href":"https:\/\/kauppa.ursa.fi\/kauppa\/wp-json\/wp\/v2\/product_tag?post=5687"}],"curies":[{"name":"wp","href":"https:\/\/api.w.org\/{rel}","templated":true}]}}